{"id":1007,"date":"2026-04-01T08:16:28","date_gmt":"2026-04-01T08:16:28","guid":{"rendered":"https:\/\/xn--grtter-4ya.de\/?page_id=1007"},"modified":"2026-04-01T13:23:31","modified_gmt":"2026-04-01T13:23:31","slug":"abnehmspritze","status":"publish","type":"page","link":"https:\/\/xn--grtter-4ya.de\/?page_id=1007","title":{"rendered":"Abnehmspritze"},"content":{"rendered":"\n<p>Moderne Gewichtsreduktion mit Mounjaro<\/p>\n\n\n\n<figure class=\"wp-block-image size-large\"><img loading=\"lazy\" decoding=\"async\" width=\"1024\" height=\"587\" src=\"https:\/\/xn--grtter-4ya.de\/wp-content\/uploads\/2026\/04\/1000096024-1024x587.jpg\" alt=\"\" class=\"wp-image-1013\" srcset=\"https:\/\/xn--grtter-4ya.de\/wp-content\/uploads\/2026\/04\/1000096024-1024x587.jpg 1024w, https:\/\/xn--grtter-4ya.de\/wp-content\/uploads\/2026\/04\/1000096024-300x172.jpg 300w, https:\/\/xn--grtter-4ya.de\/wp-content\/uploads\/2026\/04\/1000096024-768x440.jpg 768w, https:\/\/xn--grtter-4ya.de\/wp-content\/uploads\/2026\/04\/1000096024.jpg 1080w\" sizes=\"auto, (max-width: 706px) 89vw, (max-width: 767px) 82vw, 740px\" \/><\/figure>\n\n\n\n<p>Effektiv abnehmen \u2013 medizinisch begleitet.<br>Viele Menschen k\u00e4mpfen trotz Di\u00e4ten und Sport mit ihrem Gewicht.<br>Mit der Abnehmspritze unterst\u00fctzen wir gezielt die hormonelle Regulation von Hunger und S\u00e4ttigung.<br><\/p>\n\n\n\n<ul class=\"wp-block-list\">\n<li>Weniger Hunger<\/li>\n\n\n\n<li>Schneller satt<\/li>\n\n\n\n<li>Nachhaltige Gewichtsabnahme<\/li>\n<\/ul>\n\n\n\n<p>Die Abnehmspritze ist eine moderne Methode zur Gewichtsreduktion. Medizinisch begleitet in unserer Praxis.<\/p>\n","protected":false},"excerpt":{"rendered":"<p>Moderne Gewichtsreduktion mit Mounjaro Effektiv abnehmen \u2013 medizinisch begleitet.Viele Menschen k\u00e4mpfen trotz Di\u00e4ten und Sport mit ihrem Gewicht.Mit der Abnehmspritze unterst\u00fctzen wir gezielt die hormonelle Regulation von Hunger und S\u00e4ttigung. Die Abnehmspritze ist eine moderne Methode zur Gewichtsreduktion. Medizinisch begleitet in unserer Praxis.<\/p>\n","protected":false},"author":1,"featured_media":0,"parent":0,"menu_order":0,"comment_status":"closed","ping_status":"closed","template":"","meta":{"footnotes":""},"class_list":["post-1007","page","type-page","status-publish","hentry"],"yoast_head":"<!-- This site is optimized with the Yoast SEO plugin v27.3 - https:\/\/yoast.com\/product\/yoast-seo-wordpress\/ -->\n<title>Abnehmspritze - Dr. med. Gr\u00fctter<\/title>\n<meta name=\"description\" content=\"Die Abnehmspritze ist eine moderne Methode zur Gewichtsreduktion. Medizinisch begleitet in unserer Praxis.\" \/>\n<meta name=\"robots\" content=\"index, follow, max-snippet:-1, max-image-preview:large, max-video-preview:-1\" \/>\n<link rel=\"canonical\" href=\"https:\/\/xn--grtter-4ya.de\/?page_id=1007\" \/>\n<meta property=\"og:locale\" content=\"de_DE\" \/>\n<meta property=\"og:type\" content=\"article\" \/>\n<meta property=\"og:title\" content=\"Abnehmspritze - Dr. med. Gr\u00fctter\" \/>\n<meta property=\"og:description\" content=\"Die Abnehmspritze ist eine moderne Methode zur Gewichtsreduktion. Medizinisch begleitet in unserer Praxis.\" \/>\n<meta property=\"og:url\" content=\"https:\/\/xn--grtter-4ya.de\/?page_id=1007\" \/>\n<meta property=\"og:site_name\" content=\"Dr. med. Gr\u00fctter\" \/>\n<meta property=\"article:modified_time\" content=\"2026-04-01T13:23:31+00:00\" \/>\n<meta property=\"og:image\" content=\"https:\/\/xn--grtter-4ya.de\/wp-content\/uploads\/2026\/04\/1000096024-1024x587.jpg\" \/>\n<meta name=\"twitter:card\" content=\"summary_large_image\" \/>\n<meta name=\"twitter:label1\" content=\"Gesch\u00e4tzte Lesezeit\" \/>\n\t<meta name=\"twitter:data1\" content=\"1\u00a0Minute\" \/>\n<script type=\"application\/ld+json\" class=\"yoast-schema-graph\">{\"@context\":\"https:\\\/\\\/schema.org\",\"@graph\":[{\"@type\":\"WebPage\",\"@id\":\"https:\\\/\\\/xn--grtter-4ya.de\\\/?page_id=1007\",\"url\":\"https:\\\/\\\/xn--grtter-4ya.de\\\/?page_id=1007\",\"name\":\"Abnehmspritze - Dr. med. Gr\u00fctter\",\"isPartOf\":{\"@id\":\"http:\\\/\\\/xn--grtter-4ya.de\\\/#website\"},\"primaryImageOfPage\":{\"@id\":\"https:\\\/\\\/xn--grtter-4ya.de\\\/?page_id=1007#primaryimage\"},\"image\":{\"@id\":\"https:\\\/\\\/xn--grtter-4ya.de\\\/?page_id=1007#primaryimage\"},\"thumbnailUrl\":\"https:\\\/\\\/xn--grtter-4ya.de\\\/wp-content\\\/uploads\\\/2026\\\/04\\\/1000096024-1024x587.jpg\",\"datePublished\":\"2026-04-01T08:16:28+00:00\",\"dateModified\":\"2026-04-01T13:23:31+00:00\",\"description\":\"Die Abnehmspritze ist eine moderne Methode zur Gewichtsreduktion. Medizinisch begleitet in unserer Praxis.\",\"breadcrumb\":{\"@id\":\"https:\\\/\\\/xn--grtter-4ya.de\\\/?page_id=1007#breadcrumb\"},\"inLanguage\":\"de\",\"potentialAction\":[{\"@type\":\"ReadAction\",\"target\":[\"https:\\\/\\\/xn--grtter-4ya.de\\\/?page_id=1007\"]}]},{\"@type\":\"ImageObject\",\"inLanguage\":\"de\",\"@id\":\"https:\\\/\\\/xn--grtter-4ya.de\\\/?page_id=1007#primaryimage\",\"url\":\"https:\\\/\\\/xn--grtter-4ya.de\\\/wp-content\\\/uploads\\\/2026\\\/04\\\/1000096024.jpg\",\"contentUrl\":\"https:\\\/\\\/xn--grtter-4ya.de\\\/wp-content\\\/uploads\\\/2026\\\/04\\\/1000096024.jpg\",\"width\":1080,\"height\":619},{\"@type\":\"BreadcrumbList\",\"@id\":\"https:\\\/\\\/xn--grtter-4ya.de\\\/?page_id=1007#breadcrumb\",\"itemListElement\":[{\"@type\":\"ListItem\",\"position\":1,\"name\":\"Startseite\",\"item\":\"http:\\\/\\\/xn--grtter-4ya.de\\\/\"},{\"@type\":\"ListItem\",\"position\":2,\"name\":\"Abnehmspritze\"}]},{\"@type\":\"WebSite\",\"@id\":\"http:\\\/\\\/xn--grtter-4ya.de\\\/#website\",\"url\":\"http:\\\/\\\/xn--grtter-4ya.de\\\/\",\"name\":\"Dr. med. Gr\u00fctter\",\"description\":\"Frauenarztpraxis Ahaus-W\u00fcllen\",\"publisher\":{\"@id\":\"http:\\\/\\\/xn--grtter-4ya.de\\\/#organization\"},\"potentialAction\":[{\"@type\":\"SearchAction\",\"target\":{\"@type\":\"EntryPoint\",\"urlTemplate\":\"http:\\\/\\\/xn--grtter-4ya.de\\\/?s={search_term_string}\"},\"query-input\":{\"@type\":\"PropertyValueSpecification\",\"valueRequired\":true,\"valueName\":\"search_term_string\"}}],\"inLanguage\":\"de\"},{\"@type\":\"Organization\",\"@id\":\"http:\\\/\\\/xn--grtter-4ya.de\\\/#organization\",\"name\":\"Dr. med. Gr\u00fctter\",\"url\":\"http:\\\/\\\/xn--grtter-4ya.de\\\/\",\"logo\":{\"@type\":\"ImageObject\",\"inLanguage\":\"de\",\"@id\":\"http:\\\/\\\/xn--grtter-4ya.de\\\/#\\\/schema\\\/logo\\\/image\\\/\",\"url\":\"http:\\\/\\\/xn--grtter-4ya.de\\\/wp-content\\\/uploads\\\/2020\\\/03\\\/logo_praxis.gif\",\"contentUrl\":\"http:\\\/\\\/xn--grtter-4ya.de\\\/wp-content\\\/uploads\\\/2020\\\/03\\\/logo_praxis.gif\",\"width\":500,\"height\":302,\"caption\":\"Dr. med. Gr\u00fctter\"},\"image\":{\"@id\":\"http:\\\/\\\/xn--grtter-4ya.de\\\/#\\\/schema\\\/logo\\\/image\\\/\"}}]}<\/script>\n<!-- \/ Yoast SEO plugin. -->","yoast_head_json":{"title":"Abnehmspritze - Dr. med. Gr\u00fctter","description":"Die Abnehmspritze ist eine moderne Methode zur Gewichtsreduktion. Medizinisch begleitet in unserer Praxis.","robots":{"index":"index","follow":"follow","max-snippet":"max-snippet:-1","max-image-preview":"max-image-preview:large","max-video-preview":"max-video-preview:-1"},"canonical":"https:\/\/xn--grtter-4ya.de\/?page_id=1007","og_locale":"de_DE","og_type":"article","og_title":"Abnehmspritze - Dr. med. Gr\u00fctter","og_description":"Die Abnehmspritze ist eine moderne Methode zur Gewichtsreduktion. Medizinisch begleitet in unserer Praxis.","og_url":"https:\/\/xn--grtter-4ya.de\/?page_id=1007","og_site_name":"Dr. med. Gr\u00fctter","article_modified_time":"2026-04-01T13:23:31+00:00","og_image":[{"url":"https:\/\/xn--grtter-4ya.de\/wp-content\/uploads\/2026\/04\/1000096024-1024x587.jpg","type":"","width":"","height":""}],"twitter_card":"summary_large_image","twitter_misc":{"Gesch\u00e4tzte Lesezeit":"1\u00a0Minute"},"schema":{"@context":"https:\/\/schema.org","@graph":[{"@type":"WebPage","@id":"https:\/\/xn--grtter-4ya.de\/?page_id=1007","url":"https:\/\/xn--grtter-4ya.de\/?page_id=1007","name":"Abnehmspritze - Dr. med. Gr\u00fctter","isPartOf":{"@id":"http:\/\/xn--grtter-4ya.de\/#website"},"primaryImageOfPage":{"@id":"https:\/\/xn--grtter-4ya.de\/?page_id=1007#primaryimage"},"image":{"@id":"https:\/\/xn--grtter-4ya.de\/?page_id=1007#primaryimage"},"thumbnailUrl":"https:\/\/xn--grtter-4ya.de\/wp-content\/uploads\/2026\/04\/1000096024-1024x587.jpg","datePublished":"2026-04-01T08:16:28+00:00","dateModified":"2026-04-01T13:23:31+00:00","description":"Die Abnehmspritze ist eine moderne Methode zur Gewichtsreduktion. Medizinisch begleitet in unserer Praxis.","breadcrumb":{"@id":"https:\/\/xn--grtter-4ya.de\/?page_id=1007#breadcrumb"},"inLanguage":"de","potentialAction":[{"@type":"ReadAction","target":["https:\/\/xn--grtter-4ya.de\/?page_id=1007"]}]},{"@type":"ImageObject","inLanguage":"de","@id":"https:\/\/xn--grtter-4ya.de\/?page_id=1007#primaryimage","url":"https:\/\/xn--grtter-4ya.de\/wp-content\/uploads\/2026\/04\/1000096024.jpg","contentUrl":"https:\/\/xn--grtter-4ya.de\/wp-content\/uploads\/2026\/04\/1000096024.jpg","width":1080,"height":619},{"@type":"BreadcrumbList","@id":"https:\/\/xn--grtter-4ya.de\/?page_id=1007#breadcrumb","itemListElement":[{"@type":"ListItem","position":1,"name":"Startseite","item":"http:\/\/xn--grtter-4ya.de\/"},{"@type":"ListItem","position":2,"name":"Abnehmspritze"}]},{"@type":"WebSite","@id":"http:\/\/xn--grtter-4ya.de\/#website","url":"http:\/\/xn--grtter-4ya.de\/","name":"Dr. med. Gr\u00fctter","description":"Frauenarztpraxis Ahaus-W\u00fcllen","publisher":{"@id":"http:\/\/xn--grtter-4ya.de\/#organization"},"potentialAction":[{"@type":"SearchAction","target":{"@type":"EntryPoint","urlTemplate":"http:\/\/xn--grtter-4ya.de\/?s={search_term_string}"},"query-input":{"@type":"PropertyValueSpecification","valueRequired":true,"valueName":"search_term_string"}}],"inLanguage":"de"},{"@type":"Organization","@id":"http:\/\/xn--grtter-4ya.de\/#organization","name":"Dr. med. Gr\u00fctter","url":"http:\/\/xn--grtter-4ya.de\/","logo":{"@type":"ImageObject","inLanguage":"de","@id":"http:\/\/xn--grtter-4ya.de\/#\/schema\/logo\/image\/","url":"http:\/\/xn--grtter-4ya.de\/wp-content\/uploads\/2020\/03\/logo_praxis.gif","contentUrl":"http:\/\/xn--grtter-4ya.de\/wp-content\/uploads\/2020\/03\/logo_praxis.gif","width":500,"height":302,"caption":"Dr. med. Gr\u00fctter"},"image":{"@id":"http:\/\/xn--grtter-4ya.de\/#\/schema\/logo\/image\/"}}]}},"_links":{"self":[{"href":"https:\/\/xn--grtter-4ya.de\/index.php?rest_route=\/wp\/v2\/pages\/1007","targetHints":{"allow":["GET"]}}],"collection":[{"href":"https:\/\/xn--grtter-4ya.de\/index.php?rest_route=\/wp\/v2\/pages"}],"about":[{"href":"https:\/\/xn--grtter-4ya.de\/index.php?rest_route=\/wp\/v2\/types\/page"}],"author":[{"embeddable":true,"href":"https:\/\/xn--grtter-4ya.de\/index.php?rest_route=\/wp\/v2\/users\/1"}],"replies":[{"embeddable":true,"href":"https:\/\/xn--grtter-4ya.de\/index.php?rest_route=%2Fwp%2Fv2%2Fcomments&post=1007"}],"version-history":[{"count":3,"href":"https:\/\/xn--grtter-4ya.de\/index.php?rest_route=\/wp\/v2\/pages\/1007\/revisions"}],"predecessor-version":[{"id":1014,"href":"https:\/\/xn--grtter-4ya.de\/index.php?rest_route=\/wp\/v2\/pages\/1007\/revisions\/1014"}],"wp:attachment":[{"href":"https:\/\/xn--grtter-4ya.de\/index.php?rest_route=%2Fwp%2Fv2%2Fmedia&parent=1007"}],"curies":[{"name":"wp","href":"https:\/\/api.w.org\/{rel}","templated":true}]}}