{"id":773,"date":"2024-01-10T07:50:50","date_gmt":"2024-01-10T07:50:50","guid":{"rendered":"https:\/\/xn--grtter-4ya.de\/?page_id=773"},"modified":"2025-04-18T16:15:37","modified_gmt":"2025-04-18T16:15:37","slug":"laserbehandlung-ahaus-borken","status":"publish","type":"page","link":"http:\/\/xn--grtter-4ya.de\/?page_id=773","title":{"rendered":"Laserbehandlung"},"content":{"rendered":"\n<figure class=\"wp-block-image size-large\"><img loading=\"lazy\" decoding=\"async\" width=\"1024\" height=\"462\" src=\"https:\/\/xn--grtter-4ya.de\/wp-content\/uploads\/2024\/01\/1000003617-1-1024x462.jpg\" alt=\"\" class=\"wp-image-810\" srcset=\"http:\/\/xn--grtter-4ya.de\/wp-content\/uploads\/2024\/01\/1000003617-1-1024x462.jpg 1024w, http:\/\/xn--grtter-4ya.de\/wp-content\/uploads\/2024\/01\/1000003617-1-300x135.jpg 300w, http:\/\/xn--grtter-4ya.de\/wp-content\/uploads\/2024\/01\/1000003617-1-768x346.jpg 768w, http:\/\/xn--grtter-4ya.de\/wp-content\/uploads\/2024\/01\/1000003617-1.jpg 1280w\" sizes=\"auto, (max-width: 706px) 89vw, (max-width: 767px) 82vw, 740px\" \/><\/figure>\n\n\n\n<p class=\"has-text-align-center has-vivid-purple-color has-text-color has-link-color has-medium-font-size wp-elements-c8f71564c5f512ffd4a840110d1f832c\" id=\"Laserbehandlung_Anker\">Laserbehandlung, die eine Vielzahl von gyn\u00e4kologischen Beschwerden lindern kann<\/p>\n\n\n\n<p class=\"has-text-align-center has-vivid-purple-color has-text-color has-link-color has-medium-font-size wp-elements-e114859b33419fe3b3e2ffd8e4a360e2\">vulvovaginale Atrophie<\/p>\n\n\n\n<p class=\"has-text-align-left has-black-color has-text-color has-link-color has-medium-font-size wp-elements-a5922bc326844eed6c6b671ef8efa0af\">Beschwerden wie&nbsp;<strong><a href=\"https:\/\/de.wikipedia.org\/wiki\/Lubrikationsmangel\">Scheidentrockenheit<\/a>&nbsp;<\/strong> und   Schmerzen beim Geschlechtsverkehr <\/p>\n\n\n\n<p class=\"has-text-align-center has-vivid-purple-color has-text-color has-link-color has-medium-font-size wp-elements-00db658b53f93d485c17564bd1b47705\">Belastungsinkontinenz<\/p>\n\n\n\n<p class=\"has-medium-font-size\">Zu den h\u00e4ufigsten Ursachen f\u00fcr eine&nbsp;Belastungsinkontinenz bei Frauen geh\u00f6ren:<\/p>\n\n\n\n<ul class=\"wp-block-list\">\n<li class=\"has-medium-font-size\"><strong>Schwangerschaften<\/strong><\/li>\n\n\n\n<li class=\"has-medium-font-size\">vaginale <strong>Geburten<\/strong><\/li>\n<\/ul>\n\n\n\n<p class=\"has-text-align-center has-vivid-purple-color has-text-color has-link-color has-medium-font-size wp-elements-83b1901610dce76fb23ff67ad0fbe9f6\">Lichen sclerosus<\/p>\n\n\n\n<p class=\"has-medium-font-size\">fleckige wei\u00dfe <strong>Hautver\u00e4nderungen <\/strong>mit Sklerose (Vernarbung) der Dermis (Lederhaut), die meistens im <strong>Genitalbereich <\/strong>auftreten<\/p>\n\n\n\n<p class=\"has-text-align-center has-x-large-font-size\"><a href=\"https:\/\/emea01.safelinks.protection.outlook.com\/?url=https%3A%2F%2Fyoutu.be%2FyY-o5n44NFw&amp;data=05%7C02%7C%7Cc9e2e178251d485d2dcd08dc4ff200bd%7C84df9e7fe9f640afb435aaaaaaaaaaaa%7C1%7C0%7C638473148003394823%7CUnknown%7CTWFpbGZsb3d8eyJWIjoiMC4wLjAwMDAiLCJQIjoiV2luMzIiLCJBTiI6Ik1haWwiLCJXVCI6Mn0%3D%7C0%7C%7C%7C&amp;sdata=1yWU9%2BmeDuokmA4pk20Do4iEvC%2FT4my3NktN1cFvbbk%3D&amp;reserved=0\">Video<\/a><\/p>\n\n\n","protected":false},"excerpt":{"rendered":"<p>Laserbehandlung, die eine Vielzahl von gyn\u00e4kologischen Beschwerden lindern kann vulvovaginale Atrophie Beschwerden wie&nbsp;Scheidentrockenheit&nbsp; und Schmerzen beim Geschlechtsverkehr Belastungsinkontinenz Zu den h\u00e4ufigsten Ursachen f\u00fcr eine&nbsp;Belastungsinkontinenz bei Frauen geh\u00f6ren: Lichen sclerosus fleckige wei\u00dfe Hautver\u00e4nderungen mit Sklerose (Vernarbung) der Dermis (Lederhaut), die meistens im Genitalbereich auftreten Video<\/p>\n","protected":false},"author":1,"featured_media":0,"parent":0,"menu_order":0,"comment_status":"closed","ping_status":"closed","template":"","meta":{"footnotes":""},"class_list":["post-773","page","type-page","status-publish","hentry"],"yoast_head":"<!-- This site is optimized with the Yoast SEO plugin v27.4 - https:\/\/yoast.com\/product\/yoast-seo-wordpress\/ -->\n<title>Laserbehandlung - Dr. med. Gr\u00fctter - Zentrum f\u00fcr Frauengesundheit<\/title>\n<meta name=\"description\" content=\"vaginale Laserbehandlung (Femilift) in Frauenarztpraxis Ahaus Borken - Intimverj\u00fcngerung sanfte Behandlung mit moderner Lasertechnologie ohne OP\" \/>\n<meta name=\"robots\" content=\"index, follow, max-snippet:-1, max-image-preview:large, max-video-preview:-1\" \/>\n<link rel=\"canonical\" href=\"https:\/\/xn--grtter-4ya.de\/?page_id=773\" \/>\n<meta property=\"og:locale\" content=\"de_DE\" \/>\n<meta property=\"og:type\" content=\"article\" \/>\n<meta property=\"og:title\" content=\"Laserbehandlung - Dr. med. Gr\u00fctter - Zentrum f\u00fcr Frauengesundheit\" \/>\n<meta property=\"og:description\" content=\"vaginale Laserbehandlung (Femilift) in Frauenarztpraxis Ahaus Borken - Intimverj\u00fcngerung sanfte Behandlung mit moderner Lasertechnologie ohne OP\" \/>\n<meta property=\"og:url\" content=\"https:\/\/xn--grtter-4ya.de\/?page_id=773\" \/>\n<meta property=\"og:site_name\" content=\"Dr. med. Gr\u00fctter - Zentrum f\u00fcr Frauengesundheit\" \/>\n<meta property=\"article:modified_time\" content=\"2025-04-18T16:15:37+00:00\" \/>\n<meta property=\"og:image\" content=\"https:\/\/xn--grtter-4ya.de\/wp-content\/uploads\/2024\/01\/1000003617-1-1024x462.jpg\" \/>\n<meta name=\"twitter:card\" content=\"summary_large_image\" \/>\n<meta name=\"twitter:label1\" content=\"Gesch\u00e4tzte Lesezeit\" \/>\n\t<meta name=\"twitter:data1\" content=\"1\u00a0Minute\" \/>\n<script type=\"application\/ld+json\" class=\"yoast-schema-graph\">{\"@context\":\"https:\\\/\\\/schema.org\",\"@graph\":[{\"@type\":\"WebPage\",\"@id\":\"https:\\\/\\\/xn--grtter-4ya.de\\\/?page_id=773\",\"url\":\"https:\\\/\\\/xn--grtter-4ya.de\\\/?page_id=773\",\"name\":\"Laserbehandlung - Dr. med. Gr\u00fctter - Zentrum f\u00fcr Frauengesundheit\",\"isPartOf\":{\"@id\":\"http:\\\/\\\/xn--grtter-4ya.de\\\/#website\"},\"primaryImageOfPage\":{\"@id\":\"https:\\\/\\\/xn--grtter-4ya.de\\\/?page_id=773#primaryimage\"},\"image\":{\"@id\":\"https:\\\/\\\/xn--grtter-4ya.de\\\/?page_id=773#primaryimage\"},\"thumbnailUrl\":\"https:\\\/\\\/xn--grtter-4ya.de\\\/wp-content\\\/uploads\\\/2024\\\/01\\\/1000003617-1-1024x462.jpg\",\"datePublished\":\"2024-01-10T07:50:50+00:00\",\"dateModified\":\"2025-04-18T16:15:37+00:00\",\"description\":\"vaginale Laserbehandlung (Femilift) in Frauenarztpraxis Ahaus Borken - Intimverj\u00fcngerung sanfte Behandlung mit moderner Lasertechnologie ohne OP\",\"breadcrumb\":{\"@id\":\"https:\\\/\\\/xn--grtter-4ya.de\\\/?page_id=773#breadcrumb\"},\"inLanguage\":\"de\",\"potentialAction\":[{\"@type\":\"ReadAction\",\"target\":[\"https:\\\/\\\/xn--grtter-4ya.de\\\/?page_id=773\"]}]},{\"@type\":\"ImageObject\",\"inLanguage\":\"de\",\"@id\":\"https:\\\/\\\/xn--grtter-4ya.de\\\/?page_id=773#primaryimage\",\"url\":\"http:\\\/\\\/xn--grtter-4ya.de\\\/wp-content\\\/uploads\\\/2024\\\/01\\\/1000003617-1.jpg\",\"contentUrl\":\"http:\\\/\\\/xn--grtter-4ya.de\\\/wp-content\\\/uploads\\\/2024\\\/01\\\/1000003617-1.jpg\",\"width\":1280,\"height\":577},{\"@type\":\"BreadcrumbList\",\"@id\":\"https:\\\/\\\/xn--grtter-4ya.de\\\/?page_id=773#breadcrumb\",\"itemListElement\":[{\"@type\":\"ListItem\",\"position\":1,\"name\":\"Startseite\",\"item\":\"http:\\\/\\\/xn--grtter-4ya.de\\\/\"},{\"@type\":\"ListItem\",\"position\":2,\"name\":\"Laserbehandlung\"}]},{\"@type\":\"WebSite\",\"@id\":\"http:\\\/\\\/xn--grtter-4ya.de\\\/#website\",\"url\":\"http:\\\/\\\/xn--grtter-4ya.de\\\/\",\"name\":\"Dr. med. Gr\u00fctter\",\"description\":\"\",\"publisher\":{\"@id\":\"http:\\\/\\\/xn--grtter-4ya.de\\\/#organization\"},\"potentialAction\":[{\"@type\":\"SearchAction\",\"target\":{\"@type\":\"EntryPoint\",\"urlTemplate\":\"http:\\\/\\\/xn--grtter-4ya.de\\\/?s={search_term_string}\"},\"query-input\":{\"@type\":\"PropertyValueSpecification\",\"valueRequired\":true,\"valueName\":\"search_term_string\"}}],\"inLanguage\":\"de\"},{\"@type\":\"Organization\",\"@id\":\"http:\\\/\\\/xn--grtter-4ya.de\\\/#organization\",\"name\":\"Dr. med. Gr\u00fctter\",\"url\":\"http:\\\/\\\/xn--grtter-4ya.de\\\/\",\"logo\":{\"@type\":\"ImageObject\",\"inLanguage\":\"de\",\"@id\":\"http:\\\/\\\/xn--grtter-4ya.de\\\/#\\\/schema\\\/logo\\\/image\\\/\",\"url\":\"http:\\\/\\\/xn--grtter-4ya.de\\\/wp-content\\\/uploads\\\/2020\\\/03\\\/logo_praxis.gif\",\"contentUrl\":\"http:\\\/\\\/xn--grtter-4ya.de\\\/wp-content\\\/uploads\\\/2020\\\/03\\\/logo_praxis.gif\",\"width\":500,\"height\":302,\"caption\":\"Dr. med. Gr\u00fctter\"},\"image\":{\"@id\":\"http:\\\/\\\/xn--grtter-4ya.de\\\/#\\\/schema\\\/logo\\\/image\\\/\"}}]}<\/script>\n<!-- \/ Yoast SEO plugin. -->","yoast_head_json":{"title":"Laserbehandlung - Dr. med. Gr\u00fctter - Zentrum f\u00fcr Frauengesundheit","description":"vaginale Laserbehandlung (Femilift) in Frauenarztpraxis Ahaus Borken - Intimverj\u00fcngerung sanfte Behandlung mit moderner Lasertechnologie ohne OP","robots":{"index":"index","follow":"follow","max-snippet":"max-snippet:-1","max-image-preview":"max-image-preview:large","max-video-preview":"max-video-preview:-1"},"canonical":"https:\/\/xn--grtter-4ya.de\/?page_id=773","og_locale":"de_DE","og_type":"article","og_title":"Laserbehandlung - Dr. med. Gr\u00fctter - Zentrum f\u00fcr Frauengesundheit","og_description":"vaginale Laserbehandlung (Femilift) in Frauenarztpraxis Ahaus Borken - Intimverj\u00fcngerung sanfte Behandlung mit moderner Lasertechnologie ohne OP","og_url":"https:\/\/xn--grtter-4ya.de\/?page_id=773","og_site_name":"Dr. med. Gr\u00fctter - Zentrum f\u00fcr Frauengesundheit","article_modified_time":"2025-04-18T16:15:37+00:00","og_image":[{"url":"https:\/\/xn--grtter-4ya.de\/wp-content\/uploads\/2024\/01\/1000003617-1-1024x462.jpg","type":"","width":"","height":""}],"twitter_card":"summary_large_image","twitter_misc":{"Gesch\u00e4tzte Lesezeit":"1\u00a0Minute"},"schema":{"@context":"https:\/\/schema.org","@graph":[{"@type":"WebPage","@id":"https:\/\/xn--grtter-4ya.de\/?page_id=773","url":"https:\/\/xn--grtter-4ya.de\/?page_id=773","name":"Laserbehandlung - Dr. med. Gr\u00fctter - Zentrum f\u00fcr Frauengesundheit","isPartOf":{"@id":"http:\/\/xn--grtter-4ya.de\/#website"},"primaryImageOfPage":{"@id":"https:\/\/xn--grtter-4ya.de\/?page_id=773#primaryimage"},"image":{"@id":"https:\/\/xn--grtter-4ya.de\/?page_id=773#primaryimage"},"thumbnailUrl":"https:\/\/xn--grtter-4ya.de\/wp-content\/uploads\/2024\/01\/1000003617-1-1024x462.jpg","datePublished":"2024-01-10T07:50:50+00:00","dateModified":"2025-04-18T16:15:37+00:00","description":"vaginale Laserbehandlung (Femilift) in Frauenarztpraxis Ahaus Borken - Intimverj\u00fcngerung sanfte Behandlung mit moderner Lasertechnologie ohne OP","breadcrumb":{"@id":"https:\/\/xn--grtter-4ya.de\/?page_id=773#breadcrumb"},"inLanguage":"de","potentialAction":[{"@type":"ReadAction","target":["https:\/\/xn--grtter-4ya.de\/?page_id=773"]}]},{"@type":"ImageObject","inLanguage":"de","@id":"https:\/\/xn--grtter-4ya.de\/?page_id=773#primaryimage","url":"http:\/\/xn--grtter-4ya.de\/wp-content\/uploads\/2024\/01\/1000003617-1.jpg","contentUrl":"http:\/\/xn--grtter-4ya.de\/wp-content\/uploads\/2024\/01\/1000003617-1.jpg","width":1280,"height":577},{"@type":"BreadcrumbList","@id":"https:\/\/xn--grtter-4ya.de\/?page_id=773#breadcrumb","itemListElement":[{"@type":"ListItem","position":1,"name":"Startseite","item":"http:\/\/xn--grtter-4ya.de\/"},{"@type":"ListItem","position":2,"name":"Laserbehandlung"}]},{"@type":"WebSite","@id":"http:\/\/xn--grtter-4ya.de\/#website","url":"http:\/\/xn--grtter-4ya.de\/","name":"Dr. med. Gr\u00fctter","description":"","publisher":{"@id":"http:\/\/xn--grtter-4ya.de\/#organization"},"potentialAction":[{"@type":"SearchAction","target":{"@type":"EntryPoint","urlTemplate":"http:\/\/xn--grtter-4ya.de\/?s={search_term_string}"},"query-input":{"@type":"PropertyValueSpecification","valueRequired":true,"valueName":"search_term_string"}}],"inLanguage":"de"},{"@type":"Organization","@id":"http:\/\/xn--grtter-4ya.de\/#organization","name":"Dr. med. Gr\u00fctter","url":"http:\/\/xn--grtter-4ya.de\/","logo":{"@type":"ImageObject","inLanguage":"de","@id":"http:\/\/xn--grtter-4ya.de\/#\/schema\/logo\/image\/","url":"http:\/\/xn--grtter-4ya.de\/wp-content\/uploads\/2020\/03\/logo_praxis.gif","contentUrl":"http:\/\/xn--grtter-4ya.de\/wp-content\/uploads\/2020\/03\/logo_praxis.gif","width":500,"height":302,"caption":"Dr. med. Gr\u00fctter"},"image":{"@id":"http:\/\/xn--grtter-4ya.de\/#\/schema\/logo\/image\/"}}]}},"_links":{"self":[{"href":"http:\/\/xn--grtter-4ya.de\/index.php?rest_route=\/wp\/v2\/pages\/773","targetHints":{"allow":["GET"]}}],"collection":[{"href":"http:\/\/xn--grtter-4ya.de\/index.php?rest_route=\/wp\/v2\/pages"}],"about":[{"href":"http:\/\/xn--grtter-4ya.de\/index.php?rest_route=\/wp\/v2\/types\/page"}],"author":[{"embeddable":true,"href":"http:\/\/xn--grtter-4ya.de\/index.php?rest_route=\/wp\/v2\/users\/1"}],"replies":[{"embeddable":true,"href":"http:\/\/xn--grtter-4ya.de\/index.php?rest_route=%2Fwp%2Fv2%2Fcomments&post=773"}],"version-history":[{"count":12,"href":"http:\/\/xn--grtter-4ya.de\/index.php?rest_route=\/wp\/v2\/pages\/773\/revisions"}],"predecessor-version":[{"id":909,"href":"http:\/\/xn--grtter-4ya.de\/index.php?rest_route=\/wp\/v2\/pages\/773\/revisions\/909"}],"wp:attachment":[{"href":"http:\/\/xn--grtter-4ya.de\/index.php?rest_route=%2Fwp%2Fv2%2Fmedia&parent=773"}],"curies":[{"name":"wp","href":"https:\/\/api.w.org\/{rel}","templated":true}]}}