{"id":565,"date":"2022-06-06T10:32:29","date_gmt":"2022-06-06T10:32:29","guid":{"rendered":"http:\/\/xn--grtter-4ya.de\/?page_id=565"},"modified":"2025-04-18T16:07:20","modified_gmt":"2025-04-18T16:07:20","slug":"plasmatherapie-in-der-gynaekologie-prp","status":"publish","type":"page","link":"http:\/\/xn--grtter-4ya.de\/?page_id=565","title":{"rendered":"Plasmatherapie in der Gyn\u00e4kologie (PRP)"},"content":{"rendered":"\n<p class=\"has-vivid-cyan-blue-color has-text-color has-large-font-size\">Die PRP Therapie wird ambulant durchgef\u00fchrt.<\/p>\n\n\n\n<p class=\"has-vivid-cyan-blue-color has-text-color has-medium-font-size\">Der Patientin wird eine kleine Menge ven\u00f6ses Blut in einem sterilen R\u00f6hrchen entnommen und im Labor nach einem speziellen Verfahren aufbereitet.<\/p>\n\n\n\n<p class=\"has-vivid-cyan-blue-color has-text-color has-medium-font-size\">In den behandelten Geweben werden Thrombozyten aktiviert und setzen Wachstumsfaktoren frei.<\/p>\n\n\n\n<p class=\"has-vivid-cyan-blue-color has-text-color has-medium-font-size\">Das gewonnene Plasma wird durch mehrere Mikroinjektionen in die Vaginalschleimhaut injiziert.<\/p>\n\n\n\n<p class=\"has-vivid-cyan-blue-color has-text-color has-medium-font-size\">Dadurch wird die Bildung neuer Blutgef\u00e4\u00dfe, die Blutversorgung und der Gewebestoffwechsel verbessert.<\/p>\n\n\n\n<p class=\"has-vivid-cyan-blue-color has-text-color has-medium-font-size\">In der Gyn\u00e4kologie wird die PRP Behandlung in folgenden F\u00e4llen eingesetzt:<\/p>\n\n\n\n<ul class=\"has-pale-pink-color has-text-color has-medium-font-size wp-block-list\"><li>altersbedingte Ver\u00e4nderung an den weiblichen Genitalien werden korrigiert<\/li><li>Linderung der Schmerzen beim Geschlechtsverkehr durch Trockenheit<\/li><li>Behandlung der Lichen sclerosus (Juckreiz und Brennen im Schamlippenbereich)<\/li><li>Postoperative Narben nach der Geburt<\/li><li>Behandlung der Entz\u00fcndung des Geb\u00e4rmutterhalses<\/li><li>Wiederherstellung der Mikroflora bei wiederkehrender Vaginalinfektion<\/li><li>Steigerung der Orgasmusf\u00e4higkeit<\/li><\/ul>\n","protected":false},"excerpt":{"rendered":"<p>Die PRP Therapie wird ambulant durchgef\u00fchrt. Der Patientin wird eine kleine Menge ven\u00f6ses Blut in einem sterilen R\u00f6hrchen entnommen und im Labor nach einem speziellen Verfahren aufbereitet. In den behandelten Geweben werden Thrombozyten aktiviert und setzen Wachstumsfaktoren frei. Das gewonnene Plasma wird durch mehrere Mikroinjektionen in die Vaginalschleimhaut injiziert. Dadurch wird die Bildung neuer Blutgef\u00e4\u00dfe, &hellip; <\/p>\n<p class=\"link-more\"><a href=\"http:\/\/xn--grtter-4ya.de\/?page_id=565\" class=\"more-link\"><span class=\"screen-reader-text\">\u201ePlasmatherapie in der Gyn\u00e4kologie (PRP)\u201c <\/span>weiterlesen<\/a><\/p>\n","protected":false},"author":1,"featured_media":0,"parent":0,"menu_order":0,"comment_status":"closed","ping_status":"closed","template":"","meta":{"footnotes":""},"class_list":["post-565","page","type-page","status-publish","hentry"],"yoast_head":"<!-- This site is optimized with the Yoast SEO plugin v27.5 - https:\/\/yoast.com\/product\/yoast-seo-wordpress\/ -->\n<title>Plasmatherapie in der Gyn\u00e4kologie (PRP) - Dr. med. Gr\u00fctter - Zentrum f\u00fcr Frauengesundheit<\/title>\n<meta name=\"description\" content=\"Therapie im Intimbereich Regeneration durch Eigenplasma zur Behandlung von vaginaler Trockenheit, Schmerzen und Steigerung der Empfindsamkeit\" \/>\n<meta name=\"robots\" content=\"index, follow, max-snippet:-1, max-image-preview:large, max-video-preview:-1\" \/>\n<link rel=\"canonical\" href=\"https:\/\/xn--grtter-4ya.de\/?page_id=565\" \/>\n<meta property=\"og:locale\" content=\"de_DE\" \/>\n<meta property=\"og:type\" content=\"article\" \/>\n<meta property=\"og:title\" content=\"Plasmatherapie in der Gyn\u00e4kologie (PRP) - Dr. med. Gr\u00fctter - Zentrum f\u00fcr Frauengesundheit\" \/>\n<meta property=\"og:description\" content=\"Therapie im Intimbereich Regeneration durch Eigenplasma zur Behandlung von vaginaler Trockenheit, Schmerzen und Steigerung der Empfindsamkeit\" \/>\n<meta property=\"og:url\" content=\"https:\/\/xn--grtter-4ya.de\/?page_id=565\" \/>\n<meta property=\"og:site_name\" content=\"Dr. med. Gr\u00fctter - Zentrum f\u00fcr Frauengesundheit\" \/>\n<meta property=\"article:modified_time\" content=\"2025-04-18T16:07:20+00:00\" \/>\n<meta name=\"twitter:card\" content=\"summary_large_image\" \/>\n<meta name=\"twitter:label1\" content=\"Gesch\u00e4tzte Lesezeit\" \/>\n\t<meta name=\"twitter:data1\" content=\"1\u00a0Minute\" \/>\n<script type=\"application\/ld+json\" class=\"yoast-schema-graph\">{\"@context\":\"https:\\\/\\\/schema.org\",\"@graph\":[{\"@type\":\"WebPage\",\"@id\":\"https:\\\/\\\/xn--grtter-4ya.de\\\/?page_id=565\",\"url\":\"https:\\\/\\\/xn--grtter-4ya.de\\\/?page_id=565\",\"name\":\"Plasmatherapie in der Gyn\u00e4kologie (PRP) - Dr. med. Gr\u00fctter - Zentrum f\u00fcr Frauengesundheit\",\"isPartOf\":{\"@id\":\"https:\\\/\\\/xn--grtter-4ya.de\\\/#website\"},\"datePublished\":\"2022-06-06T10:32:29+00:00\",\"dateModified\":\"2025-04-18T16:07:20+00:00\",\"description\":\"Therapie im Intimbereich Regeneration durch Eigenplasma zur Behandlung von vaginaler Trockenheit, Schmerzen und Steigerung der Empfindsamkeit\",\"breadcrumb\":{\"@id\":\"https:\\\/\\\/xn--grtter-4ya.de\\\/?page_id=565#breadcrumb\"},\"inLanguage\":\"de\",\"potentialAction\":[{\"@type\":\"ReadAction\",\"target\":[\"https:\\\/\\\/xn--grtter-4ya.de\\\/?page_id=565\"]}]},{\"@type\":\"BreadcrumbList\",\"@id\":\"https:\\\/\\\/xn--grtter-4ya.de\\\/?page_id=565#breadcrumb\",\"itemListElement\":[{\"@type\":\"ListItem\",\"position\":1,\"name\":\"Startseite\",\"item\":\"https:\\\/\\\/xn--grtter-4ya.de\\\/\"},{\"@type\":\"ListItem\",\"position\":2,\"name\":\"Plasmatherapie in der Gyn\u00e4kologie (PRP)\"}]},{\"@type\":\"WebSite\",\"@id\":\"https:\\\/\\\/xn--grtter-4ya.de\\\/#website\",\"url\":\"https:\\\/\\\/xn--grtter-4ya.de\\\/\",\"name\":\"Dr. med. Gr\u00fctter\",\"description\":\"\",\"publisher\":{\"@id\":\"https:\\\/\\\/xn--grtter-4ya.de\\\/#organization\"},\"potentialAction\":[{\"@type\":\"SearchAction\",\"target\":{\"@type\":\"EntryPoint\",\"urlTemplate\":\"https:\\\/\\\/xn--grtter-4ya.de\\\/?s={search_term_string}\"},\"query-input\":{\"@type\":\"PropertyValueSpecification\",\"valueRequired\":true,\"valueName\":\"search_term_string\"}}],\"inLanguage\":\"de\"},{\"@type\":\"Organization\",\"@id\":\"https:\\\/\\\/xn--grtter-4ya.de\\\/#organization\",\"name\":\"Dr. med. Gr\u00fctter\",\"url\":\"https:\\\/\\\/xn--grtter-4ya.de\\\/\",\"logo\":{\"@type\":\"ImageObject\",\"inLanguage\":\"de\",\"@id\":\"https:\\\/\\\/xn--grtter-4ya.de\\\/#\\\/schema\\\/logo\\\/image\\\/\",\"url\":\"http:\\\/\\\/xn--grtter-4ya.de\\\/wp-content\\\/uploads\\\/2020\\\/03\\\/logo_praxis.gif\",\"contentUrl\":\"http:\\\/\\\/xn--grtter-4ya.de\\\/wp-content\\\/uploads\\\/2020\\\/03\\\/logo_praxis.gif\",\"width\":500,\"height\":302,\"caption\":\"Dr. med. Gr\u00fctter\"},\"image\":{\"@id\":\"https:\\\/\\\/xn--grtter-4ya.de\\\/#\\\/schema\\\/logo\\\/image\\\/\"}}]}<\/script>\n<!-- \/ Yoast SEO plugin. -->","yoast_head_json":{"title":"Plasmatherapie in der Gyn\u00e4kologie (PRP) - Dr. med. Gr\u00fctter - Zentrum f\u00fcr Frauengesundheit","description":"Therapie im Intimbereich Regeneration durch Eigenplasma zur Behandlung von vaginaler Trockenheit, Schmerzen und Steigerung der Empfindsamkeit","robots":{"index":"index","follow":"follow","max-snippet":"max-snippet:-1","max-image-preview":"max-image-preview:large","max-video-preview":"max-video-preview:-1"},"canonical":"https:\/\/xn--grtter-4ya.de\/?page_id=565","og_locale":"de_DE","og_type":"article","og_title":"Plasmatherapie in der Gyn\u00e4kologie (PRP) - Dr. med. Gr\u00fctter - Zentrum f\u00fcr Frauengesundheit","og_description":"Therapie im Intimbereich Regeneration durch Eigenplasma zur Behandlung von vaginaler Trockenheit, Schmerzen und Steigerung der Empfindsamkeit","og_url":"https:\/\/xn--grtter-4ya.de\/?page_id=565","og_site_name":"Dr. med. Gr\u00fctter - Zentrum f\u00fcr Frauengesundheit","article_modified_time":"2025-04-18T16:07:20+00:00","twitter_card":"summary_large_image","twitter_misc":{"Gesch\u00e4tzte Lesezeit":"1\u00a0Minute"},"schema":{"@context":"https:\/\/schema.org","@graph":[{"@type":"WebPage","@id":"https:\/\/xn--grtter-4ya.de\/?page_id=565","url":"https:\/\/xn--grtter-4ya.de\/?page_id=565","name":"Plasmatherapie in der Gyn\u00e4kologie (PRP) - Dr. med. Gr\u00fctter - Zentrum f\u00fcr Frauengesundheit","isPartOf":{"@id":"https:\/\/xn--grtter-4ya.de\/#website"},"datePublished":"2022-06-06T10:32:29+00:00","dateModified":"2025-04-18T16:07:20+00:00","description":"Therapie im Intimbereich Regeneration durch Eigenplasma zur Behandlung von vaginaler Trockenheit, Schmerzen und Steigerung der Empfindsamkeit","breadcrumb":{"@id":"https:\/\/xn--grtter-4ya.de\/?page_id=565#breadcrumb"},"inLanguage":"de","potentialAction":[{"@type":"ReadAction","target":["https:\/\/xn--grtter-4ya.de\/?page_id=565"]}]},{"@type":"BreadcrumbList","@id":"https:\/\/xn--grtter-4ya.de\/?page_id=565#breadcrumb","itemListElement":[{"@type":"ListItem","position":1,"name":"Startseite","item":"https:\/\/xn--grtter-4ya.de\/"},{"@type":"ListItem","position":2,"name":"Plasmatherapie in der Gyn\u00e4kologie (PRP)"}]},{"@type":"WebSite","@id":"https:\/\/xn--grtter-4ya.de\/#website","url":"https:\/\/xn--grtter-4ya.de\/","name":"Dr. med. Gr\u00fctter","description":"","publisher":{"@id":"https:\/\/xn--grtter-4ya.de\/#organization"},"potentialAction":[{"@type":"SearchAction","target":{"@type":"EntryPoint","urlTemplate":"https:\/\/xn--grtter-4ya.de\/?s={search_term_string}"},"query-input":{"@type":"PropertyValueSpecification","valueRequired":true,"valueName":"search_term_string"}}],"inLanguage":"de"},{"@type":"Organization","@id":"https:\/\/xn--grtter-4ya.de\/#organization","name":"Dr. med. Gr\u00fctter","url":"https:\/\/xn--grtter-4ya.de\/","logo":{"@type":"ImageObject","inLanguage":"de","@id":"https:\/\/xn--grtter-4ya.de\/#\/schema\/logo\/image\/","url":"http:\/\/xn--grtter-4ya.de\/wp-content\/uploads\/2020\/03\/logo_praxis.gif","contentUrl":"http:\/\/xn--grtter-4ya.de\/wp-content\/uploads\/2020\/03\/logo_praxis.gif","width":500,"height":302,"caption":"Dr. med. Gr\u00fctter"},"image":{"@id":"https:\/\/xn--grtter-4ya.de\/#\/schema\/logo\/image\/"}}]}},"_links":{"self":[{"href":"http:\/\/xn--grtter-4ya.de\/index.php?rest_route=\/wp\/v2\/pages\/565","targetHints":{"allow":["GET"]}}],"collection":[{"href":"http:\/\/xn--grtter-4ya.de\/index.php?rest_route=\/wp\/v2\/pages"}],"about":[{"href":"http:\/\/xn--grtter-4ya.de\/index.php?rest_route=\/wp\/v2\/types\/page"}],"author":[{"embeddable":true,"href":"http:\/\/xn--grtter-4ya.de\/index.php?rest_route=\/wp\/v2\/users\/1"}],"replies":[{"embeddable":true,"href":"http:\/\/xn--grtter-4ya.de\/index.php?rest_route=%2Fwp%2Fv2%2Fcomments&post=565"}],"version-history":[{"count":3,"href":"http:\/\/xn--grtter-4ya.de\/index.php?rest_route=\/wp\/v2\/pages\/565\/revisions"}],"predecessor-version":[{"id":573,"href":"http:\/\/xn--grtter-4ya.de\/index.php?rest_route=\/wp\/v2\/pages\/565\/revisions\/573"}],"wp:attachment":[{"href":"http:\/\/xn--grtter-4ya.de\/index.php?rest_route=%2Fwp%2Fv2%2Fmedia&parent=565"}],"curies":[{"name":"wp","href":"https:\/\/api.w.org\/{rel}","templated":true}]}}