{"id":56,"date":"2020-03-07T09:41:48","date_gmt":"2020-03-07T09:41:48","guid":{"rendered":"http:\/\/xn--grtter-4ya.de\/?page_id=56"},"modified":"2026-04-30T19:22:12","modified_gmt":"2026-04-30T19:22:12","slug":"beckenbodentraining-mit-pelvic-chair-in-ahaus","status":"publish","type":"page","link":"http:\/\/xn--grtter-4ya.de\/?page_id=56","title":{"rendered":"Wir \u00fcber uns."},"content":{"rendered":"\n<p class=\"has-drop-cap\">&#x1f33f; Wir \u00fcber uns<br>Herzlich willkommen in unserem Zentrum f\u00fcr Frauengesundheit.<br>Wir bieten Ihnen eine moderne, ganzheitliche Betreuung in allen Bereichen der Gyn\u00e4kologie und Geburtshilfe. Unser Konzept verbindet klassische Schulmedizin mit innovativen Verfahren und individuellen Therapiekonzepten.<br>Zu unseren Schwerpunkten geh\u00f6ren die Begleitung in der Schwangerschaft, die Beckenbodendiagnostik und -therapie sowie die umfassende gyn\u00e4kologische Versorgung. Erg\u00e4nzend bieten wir moderne Behandlungen wie Lasertherapie, Radiofrequenz, Microneedling, Mesotherapie und PRP (Plasmatherapie) an.<br>In unserer Praxis f\u00fchren wir zudem ambulante Operationen in einer ruhigen und diskreten Umgebung durch. Dabei legen wir gro\u00dfen Wert auf Sicherheit, pers\u00f6nliche Betreuung und einen angenehmen Ablauf \u2013 ohne station\u00e4re \u00dcbernachtung.<br>Unser Ziel ist es, dass Sie sich sowohl medizinisch als auch menschlich bestens betreut f\u00fchlen.<br>Dr. med. Oksana Gr\u00fctter und Team<\/p>\n\n\n\n<figure class=\"wp-block-image size-large\"><img loading=\"lazy\" decoding=\"async\" width=\"813\" height=\"1024\" src=\"http:\/\/xn--grtter-4ya.de\/wp-content\/uploads\/2024\/07\/1000005516-813x1024.jpg\" alt=\"\" class=\"wp-image-884\" srcset=\"http:\/\/xn--grtter-4ya.de\/wp-content\/uploads\/2024\/07\/1000005516-813x1024.jpg 813w, http:\/\/xn--grtter-4ya.de\/wp-content\/uploads\/2024\/07\/1000005516-238x300.jpg 238w, http:\/\/xn--grtter-4ya.de\/wp-content\/uploads\/2024\/07\/1000005516-768x968.jpg 768w, http:\/\/xn--grtter-4ya.de\/wp-content\/uploads\/2024\/07\/1000005516.jpg 1016w\" sizes=\"auto, (max-width: 706px) 89vw, (max-width: 767px) 82vw, 740px\" \/><\/figure>\n\n\n\n<p>Pelvic-Chair<\/p>\n\n\n\n<p>seit Juli2024, hochmoderne Magnetfeldtechnologie f\u00fcr eine gesunde Beckenbodenmuskulatur<\/p>\n\n\n\n<figure class=\"wp-block-gallery has-nested-images columns-default is-cropped wp-block-gallery-1 is-layout-flex wp-block-gallery-is-layout-flex\">\n<figure class=\"wp-block-image size-large\"><img loading=\"lazy\" decoding=\"async\" width=\"655\" height=\"600\" data-id=\"824\" src=\"https:\/\/xn--grtter-4ya.de\/wp-content\/uploads\/2024\/02\/1000003774.jpg\" alt=\"\" class=\"wp-image-824\" srcset=\"http:\/\/xn--grtter-4ya.de\/wp-content\/uploads\/2024\/02\/1000003774.jpg 655w, http:\/\/xn--grtter-4ya.de\/wp-content\/uploads\/2024\/02\/1000003774-300x275.jpg 300w\" sizes=\"auto, (max-width: 655px) 100vw, 655px\" \/><figcaption class=\"wp-element-caption\">ILaserbehandlung seit Januar 2024 &#8211; ich freue mich,<br> meinen Patientinnen eine moderne Behandlungsmethode anbieten zu k\u00f6nnen<\/figcaption><\/figure>\n<\/figure>\n\n\n\n<figure class=\"wp-block-gallery has-nested-images columns-default is-cropped wp-block-gallery-2 is-layout-flex wp-block-gallery-is-layout-flex\">\n<figure class=\"wp-block-image size-large\"><img loading=\"lazy\" decoding=\"async\" width=\"576\" height=\"1024\" data-id=\"735\" src=\"https:\/\/xn--grtter-4ya.de\/wp-content\/uploads\/2023\/10\/IMG_1633-576x1024.jpg\" alt=\"\" class=\"wp-image-735\" srcset=\"http:\/\/xn--grtter-4ya.de\/wp-content\/uploads\/2023\/10\/IMG_1633-576x1024.jpg 576w, http:\/\/xn--grtter-4ya.de\/wp-content\/uploads\/2023\/10\/IMG_1633-169x300.jpg 169w, http:\/\/xn--grtter-4ya.de\/wp-content\/uploads\/2023\/10\/IMG_1633-768x1365.jpg 768w, http:\/\/xn--grtter-4ya.de\/wp-content\/uploads\/2023\/10\/IMG_1633-864x1536.jpg 864w, http:\/\/xn--grtter-4ya.de\/wp-content\/uploads\/2023\/10\/IMG_1633-1152x2048.jpg 1152w, http:\/\/xn--grtter-4ya.de\/wp-content\/uploads\/2023\/10\/IMG_1633-scaled.jpg 1440w\" sizes=\"auto, (max-width: 576px) 100vw, 576px\" \/><figcaption class=\"wp-element-caption\">am 14. Oktober 2023 \u00fcbergibt die K\u00fcnstlerin f\u00fcr Skulpturen aus Ton, Stina Tummel, ihre Skulptur einer schwangeren Frau an die Praxis<\/figcaption><\/figure>\n<\/figure>\n\n\n\n<p class=\"has-text-align-center\"><a href=\"http:\/\/www.Stina-Tummel.de\">www.Stina-Tummel.de<\/a><\/p>\n\n\n\n<p><\/p>\n\n\n\n<figure class=\"wp-block-image size-full\"><img loading=\"lazy\" decoding=\"async\" width=\"890\" height=\"560\" src=\"http:\/\/xn--grtter-4ya.de\/wp-content\/uploads\/2022\/09\/Download-11-1-e1662355361511.jpeg\" alt=\"\" class=\"wp-image-600\" srcset=\"http:\/\/xn--grtter-4ya.de\/wp-content\/uploads\/2022\/09\/Download-11-1-e1662355361511.jpeg 890w, http:\/\/xn--grtter-4ya.de\/wp-content\/uploads\/2022\/09\/Download-11-1-e1662355361511-300x189.jpeg 300w, http:\/\/xn--grtter-4ya.de\/wp-content\/uploads\/2022\/09\/Download-11-1-e1662355361511-768x483.jpeg 768w\" sizes=\"auto, (max-width: 706px) 89vw, (max-width: 767px) 82vw, 740px\" \/><figcaption class=\"wp-element-caption\">Ludgerusweg 3<\/figcaption><\/figure>\n\n\n\n<figure class=\"wp-block-image size-full\"><img decoding=\"async\" src=\"http:\/\/xn--grtter-4ya.de\/wp-content\/uploads\/2022\/09\/Download-4.jpeg\" alt=\"\" class=\"wp-image-601\"\/><figcaption class=\"wp-element-caption\">Ludgerusweg 3<\/figcaption><\/figure>\n\n\n\n<figure class=\"wp-block-gallery has-nested-images columns-default is-cropped wp-block-gallery-3 is-layout-flex wp-block-gallery-is-layout-flex\">\n<figure class=\"wp-block-image size-large\"><img loading=\"lazy\" decoding=\"async\" width=\"1024\" height=\"768\" data-id=\"312\" src=\"http:\/\/xn--grtter-4ya.de\/wp-content\/uploads\/2021\/04\/20210411_150646-1024x768.jpg\" alt=\"\" class=\"wp-image-312\" srcset=\"http:\/\/xn--grtter-4ya.de\/wp-content\/uploads\/2021\/04\/20210411_150646-1024x768.jpg 1024w, http:\/\/xn--grtter-4ya.de\/wp-content\/uploads\/2021\/04\/20210411_150646-300x225.jpg 300w, http:\/\/xn--grtter-4ya.de\/wp-content\/uploads\/2021\/04\/20210411_150646-768x576.jpg 768w, http:\/\/xn--grtter-4ya.de\/wp-content\/uploads\/2021\/04\/20210411_150646-1536x1152.jpg 1536w, http:\/\/xn--grtter-4ya.de\/wp-content\/uploads\/2021\/04\/20210411_150646-2048x1536.jpg 2048w\" sizes=\"auto, (max-width: 706px) 89vw, (max-width: 767px) 82vw, 740px\" \/><\/figure>\n<figcaption class=\"blocks-gallery-caption wp-element-caption\">Eingang zur Praxis &#8211; April 2021<\/figcaption><\/figure>\n\n\n\n<figure class=\"wp-block-image\"><img decoding=\"async\" src=\"http:\/\/xn--grtter-4ya.de\/wp-content\/uploads\/2021\/04\/P1160177-1024x684.jpg\" alt=\"Dieses Bild hat ein leeres Alt-Attribut. Der Dateiname ist P1160177-1024x684.jpg\"\/><figcaption class=\"wp-element-caption\">Impfung &#8211; COVID 19 &#8211; Start April 2021<\/figcaption><\/figure>\n\n\n\n<figure class=\"wp-block-image size-large\"><img loading=\"lazy\" decoding=\"async\" width=\"746\" height=\"1024\" src=\"http:\/\/xn--grtter-4ya.de\/wp-content\/uploads\/2021\/05\/Screenshot_20210525-183156_Video-Player-1-746x1024.jpg\" alt=\"\" class=\"wp-image-359\" srcset=\"http:\/\/xn--grtter-4ya.de\/wp-content\/uploads\/2021\/05\/Screenshot_20210525-183156_Video-Player-1-746x1024.jpg 746w, http:\/\/xn--grtter-4ya.de\/wp-content\/uploads\/2021\/05\/Screenshot_20210525-183156_Video-Player-1-219x300.jpg 219w, http:\/\/xn--grtter-4ya.de\/wp-content\/uploads\/2021\/05\/Screenshot_20210525-183156_Video-Player-1-768x1054.jpg 768w, http:\/\/xn--grtter-4ya.de\/wp-content\/uploads\/2021\/05\/Screenshot_20210525-183156_Video-Player-1.jpg 817w\" sizes=\"auto, (max-width: 706px) 89vw, (max-width: 767px) 82vw, 740px\" \/><\/figure>\n\n\n\n<figure class=\"wp-block-gallery has-nested-images columns-default is-cropped wp-block-gallery-4 is-layout-flex wp-block-gallery-is-layout-flex\">\n<figure class=\"wp-block-image size-large\"><img loading=\"lazy\" decoding=\"async\" width=\"1024\" height=\"953\" data-id=\"366\" src=\"http:\/\/xn--grtter-4ya.de\/wp-content\/uploads\/2021\/05\/Screenshot_20210525-184752_Gallery-1024x953.jpg\" alt=\"\" class=\"wp-image-366\" srcset=\"http:\/\/xn--grtter-4ya.de\/wp-content\/uploads\/2021\/05\/Screenshot_20210525-184752_Gallery-1024x953.jpg 1024w, http:\/\/xn--grtter-4ya.de\/wp-content\/uploads\/2021\/05\/Screenshot_20210525-184752_Gallery-300x279.jpg 300w, http:\/\/xn--grtter-4ya.de\/wp-content\/uploads\/2021\/05\/Screenshot_20210525-184752_Gallery-768x715.jpg 768w, http:\/\/xn--grtter-4ya.de\/wp-content\/uploads\/2021\/05\/Screenshot_20210525-184752_Gallery-1536x1430.jpg 1536w, http:\/\/xn--grtter-4ya.de\/wp-content\/uploads\/2021\/05\/Screenshot_20210525-184752_Gallery.jpg 1719w\" sizes=\"auto, (max-width: 706px) 89vw, (max-width: 767px) 82vw, 740px\" \/><figcaption class=\"wp-element-caption\">Zeitvertreib f\u00fcr die Kleinen<\/figcaption><\/figure>\n<\/figure>\n\n\n\n<figure class=\"wp-block-gallery has-nested-images columns-default is-cropped wp-block-gallery-5 is-layout-flex wp-block-gallery-is-layout-flex\">\n<figure class=\"wp-block-image size-large\"><img loading=\"lazy\" decoding=\"async\" width=\"1024\" height=\"768\" data-id=\"710\" src=\"http:\/\/xn--grtter-4ya.de\/wp-content\/uploads\/2023\/07\/IMG_1136-1024x768.jpeg\" alt=\"\" class=\"wp-image-710\" srcset=\"http:\/\/xn--grtter-4ya.de\/wp-content\/uploads\/2023\/07\/IMG_1136-1024x768.jpeg 1024w, http:\/\/xn--grtter-4ya.de\/wp-content\/uploads\/2023\/07\/IMG_1136-300x225.jpeg 300w, http:\/\/xn--grtter-4ya.de\/wp-content\/uploads\/2023\/07\/IMG_1136-768x576.jpeg 768w, http:\/\/xn--grtter-4ya.de\/wp-content\/uploads\/2023\/07\/IMG_1136-1536x1152.jpeg 1536w, http:\/\/xn--grtter-4ya.de\/wp-content\/uploads\/2023\/07\/IMG_1136.jpeg 2048w\" sizes=\"auto, (max-width: 706px) 89vw, (max-width: 767px) 82vw, 740px\" \/><figcaption class=\"wp-element-caption\">Rezeption Juli 2023<\/figcaption><\/figure>\n<\/figure>\n\n\n\n<figure class=\"wp-block-gallery has-nested-images columns-default is-cropped wp-block-gallery-6 is-layout-flex wp-block-gallery-is-layout-flex\">\n<figure class=\"wp-block-image size-large\"><img loading=\"lazy\" decoding=\"async\" width=\"470\" height=\"1024\" data-id=\"1047\" src=\"https:\/\/xn--grtter-4ya.de\/wp-content\/uploads\/2026\/04\/IMG-20260420-WA0006-1-470x1024.jpg\" alt=\"\" class=\"wp-image-1047\" srcset=\"http:\/\/xn--grtter-4ya.de\/wp-content\/uploads\/2026\/04\/IMG-20260420-WA0006-1-470x1024.jpg 470w, http:\/\/xn--grtter-4ya.de\/wp-content\/uploads\/2026\/04\/IMG-20260420-WA0006-1-138x300.jpg 138w, http:\/\/xn--grtter-4ya.de\/wp-content\/uploads\/2026\/04\/IMG-20260420-WA0006-1.jpg 588w\" sizes=\"auto, (max-width: 470px) 100vw, 470px\" \/><\/figure>\n<\/figure>\n\n\n\n<p>Ab April 2026 erg\u00e4nzt Frau Natalia Matkova unser Konzept mit individuellem Training f\u00fcr Patientinnen, insbesondere im Rahmen moderner Adipositas-Therapien wie Mounjaro.<\/p>\n\n\n\n<figure class=\"wp-block-image size-large\"><img loading=\"lazy\" decoding=\"async\" width=\"470\" height=\"1024\" src=\"https:\/\/xn--grtter-4ya.de\/wp-content\/uploads\/2026\/04\/IMG-20260420-WA0007-470x1024.jpg\" alt=\"\" class=\"wp-image-1053\" srcset=\"http:\/\/xn--grtter-4ya.de\/wp-content\/uploads\/2026\/04\/IMG-20260420-WA0007-470x1024.jpg 470w, http:\/\/xn--grtter-4ya.de\/wp-content\/uploads\/2026\/04\/IMG-20260420-WA0007-138x300.jpg 138w, http:\/\/xn--grtter-4ya.de\/wp-content\/uploads\/2026\/04\/IMG-20260420-WA0007.jpg 588w\" sizes=\"auto, (max-width: 470px) 100vw, 470px\" \/><\/figure>\n\n\n\n\n\n\n\n\n\n\n\n\n\n\n\n\n\n\n\n\n\n<p><\/p>\n\n\n\n\n\n<figure class=\"wp-block-gallery has-nested-images columns-default is-cropped wp-block-gallery-7 is-layout-flex wp-block-gallery-is-layout-flex\">\n<figure class=\"wp-block-image size-large\"><img loading=\"lazy\" decoding=\"async\" width=\"820\" height=\"1024\" data-id=\"1067\" src=\"https:\/\/xn--grtter-4ya.de\/wp-content\/uploads\/2026\/04\/IMG_0016-820x1024.jpeg\" alt=\"\" class=\"wp-image-1067\" srcset=\"http:\/\/xn--grtter-4ya.de\/wp-content\/uploads\/2026\/04\/IMG_0016-820x1024.jpeg 820w, http:\/\/xn--grtter-4ya.de\/wp-content\/uploads\/2026\/04\/IMG_0016-240x300.jpeg 240w, http:\/\/xn--grtter-4ya.de\/wp-content\/uploads\/2026\/04\/IMG_0016-768x960.jpeg 768w, http:\/\/xn--grtter-4ya.de\/wp-content\/uploads\/2026\/04\/IMG_0016-1229x1536.jpeg 1229w, http:\/\/xn--grtter-4ya.de\/wp-content\/uploads\/2026\/04\/IMG_0016.jpeg 1639w\" sizes=\"auto, (max-width: 706px) 89vw, (max-width: 767px) 82vw, 740px\" \/><\/figure>\n<\/figure>\n\n\n\n\n\n\n\n\n\n<p>Hebammensprechstunde mit Denis Neider<br>Individuelle Betreuung in Schwangerschaft und Wochenbett \u2013 mit Beratung, Unterst\u00fctzung bei Beschwerden und Stillhilfe.<\/p>\n\n\n\n<p><\/p>\n","protected":false},"excerpt":{"rendered":"<p>&#x1f33f; Wir \u00fcber unsHerzlich willkommen in unserem Zentrum f\u00fcr Frauengesundheit.Wir bieten Ihnen eine moderne, ganzheitliche Betreuung in allen Bereichen der Gyn\u00e4kologie und Geburtshilfe. Unser Konzept verbindet klassische Schulmedizin mit innovativen Verfahren und individuellen Therapiekonzepten.Zu unseren Schwerpunkten geh\u00f6ren die Begleitung in der Schwangerschaft, die Beckenbodendiagnostik und -therapie sowie die umfassende gyn\u00e4kologische Versorgung. Erg\u00e4nzend bieten wir moderne &hellip; <\/p>\n<p class=\"link-more\"><a href=\"http:\/\/xn--grtter-4ya.de\/?page_id=56\" class=\"more-link\"><span class=\"screen-reader-text\">\u201eWir \u00fcber uns.\u201c <\/span>weiterlesen<\/a><\/p>\n","protected":false},"author":1,"featured_media":0,"parent":0,"menu_order":0,"comment_status":"closed","ping_status":"closed","template":"","meta":{"footnotes":""},"class_list":["post-56","page","type-page","status-publish","hentry"],"yoast_head":"<!-- This site is optimized with the Yoast SEO plugin v27.6 - https:\/\/yoast.com\/product\/yoast-seo-wordpress\/ -->\n<title>Wir \u00fcber uns. - Dr. med. Gr\u00fctter - Zentrum f\u00fcr Frauengesundheit<\/title>\n<meta name=\"description\" content=\"Beckenbodentraining mit Pelvic Chair in Ahaus - moderne Therapie bei Inkontinenz und Beckenbodenschw\u00e4che, St\u00e4rkung der Intimgesundheit\" \/>\n<meta name=\"robots\" content=\"index, follow, max-snippet:-1, max-image-preview:large, max-video-preview:-1\" \/>\n<link rel=\"canonical\" href=\"https:\/\/xn--grtter-4ya.de\/?page_id=56\" \/>\n<meta property=\"og:locale\" content=\"de_DE\" \/>\n<meta property=\"og:type\" content=\"article\" \/>\n<meta property=\"og:title\" content=\"Wir \u00fcber uns. - Dr. med. Gr\u00fctter - Zentrum f\u00fcr Frauengesundheit\" \/>\n<meta property=\"og:description\" content=\"Beckenbodentraining mit Pelvic Chair in Ahaus - moderne Therapie bei Inkontinenz und Beckenbodenschw\u00e4che, St\u00e4rkung der Intimgesundheit\" \/>\n<meta property=\"og:url\" content=\"https:\/\/xn--grtter-4ya.de\/?page_id=56\" \/>\n<meta property=\"og:site_name\" content=\"Dr. med. Gr\u00fctter - Zentrum f\u00fcr Frauengesundheit\" \/>\n<meta property=\"article:modified_time\" content=\"2026-04-30T19:22:12+00:00\" \/>\n<meta property=\"og:image\" content=\"http:\/\/xn--grtter-4ya.de\/wp-content\/uploads\/2024\/07\/1000005516-813x1024.jpg\" \/>\n<meta name=\"twitter:card\" content=\"summary_large_image\" \/>\n<meta name=\"twitter:label1\" content=\"Gesch\u00e4tzte Lesezeit\" \/>\n\t<meta name=\"twitter:data1\" content=\"7\u00a0Minuten\" \/>\n<script type=\"application\/ld+json\" class=\"yoast-schema-graph\">{\"@context\":\"https:\\\/\\\/schema.org\",\"@graph\":[{\"@type\":\"WebPage\",\"@id\":\"https:\\\/\\\/xn--grtter-4ya.de\\\/?page_id=56\",\"url\":\"https:\\\/\\\/xn--grtter-4ya.de\\\/?page_id=56\",\"name\":\"Wir \u00fcber uns. - Dr. med. Gr\u00fctter - Zentrum f\u00fcr Frauengesundheit\",\"isPartOf\":{\"@id\":\"http:\\\/\\\/xn--grtter-4ya.de\\\/#website\"},\"primaryImageOfPage\":{\"@id\":\"https:\\\/\\\/xn--grtter-4ya.de\\\/?page_id=56#primaryimage\"},\"image\":{\"@id\":\"https:\\\/\\\/xn--grtter-4ya.de\\\/?page_id=56#primaryimage\"},\"thumbnailUrl\":\"http:\\\/\\\/xn--grtter-4ya.de\\\/wp-content\\\/uploads\\\/2024\\\/07\\\/1000005516-813x1024.jpg\",\"datePublished\":\"2020-03-07T09:41:48+00:00\",\"dateModified\":\"2026-04-30T19:22:12+00:00\",\"description\":\"Beckenbodentraining mit Pelvic Chair in Ahaus - moderne Therapie bei Inkontinenz und Beckenbodenschw\u00e4che, St\u00e4rkung der Intimgesundheit\",\"breadcrumb\":{\"@id\":\"https:\\\/\\\/xn--grtter-4ya.de\\\/?page_id=56#breadcrumb\"},\"inLanguage\":\"de\",\"potentialAction\":[{\"@type\":\"ReadAction\",\"target\":[\"https:\\\/\\\/xn--grtter-4ya.de\\\/?page_id=56\"]}]},{\"@type\":\"ImageObject\",\"inLanguage\":\"de\",\"@id\":\"https:\\\/\\\/xn--grtter-4ya.de\\\/?page_id=56#primaryimage\",\"url\":\"http:\\\/\\\/xn--grtter-4ya.de\\\/wp-content\\\/uploads\\\/2024\\\/07\\\/1000005516.jpg\",\"contentUrl\":\"http:\\\/\\\/xn--grtter-4ya.de\\\/wp-content\\\/uploads\\\/2024\\\/07\\\/1000005516.jpg\",\"width\":1016,\"height\":1280},{\"@type\":\"BreadcrumbList\",\"@id\":\"https:\\\/\\\/xn--grtter-4ya.de\\\/?page_id=56#breadcrumb\",\"itemListElement\":[{\"@type\":\"ListItem\",\"position\":1,\"name\":\"Startseite\",\"item\":\"http:\\\/\\\/xn--grtter-4ya.de\\\/\"},{\"@type\":\"ListItem\",\"position\":2,\"name\":\"Wir \u00fcber uns.\"}]},{\"@type\":\"WebSite\",\"@id\":\"http:\\\/\\\/xn--grtter-4ya.de\\\/#website\",\"url\":\"http:\\\/\\\/xn--grtter-4ya.de\\\/\",\"name\":\"Dr. med. Gr\u00fctter\",\"description\":\"\",\"publisher\":{\"@id\":\"http:\\\/\\\/xn--grtter-4ya.de\\\/#organization\"},\"potentialAction\":[{\"@type\":\"SearchAction\",\"target\":{\"@type\":\"EntryPoint\",\"urlTemplate\":\"http:\\\/\\\/xn--grtter-4ya.de\\\/?s={search_term_string}\"},\"query-input\":{\"@type\":\"PropertyValueSpecification\",\"valueRequired\":true,\"valueName\":\"search_term_string\"}}],\"inLanguage\":\"de\"},{\"@type\":\"Organization\",\"@id\":\"http:\\\/\\\/xn--grtter-4ya.de\\\/#organization\",\"name\":\"Dr. med. Gr\u00fctter\",\"url\":\"http:\\\/\\\/xn--grtter-4ya.de\\\/\",\"logo\":{\"@type\":\"ImageObject\",\"inLanguage\":\"de\",\"@id\":\"http:\\\/\\\/xn--grtter-4ya.de\\\/#\\\/schema\\\/logo\\\/image\\\/\",\"url\":\"http:\\\/\\\/xn--grtter-4ya.de\\\/wp-content\\\/uploads\\\/2020\\\/03\\\/logo_praxis.gif\",\"contentUrl\":\"http:\\\/\\\/xn--grtter-4ya.de\\\/wp-content\\\/uploads\\\/2020\\\/03\\\/logo_praxis.gif\",\"width\":500,\"height\":302,\"caption\":\"Dr. med. Gr\u00fctter\"},\"image\":{\"@id\":\"http:\\\/\\\/xn--grtter-4ya.de\\\/#\\\/schema\\\/logo\\\/image\\\/\"}}]}<\/script>\n<!-- \/ Yoast SEO plugin. -->","yoast_head_json":{"title":"Wir \u00fcber uns. - Dr. med. Gr\u00fctter - Zentrum f\u00fcr Frauengesundheit","description":"Beckenbodentraining mit Pelvic Chair in Ahaus - moderne Therapie bei Inkontinenz und Beckenbodenschw\u00e4che, St\u00e4rkung der Intimgesundheit","robots":{"index":"index","follow":"follow","max-snippet":"max-snippet:-1","max-image-preview":"max-image-preview:large","max-video-preview":"max-video-preview:-1"},"canonical":"https:\/\/xn--grtter-4ya.de\/?page_id=56","og_locale":"de_DE","og_type":"article","og_title":"Wir \u00fcber uns. - Dr. med. Gr\u00fctter - Zentrum f\u00fcr Frauengesundheit","og_description":"Beckenbodentraining mit Pelvic Chair in Ahaus - moderne Therapie bei Inkontinenz und Beckenbodenschw\u00e4che, St\u00e4rkung der Intimgesundheit","og_url":"https:\/\/xn--grtter-4ya.de\/?page_id=56","og_site_name":"Dr. med. Gr\u00fctter - Zentrum f\u00fcr Frauengesundheit","article_modified_time":"2026-04-30T19:22:12+00:00","og_image":[{"url":"http:\/\/xn--grtter-4ya.de\/wp-content\/uploads\/2024\/07\/1000005516-813x1024.jpg","type":"","width":"","height":""}],"twitter_card":"summary_large_image","twitter_misc":{"Gesch\u00e4tzte Lesezeit":"7\u00a0Minuten"},"schema":{"@context":"https:\/\/schema.org","@graph":[{"@type":"WebPage","@id":"https:\/\/xn--grtter-4ya.de\/?page_id=56","url":"https:\/\/xn--grtter-4ya.de\/?page_id=56","name":"Wir \u00fcber uns. - Dr. med. Gr\u00fctter - Zentrum f\u00fcr Frauengesundheit","isPartOf":{"@id":"http:\/\/xn--grtter-4ya.de\/#website"},"primaryImageOfPage":{"@id":"https:\/\/xn--grtter-4ya.de\/?page_id=56#primaryimage"},"image":{"@id":"https:\/\/xn--grtter-4ya.de\/?page_id=56#primaryimage"},"thumbnailUrl":"http:\/\/xn--grtter-4ya.de\/wp-content\/uploads\/2024\/07\/1000005516-813x1024.jpg","datePublished":"2020-03-07T09:41:48+00:00","dateModified":"2026-04-30T19:22:12+00:00","description":"Beckenbodentraining mit Pelvic Chair in Ahaus - moderne Therapie bei Inkontinenz und Beckenbodenschw\u00e4che, St\u00e4rkung der Intimgesundheit","breadcrumb":{"@id":"https:\/\/xn--grtter-4ya.de\/?page_id=56#breadcrumb"},"inLanguage":"de","potentialAction":[{"@type":"ReadAction","target":["https:\/\/xn--grtter-4ya.de\/?page_id=56"]}]},{"@type":"ImageObject","inLanguage":"de","@id":"https:\/\/xn--grtter-4ya.de\/?page_id=56#primaryimage","url":"http:\/\/xn--grtter-4ya.de\/wp-content\/uploads\/2024\/07\/1000005516.jpg","contentUrl":"http:\/\/xn--grtter-4ya.de\/wp-content\/uploads\/2024\/07\/1000005516.jpg","width":1016,"height":1280},{"@type":"BreadcrumbList","@id":"https:\/\/xn--grtter-4ya.de\/?page_id=56#breadcrumb","itemListElement":[{"@type":"ListItem","position":1,"name":"Startseite","item":"http:\/\/xn--grtter-4ya.de\/"},{"@type":"ListItem","position":2,"name":"Wir \u00fcber uns."}]},{"@type":"WebSite","@id":"http:\/\/xn--grtter-4ya.de\/#website","url":"http:\/\/xn--grtter-4ya.de\/","name":"Dr. med. Gr\u00fctter","description":"","publisher":{"@id":"http:\/\/xn--grtter-4ya.de\/#organization"},"potentialAction":[{"@type":"SearchAction","target":{"@type":"EntryPoint","urlTemplate":"http:\/\/xn--grtter-4ya.de\/?s={search_term_string}"},"query-input":{"@type":"PropertyValueSpecification","valueRequired":true,"valueName":"search_term_string"}}],"inLanguage":"de"},{"@type":"Organization","@id":"http:\/\/xn--grtter-4ya.de\/#organization","name":"Dr. med. Gr\u00fctter","url":"http:\/\/xn--grtter-4ya.de\/","logo":{"@type":"ImageObject","inLanguage":"de","@id":"http:\/\/xn--grtter-4ya.de\/#\/schema\/logo\/image\/","url":"http:\/\/xn--grtter-4ya.de\/wp-content\/uploads\/2020\/03\/logo_praxis.gif","contentUrl":"http:\/\/xn--grtter-4ya.de\/wp-content\/uploads\/2020\/03\/logo_praxis.gif","width":500,"height":302,"caption":"Dr. med. Gr\u00fctter"},"image":{"@id":"http:\/\/xn--grtter-4ya.de\/#\/schema\/logo\/image\/"}}]}},"_links":{"self":[{"href":"http:\/\/xn--grtter-4ya.de\/index.php?rest_route=\/wp\/v2\/pages\/56","targetHints":{"allow":["GET"]}}],"collection":[{"href":"http:\/\/xn--grtter-4ya.de\/index.php?rest_route=\/wp\/v2\/pages"}],"about":[{"href":"http:\/\/xn--grtter-4ya.de\/index.php?rest_route=\/wp\/v2\/types\/page"}],"author":[{"embeddable":true,"href":"http:\/\/xn--grtter-4ya.de\/index.php?rest_route=\/wp\/v2\/users\/1"}],"replies":[{"embeddable":true,"href":"http:\/\/xn--grtter-4ya.de\/index.php?rest_route=%2Fwp%2Fv2%2Fcomments&post=56"}],"version-history":[{"count":44,"href":"http:\/\/xn--grtter-4ya.de\/index.php?rest_route=\/wp\/v2\/pages\/56\/revisions"}],"predecessor-version":[{"id":1073,"href":"http:\/\/xn--grtter-4ya.de\/index.php?rest_route=\/wp\/v2\/pages\/56\/revisions\/1073"}],"wp:attachment":[{"href":"http:\/\/xn--grtter-4ya.de\/index.php?rest_route=%2Fwp%2Fv2%2Fmedia&parent=56"}],"curies":[{"name":"wp","href":"https:\/\/api.w.org\/{rel}","templated":true}]}}