{"id":42,"date":"2020-03-06T16:15:25","date_gmt":"2020-03-06T16:15:25","guid":{"rendered":"http:\/\/xn--grtter-4ya.de\/?page_id=42"},"modified":"2025-04-18T16:29:46","modified_gmt":"2025-04-18T16:29:46","slug":"mesotherapie-minimaliinvasiver-behandlung-fuer-gesicht-und-haare-ahaus-borken","status":"publish","type":"page","link":"http:\/\/xn--grtter-4ya.de\/?page_id=42","title":{"rendered":"Leistungspektrum"},"content":{"rendered":"\n<h2 class=\"wp-block-heading\"><strong>Beckenbodensprechstunde<\/strong><\/h2>\n\n\n\n<p>Wir bieten eine spezialisierte Beckenbodensprechstunde an, die sich auf die Diagnose und Behandlung von Beckenbodenproblemen konzentriert.<\/p>\n\n\n\n<p><strong>Unsere Behandlungsmethoden:<\/strong><\/p>\n\n\n\n<p><strong>Pessar-Therapie<\/strong><br>Diese Therapieform zielt darauf ab, die Beckenbodenmuskulatur gezielt zu st\u00e4rken und zu stabilisieren.<\/p>\n\n\n\n<figure class=\"wp-block-image size-large\"><img loading=\"lazy\" decoding=\"async\" width=\"938\" height=\"1024\" src=\"http:\/\/xn--grtter-4ya.de\/wp-content\/uploads\/2024\/07\/tempFileForShare_20240714-152555-938x1024.jpg\" alt=\"\" class=\"wp-image-867\" srcset=\"http:\/\/xn--grtter-4ya.de\/wp-content\/uploads\/2024\/07\/tempFileForShare_20240714-152555-938x1024.jpg 938w, http:\/\/xn--grtter-4ya.de\/wp-content\/uploads\/2024\/07\/tempFileForShare_20240714-152555-275x300.jpg 275w, http:\/\/xn--grtter-4ya.de\/wp-content\/uploads\/2024\/07\/tempFileForShare_20240714-152555-768x838.jpg 768w, http:\/\/xn--grtter-4ya.de\/wp-content\/uploads\/2024\/07\/tempFileForShare_20240714-152555.jpg 1051w\" sizes=\"auto, (max-width: 706px) 89vw, (max-width: 767px) 82vw, 740px\" \/><\/figure>\n\n\n\n<p><strong>Elektromagnetische Pelvic Chair Stuhl<\/strong><br>Diese innovative Technologie nutzt elektromagnetische Impulse, um die Beckenbodenmuskulatur zu stimulieren und zu kr\u00e4ftigen.<\/p>\n\n\n\n<figure class=\"wp-block-image size-large\"><img loading=\"lazy\" decoding=\"async\" width=\"1024\" height=\"899\" src=\"http:\/\/xn--grtter-4ya.de\/wp-content\/uploads\/2024\/07\/tempFileForShare_20240714-152141-1024x899.jpg\" alt=\"\" class=\"wp-image-873\" srcset=\"http:\/\/xn--grtter-4ya.de\/wp-content\/uploads\/2024\/07\/tempFileForShare_20240714-152141-1024x899.jpg 1024w, http:\/\/xn--grtter-4ya.de\/wp-content\/uploads\/2024\/07\/tempFileForShare_20240714-152141-300x263.jpg 300w, http:\/\/xn--grtter-4ya.de\/wp-content\/uploads\/2024\/07\/tempFileForShare_20240714-152141-768x674.jpg 768w, http:\/\/xn--grtter-4ya.de\/wp-content\/uploads\/2024\/07\/tempFileForShare_20240714-152141.jpg 1079w\" sizes=\"auto, (max-width: 706px) 89vw, (max-width: 767px) 82vw, 740px\" \/><\/figure>\n\n\n\n<p><strong>Lasertherapie<\/strong>:<br>Eine schonende Methode zur Behandlung von Beckenbodenschw\u00e4che, die durch den Einsatz von Laserstrahlen die Geweberegeneration f\u00f6rdert und die Muskelspannung verbessert.<\/p>\n\n\n\n<figure class=\"wp-block-image size-full\"><img loading=\"lazy\" decoding=\"async\" width=\"765\" height=\"446\" src=\"http:\/\/xn--grtter-4ya.de\/wp-content\/uploads\/2024\/07\/tempFileForShare_20240714-152400.jpg\" alt=\"\" class=\"wp-image-872\" srcset=\"http:\/\/xn--grtter-4ya.de\/wp-content\/uploads\/2024\/07\/tempFileForShare_20240714-152400.jpg 765w, http:\/\/xn--grtter-4ya.de\/wp-content\/uploads\/2024\/07\/tempFileForShare_20240714-152400-300x175.jpg 300w\" sizes=\"auto, (max-width: 706px) 89vw, (max-width: 767px) 82vw, 740px\" \/><\/figure>\n\n\n\n<figure class=\"wp-block-image size-full\"><img loading=\"lazy\" decoding=\"async\" width=\"1010\" height=\"573\" src=\"http:\/\/xn--grtter-4ya.de\/wp-content\/uploads\/2024\/07\/tempFileForShare_20240714-152450.jpg\" alt=\"\" class=\"wp-image-871\" srcset=\"http:\/\/xn--grtter-4ya.de\/wp-content\/uploads\/2024\/07\/tempFileForShare_20240714-152450.jpg 1010w, http:\/\/xn--grtter-4ya.de\/wp-content\/uploads\/2024\/07\/tempFileForShare_20240714-152450-300x170.jpg 300w, http:\/\/xn--grtter-4ya.de\/wp-content\/uploads\/2024\/07\/tempFileForShare_20240714-152450-768x436.jpg 768w\" sizes=\"auto, (max-width: 706px) 89vw, (max-width: 767px) 82vw, 740px\" \/><\/figure>\n\n\n\n<p><\/p>\n\n\n\n<h2 class=\"wp-block-heading\"><strong>Das Biofeedback-Ger\u00e4t Duo Bravo <\/strong><\/h2>\n\n\n\n<p>Das Ger\u00e4t zeigt in Echtzeit an, wie stark die Muskeln angespannt sind, was den Patienten hilft, die richtige Technik f\u00fcr Beckenboden\u00fcbungen zu erlernen und ihre Muskelaktivit\u00e4t zu optimieren.<\/p>\n\n\n\n<figure class=\"wp-block-image size-full\"><img loading=\"lazy\" decoding=\"async\" width=\"997\" height=\"964\" src=\"http:\/\/xn--grtter-4ya.de\/wp-content\/uploads\/2024\/07\/1000005488.jpg\" alt=\"\" class=\"wp-image-882\" srcset=\"http:\/\/xn--grtter-4ya.de\/wp-content\/uploads\/2024\/07\/1000005488.jpg 997w, http:\/\/xn--grtter-4ya.de\/wp-content\/uploads\/2024\/07\/1000005488-300x290.jpg 300w, http:\/\/xn--grtter-4ya.de\/wp-content\/uploads\/2024\/07\/1000005488-768x743.jpg 768w\" sizes=\"auto, (max-width: 706px) 89vw, (max-width: 767px) 82vw, 740px\" \/><\/figure>\n\n\n\n<p>In vielen F\u00e4llen werden die Kosten f\u00fcr die Nutzung eines Biofeedback-Ger\u00e4ts f\u00fcr den Beckenboden von Krankenkassen \u00fcbernommen<\/p>\n\n\n\n<p>Vereinbaren Sie noch heute einen Termin, um mehr \u00fcber unsere Behandlungsoptionen zu erfahren und Ihre Lebensqualit\u00e4t zu verbessern.<\/p>\n\n\n\n<h4 class=\"wp-block-heading\"><strong>Unser Leistungsangebot<br>rund um die Schwangerschaft<\/strong><\/h4>\n\n\n\n<ul class=\"wp-block-list\">\n<li>Mutterschaftsvorsorge &#8211; Beratung und Betreuung w\u00e4hrend der Schwangerschaft<\/li>\n\n\n\n<li>Individuelle Beratung zu Pr\u00e4nataldiagnostik<\/li>\n\n\n\n<li>fetal DNA-Tests\/NIPT<\/li>\n\n\n\n<li>Nackentransparenzmessung (zertifiziert nach FMF Deutschland)<\/li>\n\n\n\n<li>Ersttrimesterscreening<\/li>\n\n\n\n<li>Erweiterte Pr\u00e4nataldiagnostik- Ultraschallfeindiagnostik<\/li>\n\n\n\n<li>Farb-Dopplersonographie &#8211; Kindliche Blutversorgung<\/li>\n\n\n\n<li>3D\/4D Ultraschall &#8211; Ausschluss Gesichtsfehlbildung<\/li>\n<\/ul>\n\n\n\n<figure class=\"wp-block-image size-large\"><img loading=\"lazy\" decoding=\"async\" width=\"1024\" height=\"716\" src=\"http:\/\/xn--grtter-4ya.de\/wp-content\/uploads\/2020\/03\/ultraschall-2020-1024x716.jpg\" alt=\"\" class=\"wp-image-91\" srcset=\"http:\/\/xn--grtter-4ya.de\/wp-content\/uploads\/2020\/03\/ultraschall-2020-1024x716.jpg 1024w, http:\/\/xn--grtter-4ya.de\/wp-content\/uploads\/2020\/03\/ultraschall-2020-300x210.jpg 300w, http:\/\/xn--grtter-4ya.de\/wp-content\/uploads\/2020\/03\/ultraschall-2020-768x537.jpg 768w, http:\/\/xn--grtter-4ya.de\/wp-content\/uploads\/2020\/03\/ultraschall-2020-1536x1074.jpg 1536w, http:\/\/xn--grtter-4ya.de\/wp-content\/uploads\/2020\/03\/ultraschall-2020.jpg 1847w\" sizes=\"auto, (max-width: 706px) 89vw, (max-width: 767px) 82vw, 740px\" \/><\/figure>\n\n\n\n<figure class=\"wp-block-image size-large\"><img loading=\"lazy\" decoding=\"async\" width=\"409\" height=\"450\" src=\"http:\/\/xn--grtter-4ya.de\/wp-content\/uploads\/2020\/03\/ultraschall-2.jpg\" alt=\"\" class=\"wp-image-92\" srcset=\"http:\/\/xn--grtter-4ya.de\/wp-content\/uploads\/2020\/03\/ultraschall-2.jpg 409w, http:\/\/xn--grtter-4ya.de\/wp-content\/uploads\/2020\/03\/ultraschall-2-273x300.jpg 273w\" sizes=\"auto, (max-width: 409px) 100vw, 409px\" \/><\/figure>\n\n\n\n<figure class=\"wp-block-image size-large\"><img loading=\"lazy\" decoding=\"async\" width=\"408\" height=\"450\" src=\"http:\/\/xn--grtter-4ya.de\/wp-content\/uploads\/2020\/03\/ultraschall-1.jpg\" alt=\"\" class=\"wp-image-93\" srcset=\"http:\/\/xn--grtter-4ya.de\/wp-content\/uploads\/2020\/03\/ultraschall-1.jpg 408w, http:\/\/xn--grtter-4ya.de\/wp-content\/uploads\/2020\/03\/ultraschall-1-272x300.jpg 272w\" sizes=\"auto, (max-width: 408px) 100vw, 408px\" \/><\/figure>\n\n\n\n<div style=\"height:100px\" aria-hidden=\"true\" class=\"wp-block-spacer\"><\/div>\n\n\n\n<h4 class=\"wp-block-heading\"><strong>Unser allgemeines gyn\u00e4kologisches Leistungsangebot<\/strong><\/h4>\n\n\n\n<ul class=\"wp-block-list\">\n<li>Krebsvorsorgeuntersuchung<br>erweiterte Vorsorge: Zus\u00e4tzlicher gyn\u00e4kologischer Ultraschall zur erweiterten Diagnostik der Geb\u00e4rmutter und der Eierst\u00f6cke Zus\u00e4tzliche Sonographie der Brustdr\u00fcsenk\u00f6rper. Empfehlenswert bei erschwertem Tastbefund und famili\u00e4rer Vorbelastung nach R\u00fccksprache mit der \u00c4rztin. <\/li>\n\n\n\n<li>M\u00e4dchensprechstunde (Teenagersprechstunde)<\/li>\n\n\n\n<li>Individuelle Verh\u00fctungsberatung (verschiedene Spiralen: Kupferspirale, Gynefix &#8222;-Kupferkette&#8220;; verschiedene \u00f6strogenfreie Intrauterinsysteme &#8211; &#8222;Hormonspirale&#8220;, Hormonst\u00e4bchen)<\/li>\n\n\n\n<li>Kinderwunschsprechstunde<br> (Diagnostische Abkl\u00e4rung, Beratung, Therapie)<\/li>\n\n\n\n<li>Zyklusmonitoring<\/li>\n\n\n\n<li>Impfmanagement<br> (Impfungen bei Kinderwunsch, Auffrischimpfungen, Geb\u00e4rmutterhalskrebsimpfungen)<\/li>\n\n\n\n<li>Hormonersatztherapie<\/li>\n\n\n\n<li>Krebsnachsorgebehandlung (auf Wunsch naturheilkundlich erg\u00e4nzt)<\/li>\n\n\n\n<li>Kolposkopie zur Fr\u00fcherkennung des Geb\u00e4rmutterhalskrebs<\/li>\n<\/ul>\n\n\n\n<div style=\"height:100px\" aria-hidden=\"true\" class=\"wp-block-spacer\"><\/div>\n\n\n\n<h4 class=\"wp-block-heading\"><strong>Naturheilverfahren und naturheilkundliche Begleittherapie<\/strong><\/h4>\n\n\n\n<ul class=\"wp-block-list\">\n<li>Phytotherapie<\/li>\n\n\n\n<li>Neuraltherapie<\/li>\n\n\n\n<li>Blutegeltherapie<\/li>\n\n\n\n<li>Magnetfeldtherapie<\/li>\n<\/ul>\n\n\n\n<figure class=\"wp-block-image size-large\"><img loading=\"lazy\" decoding=\"async\" width=\"200\" height=\"133\" src=\"http:\/\/xn--grtter-4ya.de\/wp-content\/uploads\/2020\/03\/Blutegel-1.jpg\" alt=\"\" class=\"wp-image-103\"\/><\/figure>\n\n\n\n<figure class=\"wp-block-image size-large\"><img loading=\"lazy\" decoding=\"async\" width=\"200\" height=\"133\" src=\"http:\/\/xn--grtter-4ya.de\/wp-content\/uploads\/2020\/03\/Blutegel-2.jpg\" alt=\"\" class=\"wp-image-104\"\/><\/figure>\n\n\n\n<div style=\"height:100px\" aria-hidden=\"true\" class=\"wp-block-spacer\"><\/div>\n\n\n\n<h4 class=\"wp-block-heading\"><\/h4>\n\n\n\n<h4 class=\"wp-block-heading\"><strong>\u00c4sthetische Leistungen<\/strong><\/h4>\n\n\n\n<p class=\"has-drop-cap\">Jahr f\u00fcr Jahr \u00e4lter werden und dabei frisch und erholt aussehen? Kleine F\u00e4ltchen gl\u00e4tten, verlorenes Volumen ausgleichen und doch ganz nat\u00fcrlich wirken? Wir unterst\u00fctzen Sie dabei, das Altern optisch ein wenig zu verlangsamen \u2013 durch sanfte \u00e4sthetische Verfahren.  F\u00fcr eine entspannte Ausstrahlung \u2013 und Ihr ganz pers\u00f6nliches Wohlgef\u00fchl.<\/p>\n\n\n\n<figure class=\"wp-block-image size-large\"><img loading=\"lazy\" decoding=\"async\" width=\"299\" height=\"450\" src=\"http:\/\/xn--grtter-4ya.de\/wp-content\/uploads\/2020\/03\/Fadenlifting-1.jpg\" alt=\"\" class=\"wp-image-95\" srcset=\"http:\/\/xn--grtter-4ya.de\/wp-content\/uploads\/2020\/03\/Fadenlifting-1.jpg 299w, http:\/\/xn--grtter-4ya.de\/wp-content\/uploads\/2020\/03\/Fadenlifting-1-199x300.jpg 199w\" sizes=\"auto, (max-width: 299px) 100vw, 299px\" \/><\/figure>\n\n\n\n<p>In meiner Praxis biete ich Ihnen ein umfassendes Spektrum \u00e4sthetischer Behandlungen und Therapien an.<\/p>\n\n\n\n<ul class=\"wp-block-list\">\n<li>PDO-F\u00e4den (Faltenlifting, Gesicht, Hals, Auge, K\u00f6rper, Brust, Beine, Po)<br><\/li>\n\n\n\n<li>Hyalurons\u00e4ure Behandlung (Gesicht, Auge) &nbsp;<\/li>\n\n\n\n<li>Microneedling \/ Mesotherapie (Schwangerschaftsstreifen, Aknenarben, Narben, Haarausfall, Schuppenflechte)<br><\/li>\n\n\n\n<li>Plasmatherapie PRP \/ Eigenbluttherapie (Auffrischungstherapie, Haut und Haare, Dekollete)<br><\/li>\n\n\n\n<li>Behandlung mit Botox bei Hyperhidrosis (\u00fcberm\u00e4\u00dfiges Schwitzen in den Achselh\u00f6hlen)<\/li>\n<\/ul>\n\n\n\n<figure class=\"wp-block-image size-large\"><img loading=\"lazy\" decoding=\"async\" width=\"200\" height=\"77\" src=\"http:\/\/xn--grtter-4ya.de\/wp-content\/uploads\/2020\/03\/Zornesfalten-3.jpg\" alt=\"\" class=\"wp-image-96\"\/><\/figure>\n\n\n\n<figure class=\"wp-block-image size-large\"><img loading=\"lazy\" decoding=\"async\" width=\"200\" height=\"81\" src=\"http:\/\/xn--grtter-4ya.de\/wp-content\/uploads\/2020\/03\/Stirnfalten-2.jpg\" alt=\"\" class=\"wp-image-97\"\/><\/figure>\n\n\n\n<div style=\"height:100px\" aria-hidden=\"true\" class=\"wp-block-spacer\"><\/div>\n\n\n\n<div style=\"height:100px\" aria-hidden=\"true\" class=\"wp-block-spacer\"><\/div>\n\n\n\n<p>Ludgerusweg 3<\/p>\n\n\n\n<p>48683 Ahaus<\/p>\n\n\n\n<p>Tel.: 0 25 61 \/ 96 16 63 \u2013 Fax: 0 25 61 \/ 96 16 65<\/p>\n\n\n\n<p><\/p>\n","protected":false},"excerpt":{"rendered":"<p>Beckenbodensprechstunde Wir bieten eine spezialisierte Beckenbodensprechstunde an, die sich auf die Diagnose und Behandlung von Beckenbodenproblemen konzentriert. Unsere Behandlungsmethoden: Pessar-TherapieDiese Therapieform zielt darauf ab, die Beckenbodenmuskulatur gezielt zu st\u00e4rken und zu stabilisieren. Elektromagnetische Pelvic Chair StuhlDiese innovative Technologie nutzt elektromagnetische Impulse, um die Beckenbodenmuskulatur zu stimulieren und zu kr\u00e4ftigen. Lasertherapie:Eine schonende Methode zur Behandlung von &hellip; <\/p>\n<p class=\"link-more\"><a href=\"http:\/\/xn--grtter-4ya.de\/?page_id=42\" class=\"more-link\"><span class=\"screen-reader-text\">\u201eLeistungspektrum\u201c <\/span>weiterlesen<\/a><\/p>\n","protected":false},"author":1,"featured_media":0,"parent":0,"menu_order":0,"comment_status":"closed","ping_status":"closed","template":"","meta":{"footnotes":""},"class_list":["post-42","page","type-page","status-publish","hentry"],"yoast_head":"<!-- This site is optimized with the Yoast SEO plugin v27.5 - https:\/\/yoast.com\/product\/yoast-seo-wordpress\/ -->\n<title>Leistungspektrum - Dr. med. Gr\u00fctter - Zentrum f\u00fcr Frauengesundheit<\/title>\n<meta name=\"description\" content=\"Mesotherapie ist eine sanfte Methode zur gezielten Versorgung der Haut mit Vitaminen, Aminos\u00e4uren und Hyaluron Ahaus Borken\" \/>\n<meta name=\"robots\" content=\"index, follow, max-snippet:-1, max-image-preview:large, max-video-preview:-1\" \/>\n<link rel=\"canonical\" href=\"https:\/\/xn--grtter-4ya.de\/?page_id=42\" \/>\n<meta property=\"og:locale\" content=\"de_DE\" \/>\n<meta property=\"og:type\" content=\"article\" \/>\n<meta property=\"og:title\" content=\"Leistungspektrum - Dr. med. Gr\u00fctter - Zentrum f\u00fcr Frauengesundheit\" \/>\n<meta property=\"og:description\" content=\"Mesotherapie ist eine sanfte Methode zur gezielten Versorgung der Haut mit Vitaminen, Aminos\u00e4uren und Hyaluron Ahaus Borken\" \/>\n<meta property=\"og:url\" content=\"https:\/\/xn--grtter-4ya.de\/?page_id=42\" \/>\n<meta property=\"og:site_name\" content=\"Dr. med. Gr\u00fctter - Zentrum f\u00fcr Frauengesundheit\" \/>\n<meta property=\"article:modified_time\" content=\"2025-04-18T16:29:46+00:00\" \/>\n<meta property=\"og:image\" content=\"http:\/\/xn--grtter-4ya.de\/wp-content\/uploads\/2024\/07\/tempFileForShare_20240714-152555-938x1024.jpg\" \/>\n<meta name=\"twitter:card\" content=\"summary_large_image\" \/>\n<meta name=\"twitter:label1\" content=\"Gesch\u00e4tzte Lesezeit\" \/>\n\t<meta name=\"twitter:data1\" content=\"5\u00a0Minuten\" \/>\n<script type=\"application\/ld+json\" class=\"yoast-schema-graph\">{\"@context\":\"https:\\\/\\\/schema.org\",\"@graph\":[{\"@type\":\"WebPage\",\"@id\":\"https:\\\/\\\/xn--grtter-4ya.de\\\/?page_id=42\",\"url\":\"https:\\\/\\\/xn--grtter-4ya.de\\\/?page_id=42\",\"name\":\"Leistungspektrum - Dr. med. Gr\u00fctter - Zentrum f\u00fcr Frauengesundheit\",\"isPartOf\":{\"@id\":\"https:\\\/\\\/xn--grtter-4ya.de\\\/#website\"},\"primaryImageOfPage\":{\"@id\":\"https:\\\/\\\/xn--grtter-4ya.de\\\/?page_id=42#primaryimage\"},\"image\":{\"@id\":\"https:\\\/\\\/xn--grtter-4ya.de\\\/?page_id=42#primaryimage\"},\"thumbnailUrl\":\"http:\\\/\\\/xn--grtter-4ya.de\\\/wp-content\\\/uploads\\\/2024\\\/07\\\/tempFileForShare_20240714-152555-938x1024.jpg\",\"datePublished\":\"2020-03-06T16:15:25+00:00\",\"dateModified\":\"2025-04-18T16:29:46+00:00\",\"description\":\"Mesotherapie ist eine sanfte Methode zur gezielten Versorgung der Haut mit Vitaminen, Aminos\u00e4uren und Hyaluron Ahaus Borken\",\"breadcrumb\":{\"@id\":\"https:\\\/\\\/xn--grtter-4ya.de\\\/?page_id=42#breadcrumb\"},\"inLanguage\":\"de\",\"potentialAction\":[{\"@type\":\"ReadAction\",\"target\":[\"https:\\\/\\\/xn--grtter-4ya.de\\\/?page_id=42\"]}]},{\"@type\":\"ImageObject\",\"inLanguage\":\"de\",\"@id\":\"https:\\\/\\\/xn--grtter-4ya.de\\\/?page_id=42#primaryimage\",\"url\":\"http:\\\/\\\/xn--grtter-4ya.de\\\/wp-content\\\/uploads\\\/2024\\\/07\\\/tempFileForShare_20240714-152555.jpg\",\"contentUrl\":\"http:\\\/\\\/xn--grtter-4ya.de\\\/wp-content\\\/uploads\\\/2024\\\/07\\\/tempFileForShare_20240714-152555.jpg\",\"width\":1051,\"height\":1147},{\"@type\":\"BreadcrumbList\",\"@id\":\"https:\\\/\\\/xn--grtter-4ya.de\\\/?page_id=42#breadcrumb\",\"itemListElement\":[{\"@type\":\"ListItem\",\"position\":1,\"name\":\"Startseite\",\"item\":\"https:\\\/\\\/xn--grtter-4ya.de\\\/\"},{\"@type\":\"ListItem\",\"position\":2,\"name\":\"Leistungspektrum\"}]},{\"@type\":\"WebSite\",\"@id\":\"https:\\\/\\\/xn--grtter-4ya.de\\\/#website\",\"url\":\"https:\\\/\\\/xn--grtter-4ya.de\\\/\",\"name\":\"Dr. med. Gr\u00fctter\",\"description\":\"\",\"publisher\":{\"@id\":\"https:\\\/\\\/xn--grtter-4ya.de\\\/#organization\"},\"potentialAction\":[{\"@type\":\"SearchAction\",\"target\":{\"@type\":\"EntryPoint\",\"urlTemplate\":\"https:\\\/\\\/xn--grtter-4ya.de\\\/?s={search_term_string}\"},\"query-input\":{\"@type\":\"PropertyValueSpecification\",\"valueRequired\":true,\"valueName\":\"search_term_string\"}}],\"inLanguage\":\"de\"},{\"@type\":\"Organization\",\"@id\":\"https:\\\/\\\/xn--grtter-4ya.de\\\/#organization\",\"name\":\"Dr. med. Gr\u00fctter\",\"url\":\"https:\\\/\\\/xn--grtter-4ya.de\\\/\",\"logo\":{\"@type\":\"ImageObject\",\"inLanguage\":\"de\",\"@id\":\"https:\\\/\\\/xn--grtter-4ya.de\\\/#\\\/schema\\\/logo\\\/image\\\/\",\"url\":\"http:\\\/\\\/xn--grtter-4ya.de\\\/wp-content\\\/uploads\\\/2020\\\/03\\\/logo_praxis.gif\",\"contentUrl\":\"http:\\\/\\\/xn--grtter-4ya.de\\\/wp-content\\\/uploads\\\/2020\\\/03\\\/logo_praxis.gif\",\"width\":500,\"height\":302,\"caption\":\"Dr. med. Gr\u00fctter\"},\"image\":{\"@id\":\"https:\\\/\\\/xn--grtter-4ya.de\\\/#\\\/schema\\\/logo\\\/image\\\/\"}}]}<\/script>\n<!-- \/ Yoast SEO plugin. -->","yoast_head_json":{"title":"Leistungspektrum - Dr. med. Gr\u00fctter - Zentrum f\u00fcr Frauengesundheit","description":"Mesotherapie ist eine sanfte Methode zur gezielten Versorgung der Haut mit Vitaminen, Aminos\u00e4uren und Hyaluron Ahaus Borken","robots":{"index":"index","follow":"follow","max-snippet":"max-snippet:-1","max-image-preview":"max-image-preview:large","max-video-preview":"max-video-preview:-1"},"canonical":"https:\/\/xn--grtter-4ya.de\/?page_id=42","og_locale":"de_DE","og_type":"article","og_title":"Leistungspektrum - Dr. med. Gr\u00fctter - Zentrum f\u00fcr Frauengesundheit","og_description":"Mesotherapie ist eine sanfte Methode zur gezielten Versorgung der Haut mit Vitaminen, Aminos\u00e4uren und Hyaluron Ahaus Borken","og_url":"https:\/\/xn--grtter-4ya.de\/?page_id=42","og_site_name":"Dr. med. Gr\u00fctter - Zentrum f\u00fcr Frauengesundheit","article_modified_time":"2025-04-18T16:29:46+00:00","og_image":[{"url":"http:\/\/xn--grtter-4ya.de\/wp-content\/uploads\/2024\/07\/tempFileForShare_20240714-152555-938x1024.jpg","type":"","width":"","height":""}],"twitter_card":"summary_large_image","twitter_misc":{"Gesch\u00e4tzte Lesezeit":"5\u00a0Minuten"},"schema":{"@context":"https:\/\/schema.org","@graph":[{"@type":"WebPage","@id":"https:\/\/xn--grtter-4ya.de\/?page_id=42","url":"https:\/\/xn--grtter-4ya.de\/?page_id=42","name":"Leistungspektrum - Dr. med. Gr\u00fctter - Zentrum f\u00fcr Frauengesundheit","isPartOf":{"@id":"https:\/\/xn--grtter-4ya.de\/#website"},"primaryImageOfPage":{"@id":"https:\/\/xn--grtter-4ya.de\/?page_id=42#primaryimage"},"image":{"@id":"https:\/\/xn--grtter-4ya.de\/?page_id=42#primaryimage"},"thumbnailUrl":"http:\/\/xn--grtter-4ya.de\/wp-content\/uploads\/2024\/07\/tempFileForShare_20240714-152555-938x1024.jpg","datePublished":"2020-03-06T16:15:25+00:00","dateModified":"2025-04-18T16:29:46+00:00","description":"Mesotherapie ist eine sanfte Methode zur gezielten Versorgung der Haut mit Vitaminen, Aminos\u00e4uren und Hyaluron Ahaus Borken","breadcrumb":{"@id":"https:\/\/xn--grtter-4ya.de\/?page_id=42#breadcrumb"},"inLanguage":"de","potentialAction":[{"@type":"ReadAction","target":["https:\/\/xn--grtter-4ya.de\/?page_id=42"]}]},{"@type":"ImageObject","inLanguage":"de","@id":"https:\/\/xn--grtter-4ya.de\/?page_id=42#primaryimage","url":"http:\/\/xn--grtter-4ya.de\/wp-content\/uploads\/2024\/07\/tempFileForShare_20240714-152555.jpg","contentUrl":"http:\/\/xn--grtter-4ya.de\/wp-content\/uploads\/2024\/07\/tempFileForShare_20240714-152555.jpg","width":1051,"height":1147},{"@type":"BreadcrumbList","@id":"https:\/\/xn--grtter-4ya.de\/?page_id=42#breadcrumb","itemListElement":[{"@type":"ListItem","position":1,"name":"Startseite","item":"https:\/\/xn--grtter-4ya.de\/"},{"@type":"ListItem","position":2,"name":"Leistungspektrum"}]},{"@type":"WebSite","@id":"https:\/\/xn--grtter-4ya.de\/#website","url":"https:\/\/xn--grtter-4ya.de\/","name":"Dr. med. Gr\u00fctter","description":"","publisher":{"@id":"https:\/\/xn--grtter-4ya.de\/#organization"},"potentialAction":[{"@type":"SearchAction","target":{"@type":"EntryPoint","urlTemplate":"https:\/\/xn--grtter-4ya.de\/?s={search_term_string}"},"query-input":{"@type":"PropertyValueSpecification","valueRequired":true,"valueName":"search_term_string"}}],"inLanguage":"de"},{"@type":"Organization","@id":"https:\/\/xn--grtter-4ya.de\/#organization","name":"Dr. med. Gr\u00fctter","url":"https:\/\/xn--grtter-4ya.de\/","logo":{"@type":"ImageObject","inLanguage":"de","@id":"https:\/\/xn--grtter-4ya.de\/#\/schema\/logo\/image\/","url":"http:\/\/xn--grtter-4ya.de\/wp-content\/uploads\/2020\/03\/logo_praxis.gif","contentUrl":"http:\/\/xn--grtter-4ya.de\/wp-content\/uploads\/2020\/03\/logo_praxis.gif","width":500,"height":302,"caption":"Dr. med. Gr\u00fctter"},"image":{"@id":"https:\/\/xn--grtter-4ya.de\/#\/schema\/logo\/image\/"}}]}},"_links":{"self":[{"href":"http:\/\/xn--grtter-4ya.de\/index.php?rest_route=\/wp\/v2\/pages\/42","targetHints":{"allow":["GET"]}}],"collection":[{"href":"http:\/\/xn--grtter-4ya.de\/index.php?rest_route=\/wp\/v2\/pages"}],"about":[{"href":"http:\/\/xn--grtter-4ya.de\/index.php?rest_route=\/wp\/v2\/types\/page"}],"author":[{"embeddable":true,"href":"http:\/\/xn--grtter-4ya.de\/index.php?rest_route=\/wp\/v2\/users\/1"}],"replies":[{"embeddable":true,"href":"http:\/\/xn--grtter-4ya.de\/index.php?rest_route=%2Fwp%2Fv2%2Fcomments&post=42"}],"version-history":[{"count":24,"href":"http:\/\/xn--grtter-4ya.de\/index.php?rest_route=\/wp\/v2\/pages\/42\/revisions"}],"predecessor-version":[{"id":883,"href":"http:\/\/xn--grtter-4ya.de\/index.php?rest_route=\/wp\/v2\/pages\/42\/revisions\/883"}],"wp:attachment":[{"href":"http:\/\/xn--grtter-4ya.de\/index.php?rest_route=%2Fwp%2Fv2%2Fmedia&parent=42"}],"curies":[{"name":"wp","href":"https:\/\/api.w.org\/{rel}","templated":true}]}}