{"id":418,"date":"2021-10-19T16:27:00","date_gmt":"2021-10-19T16:27:00","guid":{"rendered":"http:\/\/xn--grtter-4ya.de\/?page_id=418"},"modified":"2023-05-31T05:16:20","modified_gmt":"2023-05-31T05:16:20","slug":"patienteninfo","status":"publish","type":"page","link":"http:\/\/xn--grtter-4ya.de\/?page_id=418","title":{"rendered":"gesch\u00fctzer Bereich"},"content":{"rendered":"","protected":true},"excerpt":{"rendered":"","protected":true},"author":1,"featured_media":0,"parent":0,"menu_order":0,"comment_status":"closed","ping_status":"closed","template":"","meta":{"footnotes":""},"class_list":["post-418","page","type-page","status-publish","post-password-required","hentry"],"yoast_head":"<!-- This site is optimized with the Yoast SEO plugin v27.5 - https:\/\/yoast.com\/product\/yoast-seo-wordpress\/ -->\n<title>gesch\u00fctzer Bereich - Dr. med. Gr\u00fctter - Zentrum f\u00fcr Frauengesundheit<\/title>\n<meta name=\"robots\" content=\"index, follow, max-snippet:-1, max-image-preview:large, max-video-preview:-1\" \/>\n<link rel=\"canonical\" href=\"https:\/\/xn--grtter-4ya.de\/?page_id=418\" \/>\n<meta property=\"og:locale\" content=\"de_DE\" \/>\n<meta property=\"og:type\" content=\"article\" \/>\n<meta property=\"og:title\" content=\"gesch\u00fctzer Bereich - Dr. med. Gr\u00fctter - Zentrum f\u00fcr Frauengesundheit\" \/>\n<meta property=\"og:description\" content=\"Es gibt keinen Textauszug, da dies ein gesch\u00fctzter Beitrag ist.\" \/>\n<meta property=\"og:url\" content=\"https:\/\/xn--grtter-4ya.de\/?page_id=418\" \/>\n<meta property=\"og:site_name\" content=\"Dr. med. Gr\u00fctter - Zentrum f\u00fcr Frauengesundheit\" \/>\n<meta property=\"article:modified_time\" content=\"2023-05-31T05:16:20+00:00\" \/>\n<meta name=\"twitter:card\" content=\"summary_large_image\" \/>\n<script type=\"application\/ld+json\" class=\"yoast-schema-graph\">{\"@context\":\"https:\\\/\\\/schema.org\",\"@graph\":[{\"@type\":\"WebPage\",\"@id\":\"https:\\\/\\\/xn--grtter-4ya.de\\\/?page_id=418\",\"url\":\"https:\\\/\\\/xn--grtter-4ya.de\\\/?page_id=418\",\"name\":\"gesch\u00fctzer Bereich - Dr. med. Gr\u00fctter - Zentrum f\u00fcr Frauengesundheit\",\"isPartOf\":{\"@id\":\"https:\\\/\\\/xn--grtter-4ya.de\\\/#website\"},\"datePublished\":\"2021-10-19T16:27:00+00:00\",\"dateModified\":\"2023-05-31T05:16:20+00:00\",\"breadcrumb\":{\"@id\":\"https:\\\/\\\/xn--grtter-4ya.de\\\/?page_id=418#breadcrumb\"},\"inLanguage\":\"de\"},{\"@type\":\"WebSite\",\"@id\":\"https:\\\/\\\/xn--grtter-4ya.de\\\/#website\",\"url\":\"https:\\\/\\\/xn--grtter-4ya.de\\\/\",\"name\":\"Dr. med. Gr\u00fctter\",\"description\":\"\",\"publisher\":{\"@id\":\"https:\\\/\\\/xn--grtter-4ya.de\\\/#organization\"},\"potentialAction\":[{\"@type\":\"SearchAction\",\"target\":{\"@type\":\"EntryPoint\",\"urlTemplate\":\"https:\\\/\\\/xn--grtter-4ya.de\\\/?s={search_term_string}\"},\"query-input\":{\"@type\":\"PropertyValueSpecification\",\"valueRequired\":true,\"valueName\":\"search_term_string\"}}],\"inLanguage\":\"de\"},{\"@type\":\"Organization\",\"@id\":\"https:\\\/\\\/xn--grtter-4ya.de\\\/#organization\",\"name\":\"Dr. med. Gr\u00fctter\",\"url\":\"https:\\\/\\\/xn--grtter-4ya.de\\\/\",\"logo\":{\"@type\":\"ImageObject\",\"inLanguage\":\"de\",\"@id\":\"https:\\\/\\\/xn--grtter-4ya.de\\\/#\\\/schema\\\/logo\\\/image\\\/\",\"url\":\"http:\\\/\\\/xn--grtter-4ya.de\\\/wp-content\\\/uploads\\\/2020\\\/03\\\/logo_praxis.gif\",\"contentUrl\":\"http:\\\/\\\/xn--grtter-4ya.de\\\/wp-content\\\/uploads\\\/2020\\\/03\\\/logo_praxis.gif\",\"width\":500,\"height\":302,\"caption\":\"Dr. med. Gr\u00fctter\"},\"image\":{\"@id\":\"https:\\\/\\\/xn--grtter-4ya.de\\\/#\\\/schema\\\/logo\\\/image\\\/\"}}]}<\/script>\n<!-- \/ Yoast SEO plugin. -->","yoast_head_json":{"title":"gesch\u00fctzer Bereich - Dr. med. Gr\u00fctter - Zentrum f\u00fcr Frauengesundheit","robots":{"index":"index","follow":"follow","max-snippet":"max-snippet:-1","max-image-preview":"max-image-preview:large","max-video-preview":"max-video-preview:-1"},"canonical":"https:\/\/xn--grtter-4ya.de\/?page_id=418","og_locale":"de_DE","og_type":"article","og_title":"gesch\u00fctzer Bereich - Dr. med. Gr\u00fctter - Zentrum f\u00fcr Frauengesundheit","og_description":"Es gibt keinen Textauszug, da dies ein gesch\u00fctzter Beitrag ist.","og_url":"https:\/\/xn--grtter-4ya.de\/?page_id=418","og_site_name":"Dr. med. Gr\u00fctter - Zentrum f\u00fcr Frauengesundheit","article_modified_time":"2023-05-31T05:16:20+00:00","twitter_card":"summary_large_image","schema":{"@context":"https:\/\/schema.org","@graph":[{"@type":"WebPage","@id":"https:\/\/xn--grtter-4ya.de\/?page_id=418","url":"https:\/\/xn--grtter-4ya.de\/?page_id=418","name":"gesch\u00fctzer Bereich - Dr. med. Gr\u00fctter - Zentrum f\u00fcr Frauengesundheit","isPartOf":{"@id":"https:\/\/xn--grtter-4ya.de\/#website"},"datePublished":"2021-10-19T16:27:00+00:00","dateModified":"2023-05-31T05:16:20+00:00","breadcrumb":{"@id":"https:\/\/xn--grtter-4ya.de\/?page_id=418#breadcrumb"},"inLanguage":"de"},{"@type":"WebSite","@id":"https:\/\/xn--grtter-4ya.de\/#website","url":"https:\/\/xn--grtter-4ya.de\/","name":"Dr. med. Gr\u00fctter","description":"","publisher":{"@id":"https:\/\/xn--grtter-4ya.de\/#organization"},"potentialAction":[{"@type":"SearchAction","target":{"@type":"EntryPoint","urlTemplate":"https:\/\/xn--grtter-4ya.de\/?s={search_term_string}"},"query-input":{"@type":"PropertyValueSpecification","valueRequired":true,"valueName":"search_term_string"}}],"inLanguage":"de"},{"@type":"Organization","@id":"https:\/\/xn--grtter-4ya.de\/#organization","name":"Dr. med. Gr\u00fctter","url":"https:\/\/xn--grtter-4ya.de\/","logo":{"@type":"ImageObject","inLanguage":"de","@id":"https:\/\/xn--grtter-4ya.de\/#\/schema\/logo\/image\/","url":"http:\/\/xn--grtter-4ya.de\/wp-content\/uploads\/2020\/03\/logo_praxis.gif","contentUrl":"http:\/\/xn--grtter-4ya.de\/wp-content\/uploads\/2020\/03\/logo_praxis.gif","width":500,"height":302,"caption":"Dr. med. Gr\u00fctter"},"image":{"@id":"https:\/\/xn--grtter-4ya.de\/#\/schema\/logo\/image\/"}}]}},"_links":{"self":[{"href":"http:\/\/xn--grtter-4ya.de\/index.php?rest_route=\/wp\/v2\/pages\/418","targetHints":{"allow":["GET"]}}],"collection":[{"href":"http:\/\/xn--grtter-4ya.de\/index.php?rest_route=\/wp\/v2\/pages"}],"about":[{"href":"http:\/\/xn--grtter-4ya.de\/index.php?rest_route=\/wp\/v2\/types\/page"}],"author":[{"embeddable":true,"href":"http:\/\/xn--grtter-4ya.de\/index.php?rest_route=\/wp\/v2\/users\/1"}],"replies":[{"embeddable":true,"href":"http:\/\/xn--grtter-4ya.de\/index.php?rest_route=%2Fwp%2Fv2%2Fcomments&post=418"}],"version-history":[{"count":11,"href":"http:\/\/xn--grtter-4ya.de\/index.php?rest_route=\/wp\/v2\/pages\/418\/revisions"}],"predecessor-version":[{"id":701,"href":"http:\/\/xn--grtter-4ya.de\/index.php?rest_route=\/wp\/v2\/pages\/418\/revisions\/701"}],"wp:attachment":[{"href":"http:\/\/xn--grtter-4ya.de\/index.php?rest_route=%2Fwp%2Fv2%2Fmedia&parent=418"}],"curies":[{"name":"wp","href":"https:\/\/api.w.org\/{rel}","templated":true}]}}