{"id":259,"date":"2020-12-30T15:56:15","date_gmt":"2020-12-30T15:56:15","guid":{"rendered":"http:\/\/xn--grtter-4ya.de\/?page_id=259"},"modified":"2020-12-31T14:38:25","modified_gmt":"2020-12-31T14:38:25","slug":"medikamentoese-therapie-der-fehlgeburt","status":"publish","type":"page","link":"http:\/\/xn--grtter-4ya.de\/?page_id=259","title":{"rendered":"Medikament\u00f6se Therapie der Fehlgeburt"},"content":{"rendered":"\n<p class=\"has-drop-cap\">Die medikament\u00f6se Behandlung, wenn der Embryo nicht vital ist  (nicht intakte Fr\u00fchschwangerschaft), ist prinzipiell m\u00f6glich und wissenschaftlich anerkannt. Die Kosten hierf\u00fcr werden nicht von den gesetzlichen Krankenkassen \u00fcbernommen, weshalb in Deutschland in den meisten F\u00e4llen ein operativer Eingriff erfolgt. Der Vorteil einer medikament\u00f6sen Therapie liegt in der Vermeidung eines invasiven Eingriffs unter Vollnarkose. Es wird ebenfalls die Meinung vertreten, dass nach einer medikament\u00f6sen Behandlung schneller die M\u00f6glichkeit f\u00fcr eine erneute Schwangerschaft besteht. Beim medikament\u00f6sen Verfahren kommen 2 Medikamente zum Einsatz, die seit vielen Jahren erfolgreich verwendet werden. Ein Medikament, welches die Hormonrezeptoren des Gelbk\u00f6rperhormons Progesteron blockiert, und damit die verbliebene, nicht mehr intakte Schwangerschaft aus ihrer Umgebung l\u00f6st. Ein bis drei Tage sp\u00e4ter wird die Geb\u00e4rmutter mit Hilfe eines Prostatagladins zu Kontraktionen angeregt, so dass der Schwangerschaftsrest ausgesto\u00dfen wird. Vorsorglich wird gleichzeitig ein Schmerzmittel verabreicht. Diese Behandlung k\u00f6nnen Sie auch in vertrauter h\u00e4uslicher Umgebung durchf\u00fchren. <\/p>\n\n\n\n<p>Wir erl\u00e4utern und beraten gerne &#8211; sprechen Sie uns an!<\/p>\n","protected":false},"excerpt":{"rendered":"<p>Die medikament\u00f6se Behandlung, wenn der Embryo nicht vital ist (nicht intakte Fr\u00fchschwangerschaft), ist prinzipiell m\u00f6glich und wissenschaftlich anerkannt. Die Kosten hierf\u00fcr werden nicht von den gesetzlichen Krankenkassen \u00fcbernommen, weshalb in Deutschland in den meisten F\u00e4llen ein operativer Eingriff erfolgt. Der Vorteil einer medikament\u00f6sen Therapie liegt in der Vermeidung eines invasiven Eingriffs unter Vollnarkose. Es wird &hellip; <\/p>\n<p class=\"link-more\"><a href=\"http:\/\/xn--grtter-4ya.de\/?page_id=259\" class=\"more-link\"><span class=\"screen-reader-text\">\u201eMedikament\u00f6se Therapie der Fehlgeburt\u201c <\/span>weiterlesen<\/a><\/p>\n","protected":false},"author":1,"featured_media":0,"parent":0,"menu_order":0,"comment_status":"closed","ping_status":"closed","template":"","meta":{"footnotes":""},"class_list":["post-259","page","type-page","status-publish","hentry"],"yoast_head":"<!-- This site is optimized with the Yoast SEO plugin v27.5 - https:\/\/yoast.com\/product\/yoast-seo-wordpress\/ -->\n<title>Medikament\u00f6se Therapie der Fehlgeburt - Dr. med. Gr\u00fctter - Zentrum f\u00fcr Frauengesundheit<\/title>\n<meta name=\"robots\" content=\"index, follow, max-snippet:-1, max-image-preview:large, max-video-preview:-1\" \/>\n<link rel=\"canonical\" href=\"https:\/\/xn--grtter-4ya.de\/?page_id=259\" \/>\n<meta property=\"og:locale\" content=\"de_DE\" \/>\n<meta property=\"og:type\" content=\"article\" \/>\n<meta property=\"og:title\" content=\"Medikament\u00f6se Therapie der Fehlgeburt - Dr. med. Gr\u00fctter - Zentrum f\u00fcr Frauengesundheit\" \/>\n<meta property=\"og:description\" content=\"Die medikament\u00f6se Behandlung, wenn der Embryo nicht vital ist (nicht intakte Fr\u00fchschwangerschaft), ist prinzipiell m\u00f6glich und wissenschaftlich anerkannt. Die Kosten hierf\u00fcr werden nicht von den gesetzlichen Krankenkassen \u00fcbernommen, weshalb in Deutschland in den meisten F\u00e4llen ein operativer Eingriff erfolgt. Der Vorteil einer medikament\u00f6sen Therapie liegt in der Vermeidung eines invasiven Eingriffs unter Vollnarkose. Es wird &hellip; \u201eMedikament\u00f6se Therapie der Fehlgeburt\u201c weiterlesen\" \/>\n<meta property=\"og:url\" content=\"https:\/\/xn--grtter-4ya.de\/?page_id=259\" \/>\n<meta property=\"og:site_name\" content=\"Dr. med. Gr\u00fctter - Zentrum f\u00fcr Frauengesundheit\" \/>\n<meta property=\"article:modified_time\" content=\"2020-12-31T14:38:25+00:00\" \/>\n<meta name=\"twitter:card\" content=\"summary_large_image\" \/>\n<meta name=\"twitter:label1\" content=\"Gesch\u00e4tzte Lesezeit\" \/>\n\t<meta name=\"twitter:data1\" content=\"1\u00a0Minute\" \/>\n<script type=\"application\/ld+json\" class=\"yoast-schema-graph\">{\"@context\":\"https:\\\/\\\/schema.org\",\"@graph\":[{\"@type\":\"WebPage\",\"@id\":\"https:\\\/\\\/xn--grtter-4ya.de\\\/?page_id=259\",\"url\":\"https:\\\/\\\/xn--grtter-4ya.de\\\/?page_id=259\",\"name\":\"Medikament\u00f6se Therapie der Fehlgeburt - Dr. med. Gr\u00fctter - Zentrum f\u00fcr Frauengesundheit\",\"isPartOf\":{\"@id\":\"https:\\\/\\\/xn--grtter-4ya.de\\\/#website\"},\"datePublished\":\"2020-12-30T15:56:15+00:00\",\"dateModified\":\"2020-12-31T14:38:25+00:00\",\"breadcrumb\":{\"@id\":\"https:\\\/\\\/xn--grtter-4ya.de\\\/?page_id=259#breadcrumb\"},\"inLanguage\":\"de\",\"potentialAction\":[{\"@type\":\"ReadAction\",\"target\":[\"https:\\\/\\\/xn--grtter-4ya.de\\\/?page_id=259\"]}]},{\"@type\":\"BreadcrumbList\",\"@id\":\"https:\\\/\\\/xn--grtter-4ya.de\\\/?page_id=259#breadcrumb\",\"itemListElement\":[{\"@type\":\"ListItem\",\"position\":1,\"name\":\"Startseite\",\"item\":\"https:\\\/\\\/xn--grtter-4ya.de\\\/\"},{\"@type\":\"ListItem\",\"position\":2,\"name\":\"Medikament\u00f6se Therapie der Fehlgeburt\"}]},{\"@type\":\"WebSite\",\"@id\":\"https:\\\/\\\/xn--grtter-4ya.de\\\/#website\",\"url\":\"https:\\\/\\\/xn--grtter-4ya.de\\\/\",\"name\":\"Dr. med. Gr\u00fctter\",\"description\":\"\",\"publisher\":{\"@id\":\"https:\\\/\\\/xn--grtter-4ya.de\\\/#organization\"},\"potentialAction\":[{\"@type\":\"SearchAction\",\"target\":{\"@type\":\"EntryPoint\",\"urlTemplate\":\"https:\\\/\\\/xn--grtter-4ya.de\\\/?s={search_term_string}\"},\"query-input\":{\"@type\":\"PropertyValueSpecification\",\"valueRequired\":true,\"valueName\":\"search_term_string\"}}],\"inLanguage\":\"de\"},{\"@type\":\"Organization\",\"@id\":\"https:\\\/\\\/xn--grtter-4ya.de\\\/#organization\",\"name\":\"Dr. med. Gr\u00fctter\",\"url\":\"https:\\\/\\\/xn--grtter-4ya.de\\\/\",\"logo\":{\"@type\":\"ImageObject\",\"inLanguage\":\"de\",\"@id\":\"https:\\\/\\\/xn--grtter-4ya.de\\\/#\\\/schema\\\/logo\\\/image\\\/\",\"url\":\"http:\\\/\\\/xn--grtter-4ya.de\\\/wp-content\\\/uploads\\\/2020\\\/03\\\/logo_praxis.gif\",\"contentUrl\":\"http:\\\/\\\/xn--grtter-4ya.de\\\/wp-content\\\/uploads\\\/2020\\\/03\\\/logo_praxis.gif\",\"width\":500,\"height\":302,\"caption\":\"Dr. med. Gr\u00fctter\"},\"image\":{\"@id\":\"https:\\\/\\\/xn--grtter-4ya.de\\\/#\\\/schema\\\/logo\\\/image\\\/\"}}]}<\/script>\n<!-- \/ Yoast SEO plugin. -->","yoast_head_json":{"title":"Medikament\u00f6se Therapie der Fehlgeburt - Dr. med. Gr\u00fctter - Zentrum f\u00fcr Frauengesundheit","robots":{"index":"index","follow":"follow","max-snippet":"max-snippet:-1","max-image-preview":"max-image-preview:large","max-video-preview":"max-video-preview:-1"},"canonical":"https:\/\/xn--grtter-4ya.de\/?page_id=259","og_locale":"de_DE","og_type":"article","og_title":"Medikament\u00f6se Therapie der Fehlgeburt - Dr. med. Gr\u00fctter - Zentrum f\u00fcr Frauengesundheit","og_description":"Die medikament\u00f6se Behandlung, wenn der Embryo nicht vital ist (nicht intakte Fr\u00fchschwangerschaft), ist prinzipiell m\u00f6glich und wissenschaftlich anerkannt. Die Kosten hierf\u00fcr werden nicht von den gesetzlichen Krankenkassen \u00fcbernommen, weshalb in Deutschland in den meisten F\u00e4llen ein operativer Eingriff erfolgt. Der Vorteil einer medikament\u00f6sen Therapie liegt in der Vermeidung eines invasiven Eingriffs unter Vollnarkose. Es wird &hellip; \u201eMedikament\u00f6se Therapie der Fehlgeburt\u201c weiterlesen","og_url":"https:\/\/xn--grtter-4ya.de\/?page_id=259","og_site_name":"Dr. med. Gr\u00fctter - Zentrum f\u00fcr Frauengesundheit","article_modified_time":"2020-12-31T14:38:25+00:00","twitter_card":"summary_large_image","twitter_misc":{"Gesch\u00e4tzte Lesezeit":"1\u00a0Minute"},"schema":{"@context":"https:\/\/schema.org","@graph":[{"@type":"WebPage","@id":"https:\/\/xn--grtter-4ya.de\/?page_id=259","url":"https:\/\/xn--grtter-4ya.de\/?page_id=259","name":"Medikament\u00f6se Therapie der Fehlgeburt - Dr. med. Gr\u00fctter - Zentrum f\u00fcr Frauengesundheit","isPartOf":{"@id":"https:\/\/xn--grtter-4ya.de\/#website"},"datePublished":"2020-12-30T15:56:15+00:00","dateModified":"2020-12-31T14:38:25+00:00","breadcrumb":{"@id":"https:\/\/xn--grtter-4ya.de\/?page_id=259#breadcrumb"},"inLanguage":"de","potentialAction":[{"@type":"ReadAction","target":["https:\/\/xn--grtter-4ya.de\/?page_id=259"]}]},{"@type":"BreadcrumbList","@id":"https:\/\/xn--grtter-4ya.de\/?page_id=259#breadcrumb","itemListElement":[{"@type":"ListItem","position":1,"name":"Startseite","item":"https:\/\/xn--grtter-4ya.de\/"},{"@type":"ListItem","position":2,"name":"Medikament\u00f6se Therapie der Fehlgeburt"}]},{"@type":"WebSite","@id":"https:\/\/xn--grtter-4ya.de\/#website","url":"https:\/\/xn--grtter-4ya.de\/","name":"Dr. med. Gr\u00fctter","description":"","publisher":{"@id":"https:\/\/xn--grtter-4ya.de\/#organization"},"potentialAction":[{"@type":"SearchAction","target":{"@type":"EntryPoint","urlTemplate":"https:\/\/xn--grtter-4ya.de\/?s={search_term_string}"},"query-input":{"@type":"PropertyValueSpecification","valueRequired":true,"valueName":"search_term_string"}}],"inLanguage":"de"},{"@type":"Organization","@id":"https:\/\/xn--grtter-4ya.de\/#organization","name":"Dr. med. Gr\u00fctter","url":"https:\/\/xn--grtter-4ya.de\/","logo":{"@type":"ImageObject","inLanguage":"de","@id":"https:\/\/xn--grtter-4ya.de\/#\/schema\/logo\/image\/","url":"http:\/\/xn--grtter-4ya.de\/wp-content\/uploads\/2020\/03\/logo_praxis.gif","contentUrl":"http:\/\/xn--grtter-4ya.de\/wp-content\/uploads\/2020\/03\/logo_praxis.gif","width":500,"height":302,"caption":"Dr. med. Gr\u00fctter"},"image":{"@id":"https:\/\/xn--grtter-4ya.de\/#\/schema\/logo\/image\/"}}]}},"_links":{"self":[{"href":"http:\/\/xn--grtter-4ya.de\/index.php?rest_route=\/wp\/v2\/pages\/259","targetHints":{"allow":["GET"]}}],"collection":[{"href":"http:\/\/xn--grtter-4ya.de\/index.php?rest_route=\/wp\/v2\/pages"}],"about":[{"href":"http:\/\/xn--grtter-4ya.de\/index.php?rest_route=\/wp\/v2\/types\/page"}],"author":[{"embeddable":true,"href":"http:\/\/xn--grtter-4ya.de\/index.php?rest_route=\/wp\/v2\/users\/1"}],"replies":[{"embeddable":true,"href":"http:\/\/xn--grtter-4ya.de\/index.php?rest_route=%2Fwp%2Fv2%2Fcomments&post=259"}],"version-history":[{"count":5,"href":"http:\/\/xn--grtter-4ya.de\/index.php?rest_route=\/wp\/v2\/pages\/259\/revisions"}],"predecessor-version":[{"id":280,"href":"http:\/\/xn--grtter-4ya.de\/index.php?rest_route=\/wp\/v2\/pages\/259\/revisions\/280"}],"wp:attachment":[{"href":"http:\/\/xn--grtter-4ya.de\/index.php?rest_route=%2Fwp%2Fv2%2Fmedia&parent=259"}],"curies":[{"name":"wp","href":"https:\/\/api.w.org\/{rel}","templated":true}]}}