{"id":241,"date":"2020-12-30T10:36:57","date_gmt":"2020-12-30T10:36:57","guid":{"rendered":"http:\/\/xn--grtter-4ya.de\/?page_id=241"},"modified":"2026-04-25T11:25:08","modified_gmt":"2026-04-25T11:25:08","slug":"ambulante-operation-spiraleinlage-unter-narkose-schamlippenverkleinerung","status":"publish","type":"page","link":"http:\/\/xn--grtter-4ya.de\/?page_id=241","title":{"rendered":"Ambulante Operation"},"content":{"rendered":"\n<p><\/p>\n\n\n\n<p class=\"has-drop-cap\">Ambulantes Operieren bedeutet, dass die geplante Operation in&nbsp;der Praxis , also nicht im Krankenhaus, durchgef\u00fchrt wird. Wir arbeiten mit Frau&nbsp;Dr. med. Evelyn Dohnalek Fach\u00e4rztin f\u00fcr An\u00e4sthesie,&nbsp; vertrauensvoll zusammen. Die erfahrene&nbsp; Narkose\u00e4rztin \u00fcberwacht die Patientin vor, w\u00e4hrend&nbsp;und nach der Operation&nbsp;. Voraussetzung f\u00fcr die Durchf\u00fchrung einer ambulanten OP ist ein guter Allgemeinzustand der Patientin, ohne Risikovorerkrankungen.<br>Die Patientin erholt sich nach dem Eingriff unter \u00e4rztlicher Aufsicht im Aufwachraum und wird nach entsprechender Beobachtungszeit von einem Angeh\u00f6rigen nach Hause begleitet, wo sie sich in bekannter Umgebung erholen kann.<br>Die h\u00e4usliche Versorgung nach dem operativen Eingriff durch Angeh\u00f6rige sollte gew\u00e4hrleistet sein. Der Operateur ist nach der OP Tag und Nacht telefonisch erreichbar.<\/p>\n\n\n\n<figure class=\"wp-block-image size-large\"><img loading=\"lazy\" decoding=\"async\" width=\"576\" height=\"1024\" src=\"http:\/\/xn--grtter-4ya.de\/wp-content\/uploads\/2020\/03\/IMG-20200307-WA0002-2-576x1024.jpg\" alt=\"\" class=\"wp-image-108\" srcset=\"http:\/\/xn--grtter-4ya.de\/wp-content\/uploads\/2020\/03\/IMG-20200307-WA0002-2-576x1024.jpg 576w, http:\/\/xn--grtter-4ya.de\/wp-content\/uploads\/2020\/03\/IMG-20200307-WA0002-2-169x300.jpg 169w, http:\/\/xn--grtter-4ya.de\/wp-content\/uploads\/2020\/03\/IMG-20200307-WA0002-2.jpg 747w\" sizes=\"auto, (max-width: 576px) 100vw, 576px\" \/><figcaption class=\"wp-element-caption\">OP Team<\/figcaption><\/figure>\n\n\n\n<p>Etliche frauen\u00e4rztliche Eingriffe eignen sich besonders gut dazu, ambulant durchgef\u00fchrt zu werden. Dazu geh\u00f6ren:&nbsp;<\/p>\n\n\n\n<figure class=\"wp-block-image size-large\"><img loading=\"lazy\" decoding=\"async\" width=\"484\" height=\"1024\" src=\"https:\/\/xn--grtter-4ya.de\/wp-content\/uploads\/2026\/04\/IMG_3997-484x1024.jpeg\" alt=\"\" class=\"wp-image-1055\" srcset=\"http:\/\/xn--grtter-4ya.de\/wp-content\/uploads\/2026\/04\/IMG_3997-484x1024.jpeg 484w, http:\/\/xn--grtter-4ya.de\/wp-content\/uploads\/2026\/04\/IMG_3997-142x300.jpeg 142w, http:\/\/xn--grtter-4ya.de\/wp-content\/uploads\/2026\/04\/IMG_3997-rotated.jpeg 605w\" sizes=\"auto, (max-width: 484px) 100vw, 484px\" \/><\/figure>\n\n\n\n<hr class=\"wp-block-separator has-css-opacity\"\/>\n\n\n\n<p><strong>Abrasio\/Kurettage&nbsp;(Ausschabung)<\/strong><\/p>\n\n\n\n<ul class=\"wp-block-list\">\n<li>bei Fehlgeburten (<strong>Saugk\u00fcrettage<\/strong> )<\/li>\n\n\n\n<li>bei Blutungsst\u00f6rungen<\/li>\n\n\n\n<li>Entfernung und Einlage&nbsp;von Spiralen in Narkose<\/li>\n<\/ul>\n\n\n\n<p><strong>Hysteroskopie (Spiegelung der Geb\u00e4rmutterh\u00f6hle)<\/strong><\/p>\n\n\n\n<ul class=\"wp-block-list\">\n<li>Abkl\u00e4rung von Blutungsst\u00f6rungen<\/li>\n\n\n\n<li>Polypentfernung<\/li>\n\n\n\n<li>Goldnetz (NovaSure): moderne Behandlung bei starker Regelblutung<\/li>\n<\/ul>\n\n\n\n<p><strong>Konisation<\/strong><\/p>\n\n\n\n<ul class=\"wp-block-list\">\n<li>Kegelf\u00f6rmige Ausschneidung am Muttermund \u2013 bei auff\u00e4lligen Abstrichen<\/li>\n<\/ul>\n\n\n\n<p><strong>Operationen am \u00e4u\u00dferen Genitale<\/strong><\/p>\n\n\n\n<ul class=\"wp-block-list\">\n<li>Entfernung von Feigwarzen (Kondylomen)<\/li>\n\n\n\n<li>Marsupialisation schmerzhafter Zysten der Schamlippen (Bartholin-Zysten), Abszessen<\/li>\n\n\n\n<li>Vulva- und Vagina-Probeentnahmen<\/li>\n<\/ul>\n\n\n\n<figure class=\"wp-block-image size-large\"><img loading=\"lazy\" decoding=\"async\" width=\"1024\" height=\"768\" src=\"http:\/\/xn--grtter-4ya.de\/wp-content\/uploads\/2020\/03\/IMG-20191123-WA0000-1024x768.jpg\" alt=\"\" class=\"wp-image-101\" srcset=\"http:\/\/xn--grtter-4ya.de\/wp-content\/uploads\/2020\/03\/IMG-20191123-WA0000-1024x768.jpg 1024w, http:\/\/xn--grtter-4ya.de\/wp-content\/uploads\/2020\/03\/IMG-20191123-WA0000-300x225.jpg 300w, http:\/\/xn--grtter-4ya.de\/wp-content\/uploads\/2020\/03\/IMG-20191123-WA0000-768x576.jpg 768w, http:\/\/xn--grtter-4ya.de\/wp-content\/uploads\/2020\/03\/IMG-20191123-WA0000-1536x1152.jpg 1536w, http:\/\/xn--grtter-4ya.de\/wp-content\/uploads\/2020\/03\/IMG-20191123-WA0000.jpg 1600w\" sizes=\"auto, (max-width: 706px) 89vw, (max-width: 767px) 82vw, 740px\" \/><figcaption class=\"wp-element-caption\">Raum f\u00fcr Eingriffe<\/figcaption><\/figure>\n\n\n\n<h4 class=\"wp-block-heading\"><strong>Genitalchirurgie \/ Intimchirurgie<\/strong><\/h4>\n\n\n\n<ul class=\"wp-block-list\">\n<li>Schamlippenverkleinerung&nbsp;<\/li>\n\n\n\n<li>Schamlippenkorrektur&nbsp;&nbsp;<\/li>\n\n\n\n<li>Wiederherstellung des Jungfernh\u00e4utchens (Hymen)&nbsp;<\/li>\n\n\n\n<li>Hymenrekonstruktion (Hymenalplastik)&nbsp;<\/li>\n\n\n\n<li>Dammschnitt \u2013 Korrektur nach Geburt (Dammkorrektur)&nbsp;<\/li>\n\n\n\n<li>G-Punkt \u2013 Intensivierung mit Hyalurons\u00e4ure (g-spot, G Punkt)&nbsp;<\/li>\n\n\n\n<li>Vagi\u00adnis\u00admus Therapie&nbsp; (Schei\u00adden\u00adkrampf) durch&nbsp;<strong>Injektion von Botulinum Toxin<\/strong><\/li>\n<\/ul>\n\n\n\n<figure class=\"wp-block-image size-large\"><img loading=\"lazy\" decoding=\"async\" width=\"301\" height=\"450\" src=\"http:\/\/xn--grtter-4ya.de\/wp-content\/uploads\/2020\/03\/schamlippen-zertifikat.jpg\" alt=\"\" class=\"wp-image-94\" srcset=\"http:\/\/xn--grtter-4ya.de\/wp-content\/uploads\/2020\/03\/schamlippen-zertifikat.jpg 301w, http:\/\/xn--grtter-4ya.de\/wp-content\/uploads\/2020\/03\/schamlippen-zertifikat-201x300.jpg 201w\" sizes=\"auto, (max-width: 301px) 100vw, 301px\" \/><\/figure>\n","protected":false},"excerpt":{"rendered":"<p>Ambulantes Operieren bedeutet, dass die geplante Operation in&nbsp;der Praxis , also nicht im Krankenhaus, durchgef\u00fchrt wird. Wir arbeiten mit Frau&nbsp;Dr. med. Evelyn Dohnalek Fach\u00e4rztin f\u00fcr An\u00e4sthesie,&nbsp; vertrauensvoll zusammen. Die erfahrene&nbsp; Narkose\u00e4rztin \u00fcberwacht die Patientin vor, w\u00e4hrend&nbsp;und nach der Operation&nbsp;. Voraussetzung f\u00fcr die Durchf\u00fchrung einer ambulanten OP ist ein guter Allgemeinzustand der Patientin, ohne Risikovorerkrankungen.Die Patientin &hellip; <\/p>\n<p class=\"link-more\"><a href=\"http:\/\/xn--grtter-4ya.de\/?page_id=241\" class=\"more-link\"><span class=\"screen-reader-text\">\u201eAmbulante Operation\u201c <\/span>weiterlesen<\/a><\/p>\n","protected":false},"author":1,"featured_media":0,"parent":0,"menu_order":0,"comment_status":"closed","ping_status":"closed","template":"","meta":{"footnotes":""},"class_list":["post-241","page","type-page","status-publish","hentry"],"yoast_head":"<!-- This site is optimized with the Yoast SEO plugin v27.6 - https:\/\/yoast.com\/product\/yoast-seo-wordpress\/ -->\n<title>Ambulante Operation - Dr. med. Gr\u00fctter - Zentrum f\u00fcr Frauengesundheit<\/title>\n<meta name=\"description\" content=\"Spiraleinlage Schamlippenverkleinerung unter Narkose in Ahaus Borken sanft, stressfrei mit professioneller medizinischer Betreuung auf Wunsch diskret und einf\u00fchlsam\" \/>\n<meta name=\"robots\" content=\"index, follow, max-snippet:-1, max-image-preview:large, max-video-preview:-1\" \/>\n<link rel=\"canonical\" href=\"http:\/\/xn--grtter-4ya.de\/?page_id=241\" \/>\n<meta property=\"og:locale\" content=\"de_DE\" \/>\n<meta property=\"og:type\" content=\"article\" \/>\n<meta property=\"og:title\" content=\"Ambulante Operation - Dr. med. Gr\u00fctter - Zentrum f\u00fcr Frauengesundheit\" \/>\n<meta property=\"og:description\" content=\"Spiraleinlage Schamlippenverkleinerung unter Narkose in Ahaus Borken sanft, stressfrei mit professioneller medizinischer Betreuung auf Wunsch diskret und einf\u00fchlsam\" \/>\n<meta property=\"og:url\" content=\"http:\/\/xn--grtter-4ya.de\/?page_id=241\" \/>\n<meta property=\"og:site_name\" content=\"Dr. med. Gr\u00fctter - Zentrum f\u00fcr Frauengesundheit\" \/>\n<meta property=\"article:modified_time\" content=\"2026-04-25T11:25:08+00:00\" \/>\n<meta property=\"og:image\" content=\"http:\/\/xn--grtter-4ya.de\/wp-content\/uploads\/2020\/03\/IMG-20200307-WA0002-2-576x1024.jpg\" \/>\n<meta name=\"twitter:card\" content=\"summary_large_image\" \/>\n<meta name=\"twitter:label1\" content=\"Gesch\u00e4tzte Lesezeit\" \/>\n\t<meta name=\"twitter:data1\" content=\"3\u00a0Minuten\" \/>\n<script type=\"application\/ld+json\" class=\"yoast-schema-graph\">{\"@context\":\"https:\\\/\\\/schema.org\",\"@graph\":[{\"@type\":\"WebPage\",\"@id\":\"http:\\\/\\\/xn--grtter-4ya.de\\\/?page_id=241\",\"url\":\"http:\\\/\\\/xn--grtter-4ya.de\\\/?page_id=241\",\"name\":\"Ambulante Operation - Dr. med. Gr\u00fctter - Zentrum f\u00fcr Frauengesundheit\",\"isPartOf\":{\"@id\":\"http:\\\/\\\/xn--grtter-4ya.de\\\/#website\"},\"primaryImageOfPage\":{\"@id\":\"http:\\\/\\\/xn--grtter-4ya.de\\\/?page_id=241#primaryimage\"},\"image\":{\"@id\":\"http:\\\/\\\/xn--grtter-4ya.de\\\/?page_id=241#primaryimage\"},\"thumbnailUrl\":\"http:\\\/\\\/xn--grtter-4ya.de\\\/wp-content\\\/uploads\\\/2020\\\/03\\\/IMG-20200307-WA0002-2-576x1024.jpg\",\"datePublished\":\"2020-12-30T10:36:57+00:00\",\"dateModified\":\"2026-04-25T11:25:08+00:00\",\"description\":\"Spiraleinlage Schamlippenverkleinerung unter Narkose in Ahaus Borken sanft, stressfrei mit professioneller medizinischer Betreuung auf Wunsch diskret und einf\u00fchlsam\",\"breadcrumb\":{\"@id\":\"http:\\\/\\\/xn--grtter-4ya.de\\\/?page_id=241#breadcrumb\"},\"inLanguage\":\"de\",\"potentialAction\":[{\"@type\":\"ReadAction\",\"target\":[\"http:\\\/\\\/xn--grtter-4ya.de\\\/?page_id=241\"]}]},{\"@type\":\"ImageObject\",\"inLanguage\":\"de\",\"@id\":\"http:\\\/\\\/xn--grtter-4ya.de\\\/?page_id=241#primaryimage\",\"url\":\"http:\\\/\\\/xn--grtter-4ya.de\\\/wp-content\\\/uploads\\\/2020\\\/03\\\/IMG-20200307-WA0002-2.jpg\",\"contentUrl\":\"http:\\\/\\\/xn--grtter-4ya.de\\\/wp-content\\\/uploads\\\/2020\\\/03\\\/IMG-20200307-WA0002-2.jpg\",\"width\":747,\"height\":1328},{\"@type\":\"BreadcrumbList\",\"@id\":\"http:\\\/\\\/xn--grtter-4ya.de\\\/?page_id=241#breadcrumb\",\"itemListElement\":[{\"@type\":\"ListItem\",\"position\":1,\"name\":\"Startseite\",\"item\":\"http:\\\/\\\/xn--grtter-4ya.de\\\/\"},{\"@type\":\"ListItem\",\"position\":2,\"name\":\"Ambulante Operation\"}]},{\"@type\":\"WebSite\",\"@id\":\"http:\\\/\\\/xn--grtter-4ya.de\\\/#website\",\"url\":\"http:\\\/\\\/xn--grtter-4ya.de\\\/\",\"name\":\"Dr. med. Gr\u00fctter\",\"description\":\"\",\"publisher\":{\"@id\":\"http:\\\/\\\/xn--grtter-4ya.de\\\/#organization\"},\"potentialAction\":[{\"@type\":\"SearchAction\",\"target\":{\"@type\":\"EntryPoint\",\"urlTemplate\":\"http:\\\/\\\/xn--grtter-4ya.de\\\/?s={search_term_string}\"},\"query-input\":{\"@type\":\"PropertyValueSpecification\",\"valueRequired\":true,\"valueName\":\"search_term_string\"}}],\"inLanguage\":\"de\"},{\"@type\":\"Organization\",\"@id\":\"http:\\\/\\\/xn--grtter-4ya.de\\\/#organization\",\"name\":\"Dr. med. Gr\u00fctter\",\"url\":\"http:\\\/\\\/xn--grtter-4ya.de\\\/\",\"logo\":{\"@type\":\"ImageObject\",\"inLanguage\":\"de\",\"@id\":\"http:\\\/\\\/xn--grtter-4ya.de\\\/#\\\/schema\\\/logo\\\/image\\\/\",\"url\":\"http:\\\/\\\/xn--grtter-4ya.de\\\/wp-content\\\/uploads\\\/2020\\\/03\\\/logo_praxis.gif\",\"contentUrl\":\"http:\\\/\\\/xn--grtter-4ya.de\\\/wp-content\\\/uploads\\\/2020\\\/03\\\/logo_praxis.gif\",\"width\":500,\"height\":302,\"caption\":\"Dr. med. Gr\u00fctter\"},\"image\":{\"@id\":\"http:\\\/\\\/xn--grtter-4ya.de\\\/#\\\/schema\\\/logo\\\/image\\\/\"}}]}<\/script>\n<!-- \/ Yoast SEO plugin. -->","yoast_head_json":{"title":"Ambulante Operation - Dr. med. Gr\u00fctter - Zentrum f\u00fcr Frauengesundheit","description":"Spiraleinlage Schamlippenverkleinerung unter Narkose in Ahaus Borken sanft, stressfrei mit professioneller medizinischer Betreuung auf Wunsch diskret und einf\u00fchlsam","robots":{"index":"index","follow":"follow","max-snippet":"max-snippet:-1","max-image-preview":"max-image-preview:large","max-video-preview":"max-video-preview:-1"},"canonical":"http:\/\/xn--grtter-4ya.de\/?page_id=241","og_locale":"de_DE","og_type":"article","og_title":"Ambulante Operation - Dr. med. Gr\u00fctter - Zentrum f\u00fcr Frauengesundheit","og_description":"Spiraleinlage Schamlippenverkleinerung unter Narkose in Ahaus Borken sanft, stressfrei mit professioneller medizinischer Betreuung auf Wunsch diskret und einf\u00fchlsam","og_url":"http:\/\/xn--grtter-4ya.de\/?page_id=241","og_site_name":"Dr. med. Gr\u00fctter - Zentrum f\u00fcr Frauengesundheit","article_modified_time":"2026-04-25T11:25:08+00:00","og_image":[{"url":"http:\/\/xn--grtter-4ya.de\/wp-content\/uploads\/2020\/03\/IMG-20200307-WA0002-2-576x1024.jpg","type":"","width":"","height":""}],"twitter_card":"summary_large_image","twitter_misc":{"Gesch\u00e4tzte Lesezeit":"3\u00a0Minuten"},"schema":{"@context":"https:\/\/schema.org","@graph":[{"@type":"WebPage","@id":"http:\/\/xn--grtter-4ya.de\/?page_id=241","url":"http:\/\/xn--grtter-4ya.de\/?page_id=241","name":"Ambulante Operation - Dr. med. Gr\u00fctter - Zentrum f\u00fcr Frauengesundheit","isPartOf":{"@id":"http:\/\/xn--grtter-4ya.de\/#website"},"primaryImageOfPage":{"@id":"http:\/\/xn--grtter-4ya.de\/?page_id=241#primaryimage"},"image":{"@id":"http:\/\/xn--grtter-4ya.de\/?page_id=241#primaryimage"},"thumbnailUrl":"http:\/\/xn--grtter-4ya.de\/wp-content\/uploads\/2020\/03\/IMG-20200307-WA0002-2-576x1024.jpg","datePublished":"2020-12-30T10:36:57+00:00","dateModified":"2026-04-25T11:25:08+00:00","description":"Spiraleinlage Schamlippenverkleinerung unter Narkose in Ahaus Borken sanft, stressfrei mit professioneller medizinischer Betreuung auf Wunsch diskret und einf\u00fchlsam","breadcrumb":{"@id":"http:\/\/xn--grtter-4ya.de\/?page_id=241#breadcrumb"},"inLanguage":"de","potentialAction":[{"@type":"ReadAction","target":["http:\/\/xn--grtter-4ya.de\/?page_id=241"]}]},{"@type":"ImageObject","inLanguage":"de","@id":"http:\/\/xn--grtter-4ya.de\/?page_id=241#primaryimage","url":"http:\/\/xn--grtter-4ya.de\/wp-content\/uploads\/2020\/03\/IMG-20200307-WA0002-2.jpg","contentUrl":"http:\/\/xn--grtter-4ya.de\/wp-content\/uploads\/2020\/03\/IMG-20200307-WA0002-2.jpg","width":747,"height":1328},{"@type":"BreadcrumbList","@id":"http:\/\/xn--grtter-4ya.de\/?page_id=241#breadcrumb","itemListElement":[{"@type":"ListItem","position":1,"name":"Startseite","item":"http:\/\/xn--grtter-4ya.de\/"},{"@type":"ListItem","position":2,"name":"Ambulante Operation"}]},{"@type":"WebSite","@id":"http:\/\/xn--grtter-4ya.de\/#website","url":"http:\/\/xn--grtter-4ya.de\/","name":"Dr. med. Gr\u00fctter","description":"","publisher":{"@id":"http:\/\/xn--grtter-4ya.de\/#organization"},"potentialAction":[{"@type":"SearchAction","target":{"@type":"EntryPoint","urlTemplate":"http:\/\/xn--grtter-4ya.de\/?s={search_term_string}"},"query-input":{"@type":"PropertyValueSpecification","valueRequired":true,"valueName":"search_term_string"}}],"inLanguage":"de"},{"@type":"Organization","@id":"http:\/\/xn--grtter-4ya.de\/#organization","name":"Dr. med. Gr\u00fctter","url":"http:\/\/xn--grtter-4ya.de\/","logo":{"@type":"ImageObject","inLanguage":"de","@id":"http:\/\/xn--grtter-4ya.de\/#\/schema\/logo\/image\/","url":"http:\/\/xn--grtter-4ya.de\/wp-content\/uploads\/2020\/03\/logo_praxis.gif","contentUrl":"http:\/\/xn--grtter-4ya.de\/wp-content\/uploads\/2020\/03\/logo_praxis.gif","width":500,"height":302,"caption":"Dr. med. Gr\u00fctter"},"image":{"@id":"http:\/\/xn--grtter-4ya.de\/#\/schema\/logo\/image\/"}}]}},"_links":{"self":[{"href":"http:\/\/xn--grtter-4ya.de\/index.php?rest_route=\/wp\/v2\/pages\/241","targetHints":{"allow":["GET"]}}],"collection":[{"href":"http:\/\/xn--grtter-4ya.de\/index.php?rest_route=\/wp\/v2\/pages"}],"about":[{"href":"http:\/\/xn--grtter-4ya.de\/index.php?rest_route=\/wp\/v2\/types\/page"}],"author":[{"embeddable":true,"href":"http:\/\/xn--grtter-4ya.de\/index.php?rest_route=\/wp\/v2\/users\/1"}],"replies":[{"embeddable":true,"href":"http:\/\/xn--grtter-4ya.de\/index.php?rest_route=%2Fwp%2Fv2%2Fcomments&post=241"}],"version-history":[{"count":16,"href":"http:\/\/xn--grtter-4ya.de\/index.php?rest_route=\/wp\/v2\/pages\/241\/revisions"}],"predecessor-version":[{"id":1056,"href":"http:\/\/xn--grtter-4ya.de\/index.php?rest_route=\/wp\/v2\/pages\/241\/revisions\/1056"}],"wp:attachment":[{"href":"http:\/\/xn--grtter-4ya.de\/index.php?rest_route=%2Fwp%2Fv2%2Fmedia&parent=241"}],"curies":[{"name":"wp","href":"https:\/\/api.w.org\/{rel}","templated":true}]}}