{"id":18,"date":"2020-03-06T14:59:33","date_gmt":"2020-03-06T14:59:33","guid":{"rendered":"http:\/\/xn--grtter-4ya.de\/?page_id=18"},"modified":"2021-04-29T19:07:09","modified_gmt":"2021-04-29T19:07:09","slug":"datenschutzerklaerung-fuer-die-nutzung-der-webseite","status":"publish","type":"page","link":"http:\/\/xn--grtter-4ya.de\/?page_id=18","title":{"rendered":"Datenschutzerkl\u00e4rung f\u00fcr die Nutzung der Webseite"},"content":{"rendered":"\n<p><strong>1. Name und Kontaktdaten des f\u00fcr die Verarbeitung Verantwortlichen<\/strong><\/p>\n\n\n\n<p>Diese Datenschutzhinweise gelten f\u00fcr die Datenverarbeitung durch:<\/p>\n\n\n\n<p>Dr. med. Gr\u00fctter<\/p>\n\n\n\n<p>Der betriebliche Datenschutzbeauftragte ist unter diesen Kontaktdaten erreichbar.<\/p>\n\n\n\n<p>o.gruetter@gmx.de<\/p>\n\n\n\n<p><strong>2. Erhebung und Speicherung personenbezogener Daten sowie Art und Zweck von deren Verwendung<\/strong><\/p>\n\n\n\n<p>Beim Aufrufen unserer Webseite http:\/\/www.gr\u00fctter.de werden durch den auf Ihrem Endger\u00e4t zum Einsatz kommenden Browser automatisch Informationen an den Server unserer Webseite gesendet. Diese Informationen werden tempor\u00e4r in einem sog. Logfile gespeichert. Folgende Informationen werden dabei ohne Ihr Zutun erfasst und bis zur automatisierten L\u00f6schung gespeichert:<\/p>\n\n\n\n<ul class=\"wp-block-list\"><li>IP-Adresse des anfragenden Rechners,<\/li><li>Datum und Uhrzeit des Zugriffs,<\/li><li>Name und URL der abgerufenen Datei,<\/li><li>Webseite, von der aus der Zugriff erfolgt (Referrer-URL),<\/li><li>verwendeter Browser und ggf. das Betriebssystem Ihres Rechners sowie der Name Ihres Access-Providers.<\/li><\/ul>\n\n\n\n<p>Die genannten Daten werden durch uns zu folgenden Zwecken verarbeitet:<\/p>\n\n\n\n<ul class=\"wp-block-list\"><li>Gew\u00e4hrleistung eines reibungslosen Verbindungs-aufbaus der Webseite,<\/li><li>Gew\u00e4hrleistung einer komfortablen Nutzung unserer Webseite,<\/li><li>Auswertung der Systemsicherheit und -stabilit\u00e4t sowie<\/li><li>zu weiteren administrativen Zwecken.<\/li><\/ul>\n\n\n\n<p>Die Rechtsgrundlage f\u00fcr die Datenverarbeitung ist Art. 6 Abs. 1 S. 1 lit. f DSGVO. Unser berechtigtes Interesse folgt aus oben aufgelisteten Zwecken zur Datenerhebung. In keinem Fall verwenden wir die erhobenen Daten zu dem Zweck, R\u00fcckschl\u00fcsse auf Ihre Person zu ziehen.<\/p>\n\n\n\n<p><strong>3. Weitergabe von Daten<br>\n<\/strong>Eine \u00dcbermittlung Ihrer pers\u00f6nlichen Daten an Dritte zu anderen als den im Folgenden aufgef\u00fchrten Zwecken findet nicht statt. Wir geben Ihre pers\u00f6nlichen Daten nur an Dritte weiter, wenn:<\/p>\n\n\n\n<ul class=\"wp-block-list\"><li>Sie Ihre nach Art. 6 Abs. 1 S. 1 lit. a DSGVO ausdr\u00fcckliche Einwilligung dazu erteilt haben,<\/li><li>die Weitergabe nach Art. 6 Abs. 1 S. 1 lit. f DSGVO zur Geltendmachung, Aus\u00fcbung oder Verteidigung von Rechtsanspr\u00fcchen erforderlich ist und kein Grund zur Annahme besteht, dass Sie ein \u00fcberwiegendes schutzw\u00fcrdiges Interesse an der Nichtweitergabe Ihrer Daten haben,<\/li><li>f\u00fcr den Fall, dass f\u00fcr die Weitergabe nach Art. 6 Abs. 1 S. 1 lit. c DSGVO eine gesetzliche Verpflichtung besteht, sowie<\/li><li>dies gesetzlich zul\u00e4ssig und nach Art. 6 Abs. 1 S. 1 lit. b DSGVO f\u00fcr die Abwicklung von Vertragsverh\u00e4ltnissen mit Ihnen erforderlich ist.<\/li><\/ul>\n\n\n\n<p><strong>4. Cookies<br> <\/strong>Wir setzen auf unserer Seite keine Cookies ein und verwenden keine sog. Tracking-Tools.<\/p>\n\n\n\n<p><strong>5. Social Media<\/strong><\/p>\n\n\n\n<p>Wir verlinken auf unserer Webseite auf Grundlage des Art. 6 Abs. 1 S. 1 lit. f DSGVO auf das soziale Netzwerk &#8222;Facebook&#8220;, um unsere Patientinnen \u00fcber aktuelles zu unserer Praxis zu informieren und diese hier\u00fcber bekannter zu machen. Der dahinter stehende werbliche Zweck ist als berechtigtes Interesse im Sinne der DSGVO anzusehen. Die Verantwortung f\u00fcr den datenschutzkonformen Betrieb ist durch deren jeweiligen Anbieter zu gew\u00e4hrleisten.<\/p>\n\n\n\n<p>Wenn Sie auf einen auf unseren Seiten befindlichen Link oder Button von Facebook klicken, baut Ihr Browser eine direkte Verbindung mit den Servern von Facebook auf. Dadurch erh\u00e4lt Facebook die Information, dass Ihr Browser die entsprechende Seite unseres Webauftritts aufgerufen hat, auch wenn Sie dort kein eigenes Konto besitzen oder gerade nicht dort eingeloggt sind. Diese Information (einschlie\u00dflich Ihrer IP-Adresse) wird von Ihrem Browser direkt an einen Server von Facebook in den USA \u00fcbermittelt und dort gespeichert.<\/p>\n\n\n\n<p>Sind Sie bei Facebook eingeloggt, kann Facebook bzw. den Besuch unserer Webseite Ihrem Konto direkt zuordnen. Wenn Sie interagieren, zum Beispiel den \u201eLIKE\u201c oder \u201eTEILEN\u201c-Button bet\u00e4tigen, wird die entsprechende Information ebenfalls direkt an einen Server von Facebook \u00fcbermittelt und dort gespeichert. Die Informationen werden zudem auf Facebook ver\u00f6ffentlicht und Dritten angezeigt.<\/p>\n\n\n\n<p>Facebook kann diese Informationen zum Zwecke der Werbung, Marktforschung und bedarfsgerechten Gestaltung ihrer Seiten benutzen. Hierzu werden Nutzungs-, Interessen- und Beziehungsprofile erstellt, z.B. um Ihre Nutzung unserer Webseite im Hinblick auf die Ihnen eingeblendeten Werbeanzeigen auszuwerten, andere Nutzer \u00fcber Ihre Aktivit\u00e4ten auf unserer Webseite zu informieren und um weitere Dienstleistungen zu erbringen. Wenn Sie nicht m\u00f6chten, dass Facebook die \u00fcber unseren Webauftritt gesammelten Daten Ihrem Konto zuordnet, sollten Sie auf die Nutzung dieses Angebots verzichten, sich jedenfalls aber vor Ihrem Besuch unserer Webseite dort ausloggen.<\/p>\n\n\n\n<p>Ihnen steht ein Widerspruchsrecht gegen die Bildung dieser Nutzerprofile zu, das Sie direkt gegen\u00fcber Facebook aus\u00fcben k\u00f6nnen und m\u00fcssen.<\/p>\n\n\n\n<p>Zweck und Umfang der Datenerhebung und die weitere Verarbeitung und Nutzung der Daten durch Facebook sowie Ihre diesbez\u00fcglichen Rechte und Einstellungsm\u00f6glichkeiten zum Schutz Ihrer Privatsph\u00e4re entnehmen Sie bitte den Datenschutzhinweisen von Facebook:<\/p>\n\n\n\n<p><\/p>\n\n\n\n<p><\/p>\n\n\n\n<p>&#8211; Facebook:&nbsp;<a href=\"https:\/\/www.facebook.com\/about\/privacy\/update\">Facebook Inc., 1601 S California Ave, Palo Alto, California 94304, USA<\/a><\/p>\n\n\n\n<p><\/p>\n\n\n\n<p><strong>6. Google Maps<\/strong><\/p>\n\n\n\n<p>Auf unserer Webseite nutzen wir auch Google Maps. Die Nutzung von Google Maps erfolgt im Interesse einer ansprechenden Darstellung unseres Internet-Auftritts und dient der leichteren Auffindbarkeit unserer Praxis. Dies stellt ein berechtigtes Interesse im Sinne der DSGVO dar.<\/p>\n\n\n\n<p>Durch die Nutzung dieses Angebots auf unserer Webseite erh\u00e4lt Google die Informationen, dass Sie diese Seite aufgerufen haben. Zudem werden die vorstehend in Ziffer 2. genannten Daten \u00fcbermittelt. Dies erfolgt unabh\u00e4ngig davon, ob Sie \u00fcber ein Benutzerkonto bei Google eingeloggt sind oder nicht. Wenn Sie jedoch \u00fcber ein Benutzerkonto bei Google eingeloggt sind, werden diese Daten direkt Ihrem Konto zugeordnet.<\/p>\n\n\n\n<p>Google kann diese Informationen zum Zwecke der Werbung, Marktforschung und bedarfsgerechten Gestaltung seiner Seiten benutzen. Hierzu werden Nutzungs-, Interessen- und Beziehungsprofile erstellt, z.B. um Ihre Nutzung unserer Webseite im Hinblick auf die Ihnen eingeblendeten Werbeanzeigen auszuwerten, andere Nutzer \u00fcber Ihre Aktivit\u00e4ten auf unserer Webseite zu informieren und um weitere Dienstleistungen zu erbringen. Wenn Sie nicht m\u00f6chten, dass Google die \u00fcber unseren Webauftritt gesammelten Daten Ihrem Konto zuordnet, sollten Sie auf die Nutzung dieses Angebots verzichten, sich jedenfalls aber vor Ihrem Besuch unserer Webseite dort ausloggen.<\/p>\n\n\n\n<p>Ihnen steht ein Widerspruchsrecht gegen die Bildung dieser Nutzerprofile zu, das Sie direkt gegen\u00fcber Google aus\u00fcben k\u00f6nnen und m\u00fcssen.<\/p>\n\n\n\n<p>Zweck und Umfang der Datenerhebung und die weitere Verarbeitung und Nutzung der Daten durch Google sowie Ihre diesbez\u00fcglichen Rechte und Einstellungsm\u00f6glichkeiten zum Schutz Ihrer Privatsph\u00e4re entnehmen Sie bitte den Datenschutzhinweisen von Google:<\/p>\n\n\n\n<p><a href=\"https:\/\/policies.google.com\/privacy\/update?hl=de&amp;gl=de\">&#8211; Google Inc., 1600 Amphitheatre Parkway, Mountainview, California 94043, USA<\/a><\/p>\n\n\n\n<p><\/p>\n\n\n\n<p><strong>7. Betroffenenrechte<\/strong><\/p>\n\n\n\n<p>Sie haben das Recht:<\/p>\n\n\n\n<ul class=\"wp-block-list\"><li>gem\u00e4\u00df Art. 15 DSGVO Auskunft \u00fcber Ihre von uns verarbeiteten personenbezogenen Daten zu verlangen. Insbesondere k\u00f6nnen Sie Auskunft \u00fcber die Verarbeitungszwecke, die Kategorie der personenbezogenen Daten, die Kategorien von Empf\u00e4ngern, gegen\u00fcber denen Ihre Daten offen gelegt wurden oder werden, die geplante Speicherdauer, das Bestehen eines Rechts auf Berichtigung, L\u00f6schung, Einschr\u00e4nkung der Verarbeitung oder Widerspruch, das Bestehen eines Beschwerderechts, die Herkunft ihrer Daten, sofern diese nicht bei uns erhoben wurden, sowie \u00fcber das Bestehen einer automatisierten Entscheidungsfindung einschlie\u00dflich Profiling und ggf. aussagekr\u00e4ftigen Informationen zu deren Einzelheiten verlangen;<\/li><li>gem\u00e4\u00df Art. 16 DSGVO unverz\u00fcglich die Berichtigung unrichtiger oder Vervollst\u00e4ndigung Ihrer bei uns gespeicherten personenbezogenen Daten zu verlangen;<\/li><li>gem\u00e4\u00df Art. 17 DSGVO die L\u00f6schung Ihrer bei uns gespeicherten personenbezogenen Daten zu verlangen, soweit nicht die Verarbeitung zur Aus\u00fcbung des Rechts auf freie Meinungs\u00e4u\u00dferung und Information, zur Erf\u00fcllung einer rechtlichen Verpflichtung, aus Gr\u00fcnden des \u00f6ffentlichen Interesses oder zur Geltendmachung, Aus\u00fcbung oder Verteidigung von Rechtsanspr\u00fcchen erforderlich ist;<\/li><li>gem\u00e4\u00df Art. 18 DSGVO die Einschr\u00e4nkung der Verarbeitung Ihrer personenbezogenen Daten zu verlangen, soweit die Richtigkeit der Daten von Ihnen bestritten wird, die Verarbeitung unrechtm\u00e4\u00dfig ist, Sie aber deren L\u00f6schung ablehnen und wir die Daten nicht mehr ben\u00f6tigen, Sie jedoch diese zur Geltendmachung, Aus\u00fcbung oder Verteidigung von Rechtsanspr\u00fcchen ben\u00f6tigen oder Sie gem\u00e4\u00df Art. 21 DSGVO Widerspruch gegen die Verarbeitung eingelegt haben;<\/li><li>gem\u00e4\u00df Art. 20 DSGVO Ihre personenbezogenen Daten, die Sie uns bereitgestellt haben, in einem strukturierten, g\u00e4ngigen und maschinenlesebaren Format zu erhalten oder die \u00dcbermittlung an einen anderen Verantwortlichen zu verlangen;<\/li><li>gem\u00e4\u00df Art. 7 Abs. 3 DSGVO Ihre einmal erteilte Einwilligung jederzeit gegen\u00fcber uns zu widerrufen. Dies hat zur Folge, dass wir die Datenverarbeitung, die auf dieser Einwilligung beruhte, f\u00fcr die Zukunft nicht mehr fortf\u00fchren d\u00fcrfen und<\/li><li>gem\u00e4\u00df Art. 77 DSGVO sich bei einer Aufsichtsbeh\u00f6rde zu beschweren. In der Regel k\u00f6nnen Sie sich hierf\u00fcr an die Aufsichtsbeh\u00f6rde Ihres \u00fcblichen Aufenthaltsortes oder Arbeitsplatzes oder unseres Kanzleisitzes wenden.<\/li><\/ul>\n\n\n\n<p><strong>8. Widerspruchsrecht<\/strong><\/p>\n\n\n\n<p>Sofern Ihre personenbezogenen Daten auf Grundlage von berechtigten Interessen gem\u00e4\u00df Art. 6 Abs. 1 S. 1 lit. f DSGVO verarbeitet werden, haben Sie das Recht, gem\u00e4\u00df Art. 21 DSGVO Widerspruch gegen die Verarbeitung Ihrer personenbezogenen Daten einzulegen, soweit daf\u00fcr Gr\u00fcnde vorliegen, die sich aus Ihrer besonderen Situation ergeben oder sich der Widerspruch gegen Direktwerbung richtet. Im letzteren Fall haben Sie ein generelles Widerspruchsrecht, das ohne Angabe einer besonderen Situation von uns umgesetzt wird.<\/p>\n\n\n\n<p>M\u00f6chten Sie von Ihrem Widerrufs- oder Widerspruchsrecht Gebrauch machen, gen\u00fcgt jede Kontaktaufnahme mit uns \u00fcber die oben in Ziffer 1. genannten Kontaktm\u00f6glichkeiten.<\/p>\n\n\n\n<p><\/p>\n\n\n\n<div style=\"height:100px\" aria-hidden=\"true\" class=\"wp-block-spacer\"><\/div>\n\n\n\n<p>Dr. med . Gr\u00fctter<\/p>\n\n\n\n<p>Ludgerusweg 3<\/p>\n\n\n\n<p>48683 Ahaus<\/p>\n\n\n\n<p>Tel.: 0 25 61 \/ 96 16 63 \u2013 Fax: 0 25 61 \/ 96 16 65<\/p>\n\n\n\n<p><\/p>\n","protected":false},"excerpt":{"rendered":"<p>1. Name und Kontaktdaten des f\u00fcr die Verarbeitung Verantwortlichen Diese Datenschutzhinweise gelten f\u00fcr die Datenverarbeitung durch: Dr. med. Gr\u00fctter Der betriebliche Datenschutzbeauftragte ist unter diesen Kontaktdaten erreichbar. o.gruetter@gmx.de 2. Erhebung und Speicherung personenbezogener Daten sowie Art und Zweck von deren Verwendung Beim Aufrufen unserer Webseite http:\/\/www.gr\u00fctter.de werden durch den auf Ihrem Endger\u00e4t zum Einsatz kommenden &hellip; <\/p>\n<p class=\"link-more\"><a href=\"http:\/\/xn--grtter-4ya.de\/?page_id=18\" class=\"more-link\"><span class=\"screen-reader-text\">\u201eDatenschutzerkl\u00e4rung f\u00fcr die Nutzung der Webseite\u201c <\/span>weiterlesen<\/a><\/p>\n","protected":false},"author":1,"featured_media":0,"parent":0,"menu_order":0,"comment_status":"closed","ping_status":"closed","template":"","meta":{"footnotes":""},"class_list":["post-18","page","type-page","status-publish","hentry"],"yoast_head":"<!-- This site is optimized with the Yoast SEO plugin v27.6 - https:\/\/yoast.com\/product\/yoast-seo-wordpress\/ -->\n<title>Datenschutzerkl\u00e4rung f\u00fcr die Nutzung der Webseite - Dr. med. Gr\u00fctter - Zentrum f\u00fcr Frauengesundheit<\/title>\n<meta name=\"robots\" content=\"index, follow, max-snippet:-1, max-image-preview:large, max-video-preview:-1\" \/>\n<link rel=\"canonical\" href=\"http:\/\/xn--grtter-4ya.de\/?page_id=18\" \/>\n<meta property=\"og:locale\" content=\"de_DE\" \/>\n<meta property=\"og:type\" content=\"article\" \/>\n<meta property=\"og:title\" content=\"Datenschutzerkl\u00e4rung f\u00fcr die Nutzung der Webseite - Dr. med. Gr\u00fctter - Zentrum f\u00fcr Frauengesundheit\" \/>\n<meta property=\"og:description\" content=\"1. Name und Kontaktdaten des f\u00fcr die Verarbeitung Verantwortlichen Diese Datenschutzhinweise gelten f\u00fcr die Datenverarbeitung durch: Dr. med. Gr\u00fctter Der betriebliche Datenschutzbeauftragte ist unter diesen Kontaktdaten erreichbar. o.gruetter@gmx.de 2. Erhebung und Speicherung personenbezogener Daten sowie Art und Zweck von deren Verwendung Beim Aufrufen unserer Webseite http:\/\/www.gr\u00fctter.de werden durch den auf Ihrem Endger\u00e4t zum Einsatz kommenden &hellip; \u201eDatenschutzerkl\u00e4rung f\u00fcr die Nutzung der Webseite\u201c weiterlesen\" \/>\n<meta property=\"og:url\" content=\"http:\/\/xn--grtter-4ya.de\/?page_id=18\" \/>\n<meta property=\"og:site_name\" content=\"Dr. med. Gr\u00fctter - Zentrum f\u00fcr Frauengesundheit\" \/>\n<meta property=\"article:modified_time\" content=\"2021-04-29T19:07:09+00:00\" \/>\n<meta name=\"twitter:card\" content=\"summary_large_image\" \/>\n<meta name=\"twitter:label1\" content=\"Gesch\u00e4tzte Lesezeit\" \/>\n\t<meta name=\"twitter:data1\" content=\"7\u00a0Minuten\" \/>\n<script type=\"application\/ld+json\" class=\"yoast-schema-graph\">{\"@context\":\"https:\\\/\\\/schema.org\",\"@graph\":[{\"@type\":\"WebPage\",\"@id\":\"http:\\\/\\\/xn--grtter-4ya.de\\\/?page_id=18\",\"url\":\"http:\\\/\\\/xn--grtter-4ya.de\\\/?page_id=18\",\"name\":\"Datenschutzerkl\u00e4rung f\u00fcr die Nutzung der Webseite - Dr. med. Gr\u00fctter - Zentrum f\u00fcr Frauengesundheit\",\"isPartOf\":{\"@id\":\"http:\\\/\\\/xn--grtter-4ya.de\\\/#website\"},\"datePublished\":\"2020-03-06T14:59:33+00:00\",\"dateModified\":\"2021-04-29T19:07:09+00:00\",\"breadcrumb\":{\"@id\":\"http:\\\/\\\/xn--grtter-4ya.de\\\/?page_id=18#breadcrumb\"},\"inLanguage\":\"de\",\"potentialAction\":[{\"@type\":\"ReadAction\",\"target\":[\"http:\\\/\\\/xn--grtter-4ya.de\\\/?page_id=18\"]}]},{\"@type\":\"BreadcrumbList\",\"@id\":\"http:\\\/\\\/xn--grtter-4ya.de\\\/?page_id=18#breadcrumb\",\"itemListElement\":[{\"@type\":\"ListItem\",\"position\":1,\"name\":\"Startseite\",\"item\":\"http:\\\/\\\/xn--grtter-4ya.de\\\/\"},{\"@type\":\"ListItem\",\"position\":2,\"name\":\"Datenschutzerkl\u00e4rung f\u00fcr die Nutzung der Webseite\"}]},{\"@type\":\"WebSite\",\"@id\":\"http:\\\/\\\/xn--grtter-4ya.de\\\/#website\",\"url\":\"http:\\\/\\\/xn--grtter-4ya.de\\\/\",\"name\":\"Dr. med. Gr\u00fctter\",\"description\":\"\",\"publisher\":{\"@id\":\"http:\\\/\\\/xn--grtter-4ya.de\\\/#organization\"},\"potentialAction\":[{\"@type\":\"SearchAction\",\"target\":{\"@type\":\"EntryPoint\",\"urlTemplate\":\"http:\\\/\\\/xn--grtter-4ya.de\\\/?s={search_term_string}\"},\"query-input\":{\"@type\":\"PropertyValueSpecification\",\"valueRequired\":true,\"valueName\":\"search_term_string\"}}],\"inLanguage\":\"de\"},{\"@type\":\"Organization\",\"@id\":\"http:\\\/\\\/xn--grtter-4ya.de\\\/#organization\",\"name\":\"Dr. med. Gr\u00fctter\",\"url\":\"http:\\\/\\\/xn--grtter-4ya.de\\\/\",\"logo\":{\"@type\":\"ImageObject\",\"inLanguage\":\"de\",\"@id\":\"http:\\\/\\\/xn--grtter-4ya.de\\\/#\\\/schema\\\/logo\\\/image\\\/\",\"url\":\"http:\\\/\\\/xn--grtter-4ya.de\\\/wp-content\\\/uploads\\\/2020\\\/03\\\/logo_praxis.gif\",\"contentUrl\":\"http:\\\/\\\/xn--grtter-4ya.de\\\/wp-content\\\/uploads\\\/2020\\\/03\\\/logo_praxis.gif\",\"width\":500,\"height\":302,\"caption\":\"Dr. med. Gr\u00fctter\"},\"image\":{\"@id\":\"http:\\\/\\\/xn--grtter-4ya.de\\\/#\\\/schema\\\/logo\\\/image\\\/\"}}]}<\/script>\n<!-- \/ Yoast SEO plugin. -->","yoast_head_json":{"title":"Datenschutzerkl\u00e4rung f\u00fcr die Nutzung der Webseite - Dr. med. Gr\u00fctter - Zentrum f\u00fcr Frauengesundheit","robots":{"index":"index","follow":"follow","max-snippet":"max-snippet:-1","max-image-preview":"max-image-preview:large","max-video-preview":"max-video-preview:-1"},"canonical":"http:\/\/xn--grtter-4ya.de\/?page_id=18","og_locale":"de_DE","og_type":"article","og_title":"Datenschutzerkl\u00e4rung f\u00fcr die Nutzung der Webseite - Dr. med. Gr\u00fctter - Zentrum f\u00fcr Frauengesundheit","og_description":"1. Name und Kontaktdaten des f\u00fcr die Verarbeitung Verantwortlichen Diese Datenschutzhinweise gelten f\u00fcr die Datenverarbeitung durch: Dr. med. Gr\u00fctter Der betriebliche Datenschutzbeauftragte ist unter diesen Kontaktdaten erreichbar. o.gruetter@gmx.de 2. Erhebung und Speicherung personenbezogener Daten sowie Art und Zweck von deren Verwendung Beim Aufrufen unserer Webseite http:\/\/www.gr\u00fctter.de werden durch den auf Ihrem Endger\u00e4t zum Einsatz kommenden &hellip; \u201eDatenschutzerkl\u00e4rung f\u00fcr die Nutzung der Webseite\u201c weiterlesen","og_url":"http:\/\/xn--grtter-4ya.de\/?page_id=18","og_site_name":"Dr. med. Gr\u00fctter - Zentrum f\u00fcr Frauengesundheit","article_modified_time":"2021-04-29T19:07:09+00:00","twitter_card":"summary_large_image","twitter_misc":{"Gesch\u00e4tzte Lesezeit":"7\u00a0Minuten"},"schema":{"@context":"https:\/\/schema.org","@graph":[{"@type":"WebPage","@id":"http:\/\/xn--grtter-4ya.de\/?page_id=18","url":"http:\/\/xn--grtter-4ya.de\/?page_id=18","name":"Datenschutzerkl\u00e4rung f\u00fcr die Nutzung der Webseite - Dr. med. Gr\u00fctter - Zentrum f\u00fcr Frauengesundheit","isPartOf":{"@id":"http:\/\/xn--grtter-4ya.de\/#website"},"datePublished":"2020-03-06T14:59:33+00:00","dateModified":"2021-04-29T19:07:09+00:00","breadcrumb":{"@id":"http:\/\/xn--grtter-4ya.de\/?page_id=18#breadcrumb"},"inLanguage":"de","potentialAction":[{"@type":"ReadAction","target":["http:\/\/xn--grtter-4ya.de\/?page_id=18"]}]},{"@type":"BreadcrumbList","@id":"http:\/\/xn--grtter-4ya.de\/?page_id=18#breadcrumb","itemListElement":[{"@type":"ListItem","position":1,"name":"Startseite","item":"http:\/\/xn--grtter-4ya.de\/"},{"@type":"ListItem","position":2,"name":"Datenschutzerkl\u00e4rung f\u00fcr die Nutzung der Webseite"}]},{"@type":"WebSite","@id":"http:\/\/xn--grtter-4ya.de\/#website","url":"http:\/\/xn--grtter-4ya.de\/","name":"Dr. med. Gr\u00fctter","description":"","publisher":{"@id":"http:\/\/xn--grtter-4ya.de\/#organization"},"potentialAction":[{"@type":"SearchAction","target":{"@type":"EntryPoint","urlTemplate":"http:\/\/xn--grtter-4ya.de\/?s={search_term_string}"},"query-input":{"@type":"PropertyValueSpecification","valueRequired":true,"valueName":"search_term_string"}}],"inLanguage":"de"},{"@type":"Organization","@id":"http:\/\/xn--grtter-4ya.de\/#organization","name":"Dr. med. Gr\u00fctter","url":"http:\/\/xn--grtter-4ya.de\/","logo":{"@type":"ImageObject","inLanguage":"de","@id":"http:\/\/xn--grtter-4ya.de\/#\/schema\/logo\/image\/","url":"http:\/\/xn--grtter-4ya.de\/wp-content\/uploads\/2020\/03\/logo_praxis.gif","contentUrl":"http:\/\/xn--grtter-4ya.de\/wp-content\/uploads\/2020\/03\/logo_praxis.gif","width":500,"height":302,"caption":"Dr. med. Gr\u00fctter"},"image":{"@id":"http:\/\/xn--grtter-4ya.de\/#\/schema\/logo\/image\/"}}]}},"_links":{"self":[{"href":"http:\/\/xn--grtter-4ya.de\/index.php?rest_route=\/wp\/v2\/pages\/18","targetHints":{"allow":["GET"]}}],"collection":[{"href":"http:\/\/xn--grtter-4ya.de\/index.php?rest_route=\/wp\/v2\/pages"}],"about":[{"href":"http:\/\/xn--grtter-4ya.de\/index.php?rest_route=\/wp\/v2\/types\/page"}],"author":[{"embeddable":true,"href":"http:\/\/xn--grtter-4ya.de\/index.php?rest_route=\/wp\/v2\/users\/1"}],"replies":[{"embeddable":true,"href":"http:\/\/xn--grtter-4ya.de\/index.php?rest_route=%2Fwp%2Fv2%2Fcomments&post=18"}],"version-history":[{"count":9,"href":"http:\/\/xn--grtter-4ya.de\/index.php?rest_route=\/wp\/v2\/pages\/18\/revisions"}],"predecessor-version":[{"id":336,"href":"http:\/\/xn--grtter-4ya.de\/index.php?rest_route=\/wp\/v2\/pages\/18\/revisions\/336"}],"wp:attachment":[{"href":"http:\/\/xn--grtter-4ya.de\/index.php?rest_route=%2Fwp%2Fv2%2Fmedia&parent=18"}],"curies":[{"name":"wp","href":"https:\/\/api.w.org\/{rel}","templated":true}]}}