{"id":141,"date":"2022-05-04T16:32:00","date_gmt":"2022-05-04T16:32:00","guid":{"rendered":"http:\/\/xn--grtter-4ya.de\/?page_id=141"},"modified":"2020-12-30T16:14:35","modified_gmt":"2020-12-30T16:14:35","slug":"dysplasiesprechstunde","status":"publish","type":"page","link":"http:\/\/xn--grtter-4ya.de\/?page_id=141","title":{"rendered":"&#8212;"},"content":{"rendered":"\n<p class=\"has-drop-cap\">Die Dysplasiesprechstunde \u2013 Ahaus ist eine Spezialsprechstunde, die der Erkennung von Krebsvorstufen des Geb\u00e4rmutterhalses, der Scheide sowie der \u00e4u\u00dferen Genitalregion dient. Den ersten Hinweis auf eine solche Ver\u00e4nderung liefert in der Regel ein auff\u00e4lliges Ergebnis des Vorsorgeabstrichs. Hauptursache von Dysplasien sind anhaltende Infektionen mit HPV Viren vom Typ high-risk.&nbsp;<\/p>\n\n\n\n<p class=\"has-drop-cap\">Die meisten HPV Infektionen sowie daraus resultierende Krebsvorstufen heilt ihr K\u00f6rper selbst aus. In einigen F\u00e4llen allerdings verl\u00e4uft die Infektion chronisch und es kann sich \u00fcber Jahre hinweg eine b\u00f6sartige Erkrankung aus einer Krebsvorstufe entwickeln. Die von uns durchgef\u00fchrten Untersuchungen haben zum Ziel, zwischen der Notwendigkeit einer OP und der M\u00f6glichkeit abzuwarten, unterscheiden zu k\u00f6nnen. Unter Ber\u00fccksichtigung der erhobenen Befunde sowie der aktuellen Lebenssituation erstellen wir mit Ihnen sowie in R\u00fccksprache mit Ihrem behandelnden Frauenarzt ein individuelles Behandlungskonzept.<\/p>\n\n\n\n<p>Falls eine gewebeschonende Entfernung notwendig ist, kann dieser Eingriff in unserem ambulanten Op durchgef\u00fchrt werden.<\/p>\n\n\n\n<p class=\"has-drop-cap\">Die wichtigste Untersuchungsmethode in der Dysplasiesprechstunde stellt die Abkl\u00e4rungskolposkopie dar. Hierbei wird das betroffene Areal nach entsprechender Anf\u00e4rbung (Essigs\u00e4ure, Jod) mit Vergr\u00f6\u00dferung (Kolposkopie) beurteilt und gegebenenfalls eine gezielte Probeentnahme durchgef\u00fchrt. Die Untersuchung ist in aller Regel nicht schmerzhaft und kann je nach Wunsch auf einem Bildschirm live mitverfolgt werden.&nbsp;<\/p>\n\n\n\n<p class=\"has-drop-cap\">Neben der Untersuchung von Krebsvorstufen behandeln wir in der Dysplasiesprechstunde ebenfalls chronische Hauterkrankungen und Infektionen, Genitalwarzen (durch HPV low-risk Viren ausgel\u00f6st) sowie Schmerzsyndrome im Genitalbereich. Au\u00dferdem beraten wir Sie gerne rund um das Thema HPV Infektion und Impfung.<\/p>\n\n\n\n<p class=\"has-drop-cap\">Einen Termin in unserer Dysplasiesprechstunde vereinbaren Sie telefonisch. Wir bitten Sie eine \u00dcberweisung sowie vorhandene Vorbefunde am Untersuchungstag mitzubringen. Blutverd\u00fcnnende Medikamente (z.B. Aspirin, Marcumar) sollten, wenn m\u00f6glich und nach R\u00fccksprache mit dem Hausarzt, eine Woche vor der Untersuchung pausiert werden.&nbsp;<\/p>\n\n\n\n<figure class=\"wp-block-image size-large\"><img loading=\"lazy\" decoding=\"async\" width=\"718\" height=\"1024\" src=\"http:\/\/xn--grtter-4ya.de\/wp-content\/uploads\/2020\/08\/diplom_dr_rath-718x1024.jpg\" alt=\"\" class=\"wp-image-193\" srcset=\"http:\/\/xn--grtter-4ya.de\/wp-content\/uploads\/2020\/08\/diplom_dr_rath-718x1024.jpg 718w, http:\/\/xn--grtter-4ya.de\/wp-content\/uploads\/2020\/08\/diplom_dr_rath-210x300.jpg 210w, http:\/\/xn--grtter-4ya.de\/wp-content\/uploads\/2020\/08\/diplom_dr_rath-768x1095.jpg 768w, http:\/\/xn--grtter-4ya.de\/wp-content\/uploads\/2020\/08\/diplom_dr_rath-1077x1536.jpg 1077w, http:\/\/xn--grtter-4ya.de\/wp-content\/uploads\/2020\/08\/diplom_dr_rath.jpg 1182w\" sizes=\"auto, (max-width: 718px) 100vw, 718px\" \/><\/figure>\n","protected":false},"excerpt":{"rendered":"<p>Die Dysplasiesprechstunde \u2013 Ahaus ist eine Spezialsprechstunde, die der Erkennung von Krebsvorstufen des Geb\u00e4rmutterhalses, der Scheide sowie der \u00e4u\u00dferen Genitalregion dient. Den ersten Hinweis auf eine solche Ver\u00e4nderung liefert in der Regel ein auff\u00e4lliges Ergebnis des Vorsorgeabstrichs. Hauptursache von Dysplasien sind anhaltende Infektionen mit HPV Viren vom Typ high-risk.&nbsp; Die meisten HPV Infektionen sowie daraus &hellip; <\/p>\n<p class=\"link-more\"><a href=\"http:\/\/xn--grtter-4ya.de\/?page_id=141\" class=\"more-link\"><span class=\"screen-reader-text\">\u201e&#8212;\u201c <\/span>weiterlesen<\/a><\/p>\n","protected":false},"author":1,"featured_media":0,"parent":0,"menu_order":0,"comment_status":"closed","ping_status":"closed","template":"","meta":{"footnotes":""},"class_list":["post-141","page","type-page","status-publish","hentry"],"yoast_head":"<!-- This site is optimized with the Yoast SEO plugin v27.5 - https:\/\/yoast.com\/product\/yoast-seo-wordpress\/ -->\n<title>- Dr. med. Gr\u00fctter - Zentrum f\u00fcr Frauengesundheit<\/title>\n<meta name=\"robots\" content=\"index, follow, max-snippet:-1, max-image-preview:large, max-video-preview:-1\" \/>\n<link rel=\"canonical\" href=\"http:\/\/xn--grtter-4ya.de\/?page_id=141\" \/>\n<meta property=\"og:locale\" content=\"de_DE\" \/>\n<meta property=\"og:type\" content=\"article\" \/>\n<meta property=\"og:title\" content=\"- Dr. med. Gr\u00fctter - Zentrum f\u00fcr Frauengesundheit\" \/>\n<meta property=\"og:description\" content=\"Die Dysplasiesprechstunde \u2013 Ahaus ist eine Spezialsprechstunde, die der Erkennung von Krebsvorstufen des Geb\u00e4rmutterhalses, der Scheide sowie der \u00e4u\u00dferen Genitalregion dient. Den ersten Hinweis auf eine solche Ver\u00e4nderung liefert in der Regel ein auff\u00e4lliges Ergebnis des Vorsorgeabstrichs. Hauptursache von Dysplasien sind anhaltende Infektionen mit HPV Viren vom Typ high-risk.&nbsp; Die meisten HPV Infektionen sowie daraus &hellip; \u201e&#8212;\u201c weiterlesen\" \/>\n<meta property=\"og:url\" content=\"http:\/\/xn--grtter-4ya.de\/?page_id=141\" \/>\n<meta property=\"og:site_name\" content=\"Dr. med. Gr\u00fctter - Zentrum f\u00fcr Frauengesundheit\" \/>\n<meta property=\"og:image\" content=\"http:\/\/xn--grtter-4ya.de\/wp-content\/uploads\/2020\/08\/diplom_dr_rath-718x1024.jpg\" \/>\n<meta name=\"twitter:card\" content=\"summary_large_image\" \/>\n<meta name=\"twitter:label1\" content=\"Gesch\u00e4tzte Lesezeit\" \/>\n\t<meta name=\"twitter:data1\" content=\"1\u00a0Minute\" \/>\n<script type=\"application\/ld+json\" class=\"yoast-schema-graph\">{\"@context\":\"https:\\\/\\\/schema.org\",\"@graph\":[{\"@type\":\"WebPage\",\"@id\":\"http:\\\/\\\/xn--grtter-4ya.de\\\/?page_id=141\",\"url\":\"http:\\\/\\\/xn--grtter-4ya.de\\\/?page_id=141\",\"name\":\"- Dr. med. Gr\u00fctter - Zentrum f\u00fcr Frauengesundheit\",\"isPartOf\":{\"@id\":\"https:\\\/\\\/xn--grtter-4ya.de\\\/#website\"},\"primaryImageOfPage\":{\"@id\":\"http:\\\/\\\/xn--grtter-4ya.de\\\/?page_id=141#primaryimage\"},\"image\":{\"@id\":\"http:\\\/\\\/xn--grtter-4ya.de\\\/?page_id=141#primaryimage\"},\"thumbnailUrl\":\"http:\\\/\\\/xn--grtter-4ya.de\\\/wp-content\\\/uploads\\\/2020\\\/08\\\/diplom_dr_rath-718x1024.jpg\",\"datePublished\":\"2022-05-04T16:32:00+00:00\",\"breadcrumb\":{\"@id\":\"http:\\\/\\\/xn--grtter-4ya.de\\\/?page_id=141#breadcrumb\"},\"inLanguage\":\"de\",\"potentialAction\":[{\"@type\":\"ReadAction\",\"target\":[\"http:\\\/\\\/xn--grtter-4ya.de\\\/?page_id=141\"]}]},{\"@type\":\"ImageObject\",\"inLanguage\":\"de\",\"@id\":\"http:\\\/\\\/xn--grtter-4ya.de\\\/?page_id=141#primaryimage\",\"url\":\"http:\\\/\\\/xn--grtter-4ya.de\\\/wp-content\\\/uploads\\\/2020\\\/08\\\/diplom_dr_rath.jpg\",\"contentUrl\":\"http:\\\/\\\/xn--grtter-4ya.de\\\/wp-content\\\/uploads\\\/2020\\\/08\\\/diplom_dr_rath.jpg\",\"width\":1182,\"height\":1686},{\"@type\":\"BreadcrumbList\",\"@id\":\"http:\\\/\\\/xn--grtter-4ya.de\\\/?page_id=141#breadcrumb\",\"itemListElement\":[{\"@type\":\"ListItem\",\"position\":1,\"name\":\"Startseite\",\"item\":\"https:\\\/\\\/xn--grtter-4ya.de\\\/\"},{\"@type\":\"ListItem\",\"position\":2,\"name\":\"&#8212;\"}]},{\"@type\":\"WebSite\",\"@id\":\"https:\\\/\\\/xn--grtter-4ya.de\\\/#website\",\"url\":\"https:\\\/\\\/xn--grtter-4ya.de\\\/\",\"name\":\"Dr. med. Gr\u00fctter\",\"description\":\"\",\"publisher\":{\"@id\":\"https:\\\/\\\/xn--grtter-4ya.de\\\/#organization\"},\"potentialAction\":[{\"@type\":\"SearchAction\",\"target\":{\"@type\":\"EntryPoint\",\"urlTemplate\":\"https:\\\/\\\/xn--grtter-4ya.de\\\/?s={search_term_string}\"},\"query-input\":{\"@type\":\"PropertyValueSpecification\",\"valueRequired\":true,\"valueName\":\"search_term_string\"}}],\"inLanguage\":\"de\"},{\"@type\":\"Organization\",\"@id\":\"https:\\\/\\\/xn--grtter-4ya.de\\\/#organization\",\"name\":\"Dr. med. Gr\u00fctter\",\"url\":\"https:\\\/\\\/xn--grtter-4ya.de\\\/\",\"logo\":{\"@type\":\"ImageObject\",\"inLanguage\":\"de\",\"@id\":\"https:\\\/\\\/xn--grtter-4ya.de\\\/#\\\/schema\\\/logo\\\/image\\\/\",\"url\":\"http:\\\/\\\/xn--grtter-4ya.de\\\/wp-content\\\/uploads\\\/2020\\\/03\\\/logo_praxis.gif\",\"contentUrl\":\"http:\\\/\\\/xn--grtter-4ya.de\\\/wp-content\\\/uploads\\\/2020\\\/03\\\/logo_praxis.gif\",\"width\":500,\"height\":302,\"caption\":\"Dr. med. Gr\u00fctter\"},\"image\":{\"@id\":\"https:\\\/\\\/xn--grtter-4ya.de\\\/#\\\/schema\\\/logo\\\/image\\\/\"}}]}<\/script>\n<!-- \/ Yoast SEO plugin. -->","yoast_head_json":{"title":"- Dr. med. Gr\u00fctter - Zentrum f\u00fcr Frauengesundheit","robots":{"index":"index","follow":"follow","max-snippet":"max-snippet:-1","max-image-preview":"max-image-preview:large","max-video-preview":"max-video-preview:-1"},"canonical":"http:\/\/xn--grtter-4ya.de\/?page_id=141","og_locale":"de_DE","og_type":"article","og_title":"- Dr. med. Gr\u00fctter - Zentrum f\u00fcr Frauengesundheit","og_description":"Die Dysplasiesprechstunde \u2013 Ahaus ist eine Spezialsprechstunde, die der Erkennung von Krebsvorstufen des Geb\u00e4rmutterhalses, der Scheide sowie der \u00e4u\u00dferen Genitalregion dient. Den ersten Hinweis auf eine solche Ver\u00e4nderung liefert in der Regel ein auff\u00e4lliges Ergebnis des Vorsorgeabstrichs. Hauptursache von Dysplasien sind anhaltende Infektionen mit HPV Viren vom Typ high-risk.&nbsp; Die meisten HPV Infektionen sowie daraus &hellip; \u201e&#8212;\u201c weiterlesen","og_url":"http:\/\/xn--grtter-4ya.de\/?page_id=141","og_site_name":"Dr. med. Gr\u00fctter - Zentrum f\u00fcr Frauengesundheit","og_image":[{"url":"http:\/\/xn--grtter-4ya.de\/wp-content\/uploads\/2020\/08\/diplom_dr_rath-718x1024.jpg","type":"","width":"","height":""}],"twitter_card":"summary_large_image","twitter_misc":{"Gesch\u00e4tzte Lesezeit":"1\u00a0Minute"},"schema":{"@context":"https:\/\/schema.org","@graph":[{"@type":"WebPage","@id":"http:\/\/xn--grtter-4ya.de\/?page_id=141","url":"http:\/\/xn--grtter-4ya.de\/?page_id=141","name":"- Dr. med. Gr\u00fctter - Zentrum f\u00fcr Frauengesundheit","isPartOf":{"@id":"https:\/\/xn--grtter-4ya.de\/#website"},"primaryImageOfPage":{"@id":"http:\/\/xn--grtter-4ya.de\/?page_id=141#primaryimage"},"image":{"@id":"http:\/\/xn--grtter-4ya.de\/?page_id=141#primaryimage"},"thumbnailUrl":"http:\/\/xn--grtter-4ya.de\/wp-content\/uploads\/2020\/08\/diplom_dr_rath-718x1024.jpg","datePublished":"2022-05-04T16:32:00+00:00","breadcrumb":{"@id":"http:\/\/xn--grtter-4ya.de\/?page_id=141#breadcrumb"},"inLanguage":"de","potentialAction":[{"@type":"ReadAction","target":["http:\/\/xn--grtter-4ya.de\/?page_id=141"]}]},{"@type":"ImageObject","inLanguage":"de","@id":"http:\/\/xn--grtter-4ya.de\/?page_id=141#primaryimage","url":"http:\/\/xn--grtter-4ya.de\/wp-content\/uploads\/2020\/08\/diplom_dr_rath.jpg","contentUrl":"http:\/\/xn--grtter-4ya.de\/wp-content\/uploads\/2020\/08\/diplom_dr_rath.jpg","width":1182,"height":1686},{"@type":"BreadcrumbList","@id":"http:\/\/xn--grtter-4ya.de\/?page_id=141#breadcrumb","itemListElement":[{"@type":"ListItem","position":1,"name":"Startseite","item":"https:\/\/xn--grtter-4ya.de\/"},{"@type":"ListItem","position":2,"name":"&#8212;"}]},{"@type":"WebSite","@id":"https:\/\/xn--grtter-4ya.de\/#website","url":"https:\/\/xn--grtter-4ya.de\/","name":"Dr. med. Gr\u00fctter","description":"","publisher":{"@id":"https:\/\/xn--grtter-4ya.de\/#organization"},"potentialAction":[{"@type":"SearchAction","target":{"@type":"EntryPoint","urlTemplate":"https:\/\/xn--grtter-4ya.de\/?s={search_term_string}"},"query-input":{"@type":"PropertyValueSpecification","valueRequired":true,"valueName":"search_term_string"}}],"inLanguage":"de"},{"@type":"Organization","@id":"https:\/\/xn--grtter-4ya.de\/#organization","name":"Dr. med. Gr\u00fctter","url":"https:\/\/xn--grtter-4ya.de\/","logo":{"@type":"ImageObject","inLanguage":"de","@id":"https:\/\/xn--grtter-4ya.de\/#\/schema\/logo\/image\/","url":"http:\/\/xn--grtter-4ya.de\/wp-content\/uploads\/2020\/03\/logo_praxis.gif","contentUrl":"http:\/\/xn--grtter-4ya.de\/wp-content\/uploads\/2020\/03\/logo_praxis.gif","width":500,"height":302,"caption":"Dr. med. Gr\u00fctter"},"image":{"@id":"https:\/\/xn--grtter-4ya.de\/#\/schema\/logo\/image\/"}}]}},"_links":{"self":[{"href":"http:\/\/xn--grtter-4ya.de\/index.php?rest_route=\/wp\/v2\/pages\/141","targetHints":{"allow":["GET"]}}],"collection":[{"href":"http:\/\/xn--grtter-4ya.de\/index.php?rest_route=\/wp\/v2\/pages"}],"about":[{"href":"http:\/\/xn--grtter-4ya.de\/index.php?rest_route=\/wp\/v2\/types\/page"}],"author":[{"embeddable":true,"href":"http:\/\/xn--grtter-4ya.de\/index.php?rest_route=\/wp\/v2\/users\/1"}],"replies":[{"embeddable":true,"href":"http:\/\/xn--grtter-4ya.de\/index.php?rest_route=%2Fwp%2Fv2%2Fcomments&post=141"}],"version-history":[{"count":7,"href":"http:\/\/xn--grtter-4ya.de\/index.php?rest_route=\/wp\/v2\/pages\/141\/revisions"}],"predecessor-version":[{"id":267,"href":"http:\/\/xn--grtter-4ya.de\/index.php?rest_route=\/wp\/v2\/pages\/141\/revisions\/267"}],"wp:attachment":[{"href":"http:\/\/xn--grtter-4ya.de\/index.php?rest_route=%2Fwp%2Fv2%2Fmedia&parent=141"}],"curies":[{"name":"wp","href":"https:\/\/api.w.org\/{rel}","templated":true}]}}